{"id":94784,"date":"2024-02-08T22:48:34","date_gmt":"2024-02-08T21:48:34","guid":{"rendered":"https:\/\/one-horizon.ch\/product\/kit-de-demarrage-pour-savons-au-sel\/"},"modified":"2026-04-05T17:59:49","modified_gmt":"2026-04-05T15:59:49","slug":"kit-de-demarrage-au-sel-et-au-savon","status":"publish","type":"product","link":"https:\/\/one-horizon.ch\/fr\/product\/kit-de-demarrage-au-sel-et-au-savon\/","title":{"rendered":"Kit de d\u00e9marrage pour savons au sel"},"content":{"rendered":"<p><strong>Le bundle contient 5 savons pour les mains diff\u00e9rents.<\/strong><\/p>\n<p>Un exercice d&#8217;\u00e9quilibre. Frais et d\u00e9licieux avec un soup\u00e7on de g\u00e9ranium rosat pour quelques notes florales douces et arrondies. Apaisant et r\u00e9confortant, jamais accablant.<\/p>\n<p>Utilisez-le dans la douche \u00e0 la place du gel, dans la baignoire ou \u00e0 c\u00f4t\u00e9 de l&#8217;\u00e9vier de votre salle de bains ou de votre cuisine. Ce savon laisse une sensation de peau nettoy\u00e9e, fra\u00eeche et hydrat\u00e9e.<\/p>\n<p><strong>Poids : 120g<\/strong><\/p>\n<p><em>sans parab\u00e8nes &#8211; sans huile de palme &#8211; non test\u00e9 sur les animaux &#8211; v\u00e9g\u00e9talien<\/em><\/p>\n<p>Ici, pas de place pour le plastique &#8211; tous les savons sont vendus dans des bo\u00eetes fabriqu\u00e9es \u00e0 partir de gobelets de caf\u00e9 recycl\u00e9s. 100 % recycl\u00e9 et recyclable.<\/p>\n<p>Fait \u00e0 la main et unique &#8211; le poids du savon peut varier de quelques grammes et les designs diff\u00e8rent naturellement par pi\u00e8ce<\/p>\n<p><strong>Mode d&#8217;emploi<\/strong><\/p>\n<p>Faites mousser le savon entre vos mains et lavez-les avec la mousse \u00e9paisse et luxueuse.<\/p>\n<p>Si vous aimez appliquer le savon directement sur votre peau, il est conseill\u00e9 de le placer dans un sachet de savon en coton afin de prot\u00e9ger les parties sensibles des grains de sel qui grattent facilement.<\/p>\n","protected":false},"excerpt":{"rendered":"<p>Le bundle contient 5 savons pour les mains diff\u00e9rents. Un exercice d&#8217;\u00e9quilibre. Frais et d\u00e9licieux avec un soup\u00e7on de g\u00e9ranium rosat pour quelques notes florales douces et arrondies. Apaisant et r\u00e9confortant, jamais accablant. Utilisez-le dans la douche \u00e0 la place du gel, dans la baignoire ou \u00e0 c\u00f4t\u00e9 de l&#8217;\u00e9vier de votre salle de bains [&hellip;]<\/p>\n","protected":false},"featured_media":99593,"comment_status":"open","ping_status":"closed","template":"","meta":{"_acf_changed":false},"product_brand":[3000],"product_cat":[1378],"product_tag":[],"class_list":{"0":"post-94784","1":"product","2":"type-product","3":"status-publish","4":"has-post-thumbnail","6":"product_brand-dook","7":"product_cat-soin-des-mains","8":"product_shipping_class-colis-jusqua-2-kg","10":"first","11":"outofstock","12":"sale","13":"taxable","14":"shipping-taxable","15":"purchasable","16":"product-type-simple"},"acf":[],"_links":{"self":[{"href":"https:\/\/one-horizon.ch\/fr\/wp-json\/wp\/v2\/product\/94784","targetHints":{"allow":["GET"]}}],"collection":[{"href":"https:\/\/one-horizon.ch\/fr\/wp-json\/wp\/v2\/product"}],"about":[{"href":"https:\/\/one-horizon.ch\/fr\/wp-json\/wp\/v2\/types\/product"}],"replies":[{"embeddable":true,"href":"https:\/\/one-horizon.ch\/fr\/wp-json\/wp\/v2\/comments?post=94784"}],"wp:featuredmedia":[{"embeddable":true,"href":"https:\/\/one-horizon.ch\/fr\/wp-json\/wp\/v2\/media\/99593"}],"wp:attachment":[{"href":"https:\/\/one-horizon.ch\/fr\/wp-json\/wp\/v2\/media?parent=94784"}],"wp:term":[{"taxonomy":"product_brand","embeddable":true,"href":"https:\/\/one-horizon.ch\/fr\/wp-json\/wp\/v2\/product_brand?post=94784"},{"taxonomy":"product_cat","embeddable":true,"href":"https:\/\/one-horizon.ch\/fr\/wp-json\/wp\/v2\/product_cat?post=94784"},{"taxonomy":"product_tag","embeddable":true,"href":"https:\/\/one-horizon.ch\/fr\/wp-json\/wp\/v2\/product_tag?post=94784"}],"curies":[{"name":"wp","href":"https:\/\/api.w.org\/{rel}","templated":true}]}}