{"id":94797,"date":"2024-02-08T22:48:51","date_gmt":"2024-02-08T21:48:51","guid":{"rendered":"https:\/\/one-horizon.ch\/product\/minu-1-noir\/"},"modified":"2026-03-30T00:01:49","modified_gmt":"2026-03-29T22:01:49","slug":"minu-1-black","status":"publish","type":"product","link":"https:\/\/one-horizon.ch\/fr\/product\/minu-1-black\/","title":{"rendered":"Minu 1 &#8211; noir"},"content":{"rendered":"<p>D\u00e9couvre le sac \u00e0 dos de ville Minu 1 &#8211; ton compagnon styl\u00e9 et maniable en coton r\u00e9sistant. Avec un design int\u00e9rieur intelligent pour la tablette et les ustensiles. Style de vie et fonctionnalit\u00e9 en un ! Qui peut y r\u00e9sister ?<\/p>\n<\/p>\n<p><strong>Caract\u00e9ristiques<\/strong><\/p>\n<ul>\n<li>Taille : H33 x P12 x L27 cm<\/li>\n<li>litres : 10,7<\/li>\n<li>poids : 0.8 kg<\/li>\n<li>Doublure : 100% coton r\u00e9sistant (fibre naturelle)<\/li>\n<li>Applications : cuir de buffle tann\u00e9 v\u00e9g\u00e9tal<\/li>\n<li>Housse ext\u00e9rieure : Canvas (fibre naturelle de coton), soft waxed (hydrofuge)<\/li>\n<li>fermeture \u00e9clair comme acc\u00e8s principal<\/li>\n<li>2 poign\u00e9es en cuir tann\u00e9 v\u00e9g\u00e9tal<\/li>\n<li>1 compartiment zipp\u00e9 en diagonale sur le devant<\/li>\n<li>Bandouli\u00e8re en cuir : Coton (fibres naturelles)<\/li>\n<li>Dos rembourr\u00e9<\/li>\n<li>Raccords : m\u00e9tal<\/li>\n<li>Int\u00e9rieur de la sacoche : Compartiment pour tablette pouvant accueillir jusqu&#8217;\u00e0 10,5 pouces<\/li>\n<li>2 poches de rangement<\/li>\n<\/ul>\n","protected":false},"excerpt":{"rendered":"<p>Minu 1 est un sac \u00e0 dos de ville pratique en coton r\u00e9sistant avec un design int\u00e9rieur intelligent pour la tablette et les ustensiles. Id\u00e9al pour une utilisation quotidienne avec un design \u00e9l\u00e9gant et une fonctionnalit\u00e9.<\/p>\n","protected":false},"featured_media":69889,"comment_status":"open","ping_status":"closed","template":"","meta":{"_acf_changed":false},"product_brand":[3019],"product_cat":[867],"product_tag":[],"class_list":{"0":"post-94797","1":"product","2":"type-product","3":"status-publish","4":"has-post-thumbnail","6":"product_brand-margelisch","7":"product_cat-sacs-a-dos","8":"product_shipping_class-colis-jusqua-2-kg","10":"first","11":"onbackorder","12":"taxable","13":"shipping-taxable","14":"purchasable","15":"product-type-simple"},"acf":[],"_links":{"self":[{"href":"https:\/\/one-horizon.ch\/fr\/wp-json\/wp\/v2\/product\/94797","targetHints":{"allow":["GET"]}}],"collection":[{"href":"https:\/\/one-horizon.ch\/fr\/wp-json\/wp\/v2\/product"}],"about":[{"href":"https:\/\/one-horizon.ch\/fr\/wp-json\/wp\/v2\/types\/product"}],"replies":[{"embeddable":true,"href":"https:\/\/one-horizon.ch\/fr\/wp-json\/wp\/v2\/comments?post=94797"}],"wp:featuredmedia":[{"embeddable":true,"href":"https:\/\/one-horizon.ch\/fr\/wp-json\/wp\/v2\/media\/69889"}],"wp:attachment":[{"href":"https:\/\/one-horizon.ch\/fr\/wp-json\/wp\/v2\/media?parent=94797"}],"wp:term":[{"taxonomy":"product_brand","embeddable":true,"href":"https:\/\/one-horizon.ch\/fr\/wp-json\/wp\/v2\/product_brand?post=94797"},{"taxonomy":"product_cat","embeddable":true,"href":"https:\/\/one-horizon.ch\/fr\/wp-json\/wp\/v2\/product_cat?post=94797"},{"taxonomy":"product_tag","embeddable":true,"href":"https:\/\/one-horizon.ch\/fr\/wp-json\/wp\/v2\/product_tag?post=94797"}],"curies":[{"name":"wp","href":"https:\/\/api.w.org\/{rel}","templated":true}]}}