{"id":94798,"date":"2024-02-08T22:48:52","date_gmt":"2024-02-08T21:48:52","guid":{"rendered":"https:\/\/one-horizon.ch\/product\/miroir-de-maquillage\/"},"modified":"2026-04-21T22:07:21","modified_gmt":"2026-04-21T20:07:21","slug":"miroir-de-maquillage-qushini","status":"publish","type":"product","link":"https:\/\/one-horizon.ch\/fr\/product\/miroir-de-maquillage-qushini\/","title":{"rendered":"Miroir de maquillage"},"content":{"rendered":"<p>Un bon \u00e9clairage est indispensable si vous devez vous maquiller ou si vous voulez vous adonner \u00e0 une routine beaut\u00e9 relaxante. Le miroir de maquillage de Qushini deviendra un compagnon indispensable \u00e0 chaque moment de la journ\u00e9e. Un accessoire portable avec une lampe sur le bord qui vous permet de vous maquiller, de vous coiffer, de porter des lentilles de contact ou de vous raser de pr\u00e8s avec des r\u00e9sultats parfaits. Placez le miroir de maquillage l\u00e0 o\u00f9 vous en avez besoin.<\/p>\n<\/p>\n<p><strong>3 temp\u00e9ratures de lumi\u00e8re<\/strong><\/p>\n<p>Vous pouvez choisir entre 3 temp\u00e9ratures de lumi\u00e8re diff\u00e9rentes (blanc froid, neutre et blanc chaud). Il suffit d&#8217;appuyer sur le bouton !<\/p>\n<\/p>\n<p><strong>Variateur d&#8217;intensit\u00e9 inclus<\/strong><\/p>\n<p>Obtenez la meilleure lumi\u00e8re gr\u00e2ce au r\u00e9glage de l&#8217;intensit\u00e9 adaptable. Ayez toujours les yeux d\u00e9tendus pendant votre routine beaut\u00e9.<\/p>\n<\/p>\n<p><strong>Type-C<\/strong><\/p>\n<p>Rechargez la batterie int\u00e9gr\u00e9e avec le c\u00e2ble de type C fourni !<\/p>\n","protected":false},"excerpt":{"rendered":"<p>Miroir de maquillage portable avec \u00e9clairage sur le bord pour un maquillage parfait, une coiffure, des lentilles de contact ou un rasage. Fonctionnement sans fil, lumi\u00e8re uniforme et continue et format compact &#8211; pour la maison et les d\u00e9placements. <\/p>\n","protected":false},"featured_media":69933,"comment_status":"open","ping_status":"closed","template":"","meta":{"_acf_changed":false},"product_brand":[3036],"product_cat":[1315],"product_tag":[],"class_list":{"0":"post-94798","1":"product","2":"type-product","3":"status-publish","4":"has-post-thumbnail","6":"product_brand-qushini","7":"product_cat-eclairage","8":"product_shipping_class-colis-jusqua-2-kg","10":"first","11":"instock","12":"taxable","13":"shipping-taxable","14":"purchasable","15":"product-type-simple"},"acf":[],"_links":{"self":[{"href":"https:\/\/one-horizon.ch\/fr\/wp-json\/wp\/v2\/product\/94798","targetHints":{"allow":["GET"]}}],"collection":[{"href":"https:\/\/one-horizon.ch\/fr\/wp-json\/wp\/v2\/product"}],"about":[{"href":"https:\/\/one-horizon.ch\/fr\/wp-json\/wp\/v2\/types\/product"}],"replies":[{"embeddable":true,"href":"https:\/\/one-horizon.ch\/fr\/wp-json\/wp\/v2\/comments?post=94798"}],"wp:featuredmedia":[{"embeddable":true,"href":"https:\/\/one-horizon.ch\/fr\/wp-json\/wp\/v2\/media\/69933"}],"wp:attachment":[{"href":"https:\/\/one-horizon.ch\/fr\/wp-json\/wp\/v2\/media?parent=94798"}],"wp:term":[{"taxonomy":"product_brand","embeddable":true,"href":"https:\/\/one-horizon.ch\/fr\/wp-json\/wp\/v2\/product_brand?post=94798"},{"taxonomy":"product_cat","embeddable":true,"href":"https:\/\/one-horizon.ch\/fr\/wp-json\/wp\/v2\/product_cat?post=94798"},{"taxonomy":"product_tag","embeddable":true,"href":"https:\/\/one-horizon.ch\/fr\/wp-json\/wp\/v2\/product_tag?post=94798"}],"curies":[{"name":"wp","href":"https:\/\/api.w.org\/{rel}","templated":true}]}}