{"id":94804,"date":"2024-02-08T22:48:54","date_gmt":"2024-02-08T21:48:54","guid":{"rendered":"https:\/\/one-horizon.ch\/product\/aboom-noir\/"},"modified":"2026-05-02T14:38:31","modified_gmt":"2026-05-02T12:38:31","slug":"kreafunk-aboom-noir","status":"publish","type":"product","link":"https:\/\/one-horizon.ch\/fr\/product\/kreafunk-aboom-noir\/","title":{"rendered":"aBoom &#8211; Noir"},"content":{"rendered":"<p>Petit et puissant. Le haut-parleur Bluetooth aBOOM de Kreafunk est facile \u00e0 emporter, o\u00f9 que vos aventures vous m\u00e8nent. Il parvient \u00e0 jouer fort malgr\u00e9 sa petite taille.<\/p>\n<p>Reliez deux haut-parleurs Kreafunk aBOOM pour obtenir un son vivant avec Stereo Play. Vous d\u00e9couvrirez diff\u00e9rents instruments qui viendront vers vous entre les haut-parleurs. Id\u00e9al pour vos pi\u00e8ces de vie &#8211; cuisine, salon et grandes pi\u00e8ces &#8211; pour cr\u00e9er des canaux gauche et droit et des exp\u00e9riences sonores immersives.<\/p>\n<p>Avec un classement IPX7, le temps humide n&#8217;est pas un obstacle, ce qui signifie qu&#8217;il est \u00e9galement parfait pour \u00eatre emmen\u00e9 \u00e0 la plage ou rang\u00e9 dans la salle de bain.<\/p>\n<p><strong>Caract\u00e9ristiques<\/strong><\/p>\n<ul>\n<li>Jusqu&#8217;\u00e0 20 heures de lecture<\/li>\n<li>Bluetooth 5.0<\/li>\n<li>port\u00e9e : jusqu&#8217;\u00e0 10 m<\/li>\n<li>Haut-parleur : 5 W*2<\/li>\n<li>Lecture st\u00e9r\u00e9o (TWS)<\/li>\n<li>Temps de charge : 3 heures<\/li>\n<li>puissance d&#8217;entr\u00e9e : 5 V \/ 1 A<\/li>\n<li>\u00c9tanche (IPX7)<\/li>\n<li>Dimensions : 180* 60*50 mm<\/li>\n<li>Poids : 362 g<\/li>\n<\/ul>\n","protected":false},"excerpt":{"rendered":"<p>Le haut-parleur Bluetooth aBOOM est petit, puissant et portable. Il offre un son fort, une lecture st\u00e9r\u00e9o avec deux haut-parleurs, jusqu&#8217;\u00e0 20 heures de lecture, Bluetooth 5.0, classification IPX7 pour l&#8217;\u00e9tanch\u00e9it\u00e9. Id\u00e9al pour les pi\u00e8ces \u00e0 vivre, la plage et la salle de bain.<\/p>\n","protected":false},"featured_media":99677,"comment_status":"open","ping_status":"closed","template":"","meta":{"_acf_changed":false},"product_brand":[3016],"product_cat":[1023],"product_tag":[],"class_list":{"0":"post-94804","1":"product","2":"type-product","3":"status-publish","4":"has-post-thumbnail","6":"product_brand-kreafunk","7":"product_cat-haut-parleur","8":"product_shipping_class-colis-jusqua-2-kg","10":"first","11":"outofstock","12":"sale","13":"taxable","14":"shipping-taxable","15":"purchasable","16":"product-type-simple"},"acf":[],"_links":{"self":[{"href":"https:\/\/one-horizon.ch\/fr\/wp-json\/wp\/v2\/product\/94804","targetHints":{"allow":["GET"]}}],"collection":[{"href":"https:\/\/one-horizon.ch\/fr\/wp-json\/wp\/v2\/product"}],"about":[{"href":"https:\/\/one-horizon.ch\/fr\/wp-json\/wp\/v2\/types\/product"}],"replies":[{"embeddable":true,"href":"https:\/\/one-horizon.ch\/fr\/wp-json\/wp\/v2\/comments?post=94804"}],"wp:featuredmedia":[{"embeddable":true,"href":"https:\/\/one-horizon.ch\/fr\/wp-json\/wp\/v2\/media\/99677"}],"wp:attachment":[{"href":"https:\/\/one-horizon.ch\/fr\/wp-json\/wp\/v2\/media?parent=94804"}],"wp:term":[{"taxonomy":"product_brand","embeddable":true,"href":"https:\/\/one-horizon.ch\/fr\/wp-json\/wp\/v2\/product_brand?post=94804"},{"taxonomy":"product_cat","embeddable":true,"href":"https:\/\/one-horizon.ch\/fr\/wp-json\/wp\/v2\/product_cat?post=94804"},{"taxonomy":"product_tag","embeddable":true,"href":"https:\/\/one-horizon.ch\/fr\/wp-json\/wp\/v2\/product_tag?post=94804"}],"curies":[{"name":"wp","href":"https:\/\/api.w.org\/{rel}","templated":true}]}}