{"id":94805,"date":"2024-02-08T22:49:17","date_gmt":"2024-02-08T21:49:17","guid":{"rendered":"https:\/\/one-horizon.ch\/product\/amajor-edition-noire\/"},"modified":"2026-04-20T01:07:46","modified_gmt":"2026-04-19T23:07:46","slug":"amajor-black-edition","status":"publish","type":"product","link":"https:\/\/one-horizon.ch\/fr\/product\/amajor-black-edition\/","title":{"rendered":"aMajor &#8211; \u00c9dition noire"},"content":{"rendered":"<p>Avec aMAJOR, des exp\u00e9riences sonores exceptionnelles vous attendent. Ce haut-parleur Bluetooth joue dans une ligue \u00e0 part avec ses basses profondes et pr\u00e9cises qui remplissent chaque pi\u00e8ce.<\/p>\n<p>Il impressionne par son design circulaire, qui est \u00e9l\u00e9gant et offre les meilleures conditions au son. De plus, il est facile \u00e0 emporter avec soi. Saisissez-le par la lani\u00e8re en cuir, branchez rapidement votre musique et profitez jusqu&#8217;\u00e0 40 heures de musique illimit\u00e9e avec une seule charge.<\/p>\n<p>Am\u00e9liorez l&#8217;exp\u00e9rience en couplant deux enceintes aMAJOR pour obtenir un son st\u00e9r\u00e9o &#8211; et vous aurez l&#8217;impression d&#8217;\u00eatre au premier rang de votre concert pr\u00e9f\u00e9r\u00e9.<\/p>\n<p>Son \u00e9tanch\u00e9it\u00e9 le rend parfait pour une utilisation dans la salle de bain, sur le balcon ou dans le jardin (classe de protection IPX5).<\/p>\n<p>Vous pouvez m\u00eame le recharger sans fil gr\u00e2ce \u00e0 nos chargeurs Qi &#8211; wiCHARGE et wiCHARGE go.<\/p>\n<p><strong>Caract\u00e9ristiques<\/strong><\/p>\n<ul>\n<li>Jusqu&#8217;\u00e0 40 heures de jeu<\/li>\n<li>Bluetooth 5.0<\/li>\n<li>Temps de charge : 6-7 heures (USB-C) \/ 14-15 heures (Qi)<\/li>\n<li>Amplificateur num\u00e9rique 2 x 15 W avec technologie de son avanc\u00e9e \u00e0 360<\/li>\n<li>Lecture st\u00e9r\u00e9o (TWS)<\/li>\n<li>Fonctionne avec l&#8217;assistant vocal<\/li>\n<li>R\u00e9sistant \u00e0 l&#8217;eau (IPX5)<\/li>\n<li>Prend en charge la charge sans fil Qi<\/li>\n<li>Dimensions : 16x12cm (Hx\u00d8)<\/li>\n<li>poids : 1124 g<\/li>\n<\/ul>\n","protected":false},"excerpt":{"rendered":"<p>Le haut-parleur Bluetooth Kreafunk aMajor &#8211; un design \u00e9l\u00e9gant et arrondi, des basses profondes et jusqu&#8217;\u00e0 40 heures d&#8217;autonomie. \u00c9tanche (IPX5), rechargeable sans fil (USB-C) et jumelable pour une lecture st\u00e9r\u00e9o. Une exp\u00e9rience audio haut de gamme pour vos d\u00e9placements. Couleur : Black Edition.   <\/p>\n","protected":false},"featured_media":99933,"comment_status":"open","ping_status":"closed","template":"","meta":{"_acf_changed":false},"product_brand":[3016],"product_cat":[1023],"product_tag":[3359,3292],"class_list":{"0":"post-94805","1":"product","2":"type-product","3":"status-publish","4":"has-post-thumbnail","6":"product_brand-kreafunk","7":"product_cat-haut-parleur","8":"product_tag-anniversaire","9":"product_tag-pour-lui","10":"product_shipping_class-colis-jusqua-2-kg","12":"first","13":"instock","14":"taxable","15":"shipping-taxable","16":"purchasable","17":"product-type-simple"},"acf":[],"_links":{"self":[{"href":"https:\/\/one-horizon.ch\/fr\/wp-json\/wp\/v2\/product\/94805","targetHints":{"allow":["GET"]}}],"collection":[{"href":"https:\/\/one-horizon.ch\/fr\/wp-json\/wp\/v2\/product"}],"about":[{"href":"https:\/\/one-horizon.ch\/fr\/wp-json\/wp\/v2\/types\/product"}],"replies":[{"embeddable":true,"href":"https:\/\/one-horizon.ch\/fr\/wp-json\/wp\/v2\/comments?post=94805"}],"wp:featuredmedia":[{"embeddable":true,"href":"https:\/\/one-horizon.ch\/fr\/wp-json\/wp\/v2\/media\/99933"}],"wp:attachment":[{"href":"https:\/\/one-horizon.ch\/fr\/wp-json\/wp\/v2\/media?parent=94805"}],"wp:term":[{"taxonomy":"product_brand","embeddable":true,"href":"https:\/\/one-horizon.ch\/fr\/wp-json\/wp\/v2\/product_brand?post=94805"},{"taxonomy":"product_cat","embeddable":true,"href":"https:\/\/one-horizon.ch\/fr\/wp-json\/wp\/v2\/product_cat?post=94805"},{"taxonomy":"product_tag","embeddable":true,"href":"https:\/\/one-horizon.ch\/fr\/wp-json\/wp\/v2\/product_tag?post=94805"}],"curies":[{"name":"wp","href":"https:\/\/api.w.org\/{rel}","templated":true}]}}