{"id":94829,"date":"2024-02-08T22:48:54","date_gmt":"2024-02-08T21:48:54","guid":{"rendered":"https:\/\/one-horizon.ch\/product\/sac-a-dos-moyen-hajo-olive\/"},"modified":"2026-03-30T00:01:11","modified_gmt":"2026-03-29T22:01:11","slug":"hajo-medium-olive","status":"publish","type":"product","link":"https:\/\/one-horizon.ch\/fr\/product\/hajo-medium-olive\/","title":{"rendered":"Sac \u00e0 dos Hajo Medium &#8211; Olive"},"content":{"rendered":"<p>Couleur : Olive (Lotus Series)<\/p>\n<p>Ce sac \u00e0 dos minimaliste convient \u00e0 toutes les occasions. Que ce soit en se d\u00e9pla\u00e7ant \u00e0 v\u00e9lo, en faisant ses courses ou en sortant le soir. Le roll-top se ferme avec une fermeture velcro et permet un remplissage pratique du sac \u00e0 dos Hajo. En bouteilles PET recycl\u00e9es<\/p>\n<p><strong>Caract\u00e9ristiques<\/strong><\/p>\n<ul>\n<li>Roll-top pour adapter le volume, se ferme avec du velcro<\/li>\n<li>acc\u00e8s rapide au compartiment principal par fermeture \u00e9clair lat\u00e9rale<\/li>\n<li>Trois poches ext\u00e9rieures sur le devant pour un cadenas ou un parapluie par exemple<\/li>\n<li>Compartiment pour ordinateur portable en n\u00e9opr\u00e8ne de haute qualit\u00e9 avec deux poches en mesh pour t\u00e9l\u00e9phone et porte-monnaie<\/li>\n<li>Porte-bouteilles et porte-cl\u00e9s suppl\u00e9mentaires \u00e0 l&#8217;int\u00e9rieur<\/li>\n<li>Dos renforc\u00e9 avec rembourrage pour plus de confort<\/li>\n<li>Les bretelles r\u00e9glables et rembourr\u00e9es garantissent une tenue confortable du sac \u00e0 dos<\/li>\n<li>Dessous rembourr\u00e9 pour plus de stabilit\u00e9<\/li>\n<li>Logo &#8216;Ucon Acrobatics&#8217; en relief sur le devant<\/li>\n<\/ul>\n","protected":false},"excerpt":{"rendered":"<p>Un sac \u00e0 dos minimaliste et polyvalent fabriqu\u00e9 \u00e0 partir de bouteilles en PET recycl\u00e9es. Il offre un roll-top, une fermeture \u00e9clair lat\u00e9rale, des poches ext\u00e9rieures, un compartiment pour ordinateur portable, des poches en mesh, un porte-bouteilles, un porte-cl\u00e9s, un dos, des bretelles et un dessous rembourr\u00e9s. Parfait pour les d\u00e9placements, le shopping ou la vie nocturne.<\/p>\n","protected":false},"featured_media":99623,"comment_status":"open","ping_status":"closed","template":"","meta":{"_acf_changed":false},"product_brand":[3047],"product_cat":[867],"product_tag":[],"class_list":{"0":"post-94829","1":"product","2":"type-product","3":"status-publish","4":"has-post-thumbnail","6":"product_brand-ucon-acrobatics","7":"product_cat-sacs-a-dos","8":"product_shipping_class-colis-jusqua-2-kg","10":"first","11":"instock","12":"taxable","13":"shipping-taxable","14":"purchasable","15":"product-type-simple"},"acf":[],"_links":{"self":[{"href":"https:\/\/one-horizon.ch\/fr\/wp-json\/wp\/v2\/product\/94829","targetHints":{"allow":["GET"]}}],"collection":[{"href":"https:\/\/one-horizon.ch\/fr\/wp-json\/wp\/v2\/product"}],"about":[{"href":"https:\/\/one-horizon.ch\/fr\/wp-json\/wp\/v2\/types\/product"}],"replies":[{"embeddable":true,"href":"https:\/\/one-horizon.ch\/fr\/wp-json\/wp\/v2\/comments?post=94829"}],"wp:featuredmedia":[{"embeddable":true,"href":"https:\/\/one-horizon.ch\/fr\/wp-json\/wp\/v2\/media\/99623"}],"wp:attachment":[{"href":"https:\/\/one-horizon.ch\/fr\/wp-json\/wp\/v2\/media?parent=94829"}],"wp:term":[{"taxonomy":"product_brand","embeddable":true,"href":"https:\/\/one-horizon.ch\/fr\/wp-json\/wp\/v2\/product_brand?post=94829"},{"taxonomy":"product_cat","embeddable":true,"href":"https:\/\/one-horizon.ch\/fr\/wp-json\/wp\/v2\/product_cat?post=94829"},{"taxonomy":"product_tag","embeddable":true,"href":"https:\/\/one-horizon.ch\/fr\/wp-json\/wp\/v2\/product_tag?post=94829"}],"curies":[{"name":"wp","href":"https:\/\/api.w.org\/{rel}","templated":true}]}}