{"id":94832,"date":"2024-02-08T22:49:17","date_gmt":"2024-02-08T21:49:17","guid":{"rendered":"https:\/\/one-horizon.ch\/product\/trousse-de-toilette-coeur\/"},"modified":"2026-04-07T23:16:49","modified_gmt":"2026-04-07T21:16:49","slug":"trousse-de-toilette-coeur","status":"publish","type":"product","link":"https:\/\/one-horizon.ch\/fr\/product\/trousse-de-toilette-coeur\/","title":{"rendered":"Trousse de toilette &#8211; Coeur"},"content":{"rendered":"<p>Utilisable comme trousse de maquillage, sac \u00e0 bijoux, trousse \u00e0 crayons ou bien d&#8217;autres choses encore. Avec ce sac super l\u00e9ger, tu es toujours parfaitement \u00e9quip\u00e9. Le sac est orn\u00e9 d&#8217;une ic\u00f4ne en forme de c\u0153ur et est fabriqu\u00e9 en papier lavable. Elle est donc super r\u00e9sistante et durable et peut \u00eatre facilement rinc\u00e9e sous l&#8217;eau courante \u00e0 tout moment !<\/p>\n","protected":false},"excerpt":{"rendered":"<p>Pochette multifonctionnelle en papier lavable, id\u00e9ale comme trousse de toilette, pochette \u00e0 bijoux ou trousse \u00e0 crayons. Super l\u00e9g\u00e8re, r\u00e9sistante, durable et rin\u00e7able. Orn\u00e9e d&#8217;une ic\u00f4ne en forme de c\u0153ur. Un \u00e9quipement parfait !   <\/p>\n","protected":false},"featured_media":70199,"comment_status":"open","ping_status":"closed","template":"","meta":{"_acf_changed":false},"product_brand":[3004],"product_cat":[1294],"product_tag":[3295],"class_list":{"0":"post-94832","1":"product","2":"type-product","3":"status-publish","4":"has-post-thumbnail","6":"product_brand-eulenschnitt","7":"product_cat-necessaires-fr","8":"product_tag-pour-vous","9":"product_shipping_class-petit-envoi","11":"first","12":"instock","13":"taxable","14":"shipping-taxable","15":"purchasable","16":"product-type-simple"},"acf":[],"_links":{"self":[{"href":"https:\/\/one-horizon.ch\/fr\/wp-json\/wp\/v2\/product\/94832","targetHints":{"allow":["GET"]}}],"collection":[{"href":"https:\/\/one-horizon.ch\/fr\/wp-json\/wp\/v2\/product"}],"about":[{"href":"https:\/\/one-horizon.ch\/fr\/wp-json\/wp\/v2\/types\/product"}],"replies":[{"embeddable":true,"href":"https:\/\/one-horizon.ch\/fr\/wp-json\/wp\/v2\/comments?post=94832"}],"wp:featuredmedia":[{"embeddable":true,"href":"https:\/\/one-horizon.ch\/fr\/wp-json\/wp\/v2\/media\/70199"}],"wp:attachment":[{"href":"https:\/\/one-horizon.ch\/fr\/wp-json\/wp\/v2\/media?parent=94832"}],"wp:term":[{"taxonomy":"product_brand","embeddable":true,"href":"https:\/\/one-horizon.ch\/fr\/wp-json\/wp\/v2\/product_brand?post=94832"},{"taxonomy":"product_cat","embeddable":true,"href":"https:\/\/one-horizon.ch\/fr\/wp-json\/wp\/v2\/product_cat?post=94832"},{"taxonomy":"product_tag","embeddable":true,"href":"https:\/\/one-horizon.ch\/fr\/wp-json\/wp\/v2\/product_tag?post=94832"}],"curies":[{"name":"wp","href":"https:\/\/api.w.org\/{rel}","templated":true}]}}