{"id":94845,"date":"2024-02-08T22:49:20","date_gmt":"2024-02-08T21:49:20","guid":{"rendered":"https:\/\/one-horizon.ch\/product\/savon-pour-les-mains-you-are-awesome-edition-limitee\/"},"modified":"2026-03-30T00:13:40","modified_gmt":"2026-03-29T22:13:40","slug":"savon-a-main-you-are-awesome-limited-edition","status":"publish","type":"product","link":"https:\/\/one-horizon.ch\/fr\/product\/savon-a-main-you-are-awesome-limited-edition\/","title":{"rendered":"Savon pour les mains &#8211; You are awesome &#8211; Edition limit\u00e9e"},"content":{"rendered":"<p>Ce savon pour les mains nettoie vos mains en douceur et a un parfum de Silky Jasmine &amp; Grapefruit Zest. Les bouteilles en plastique recycl\u00e9 ont de beaux designs et des citations exaltantes. Le savon v\u00e9g\u00e9talien est sans sulfate et sans colorant.<\/p>\n<\/p>\n<p>Le cadeau parfait \u00e0 offrir ou \u00e0 garder pour soi !<\/p>\n<\/p>\n<p><strong>Contenu : 500 ml<\/strong><\/p>\n<\/p>\n<p><strong>Parfum :<\/strong> Jasmin soyeux &amp; \u00e9corce de pamplemousse<\/p>\n<p><strong>Notes de t\u00eate :<\/strong> c\u00e9drat, \u00e9corce de pamplemousse, fleurs de jasmin<\/p>\n<p><strong>Notes de c\u0153ur :<\/strong> Ambre min\u00e9ral, Feuilles de th\u00e9, Bois de santal blanc<\/p>\n<p><strong>Notes de fond :<\/strong> Copeaux de c\u00e8dre, r\u00e9sine de b\u00e9zoard, musc soyeux<\/p>\n","protected":false},"excerpt":{"rendered":"<p>Savon doux pour les mains (500 ml) : bouteilles en plastique recycl\u00e9 avec des citations inspirantes. V\u00e9g\u00e9talien, sans sulfate &amp; sans colorant. Parfum de Silky Jasmine &amp; pamplemousse. (Remarque : le parfum est une combinaison de notes d&#8217;agrumes avec du jasmin, du bois de santal, du c\u00e8dre &amp; du musc).   <\/p>\n","protected":false},"featured_media":70389,"comment_status":"open","ping_status":"closed","template":"","meta":{"_acf_changed":false},"product_brand":[3046],"product_cat":[1378],"product_tag":[],"class_list":{"0":"post-94845","1":"product","2":"type-product","3":"status-publish","4":"has-post-thumbnail","6":"product_brand-the-gift-label","7":"product_cat-soin-des-mains","8":"product_shipping_class-colis-jusqua-2-kg","10":"first","11":"outofstock","12":"taxable","13":"shipping-taxable","14":"purchasable","15":"product-type-simple"},"acf":[],"_links":{"self":[{"href":"https:\/\/one-horizon.ch\/fr\/wp-json\/wp\/v2\/product\/94845","targetHints":{"allow":["GET"]}}],"collection":[{"href":"https:\/\/one-horizon.ch\/fr\/wp-json\/wp\/v2\/product"}],"about":[{"href":"https:\/\/one-horizon.ch\/fr\/wp-json\/wp\/v2\/types\/product"}],"replies":[{"embeddable":true,"href":"https:\/\/one-horizon.ch\/fr\/wp-json\/wp\/v2\/comments?post=94845"}],"wp:featuredmedia":[{"embeddable":true,"href":"https:\/\/one-horizon.ch\/fr\/wp-json\/wp\/v2\/media\/70389"}],"wp:attachment":[{"href":"https:\/\/one-horizon.ch\/fr\/wp-json\/wp\/v2\/media?parent=94845"}],"wp:term":[{"taxonomy":"product_brand","embeddable":true,"href":"https:\/\/one-horizon.ch\/fr\/wp-json\/wp\/v2\/product_brand?post=94845"},{"taxonomy":"product_cat","embeddable":true,"href":"https:\/\/one-horizon.ch\/fr\/wp-json\/wp\/v2\/product_cat?post=94845"},{"taxonomy":"product_tag","embeddable":true,"href":"https:\/\/one-horizon.ch\/fr\/wp-json\/wp\/v2\/product_tag?post=94845"}],"curies":[{"name":"wp","href":"https:\/\/api.w.org\/{rel}","templated":true}]}}