{"id":94867,"date":"2024-02-08T22:49:17","date_gmt":"2024-02-08T21:49:17","guid":{"rendered":"https:\/\/one-horizon.ch\/product\/collecteur-dagrafes\/"},"modified":"2026-04-05T17:59:53","modified_gmt":"2026-04-05T15:59:53","slug":"collecteur-dagrafes","status":"publish","type":"product","link":"https:\/\/one-horizon.ch\/fr\/product\/collecteur-dagrafes\/","title":{"rendered":"Collecteur d&#8217;agrafes"},"content":{"rendered":"<p>Un ustensile pratique pour le bureau qui a fi\u00e8re allure. Chaque agrafe y trouve sa place, m\u00eame si elle s&#8217;entasse parfois un peu. L&#8217;aimant g\u00e9ant attire tout et met de l&#8217;ordre sur le bureau.<\/p>\n<p>Collecteur d&#8217;agrafes (bloc de bois en ch\u00eane naturel avec aimant Ferrt)<\/p>\n<p>10 x 10 cm<\/p>\n<p>Design : Mark Braun<\/p>\n","protected":false},"excerpt":{"rendered":"<p>Un ustensile pratique pour le bureau qui a fi\u00e8re allure. Chaque agrafe y trouve sa place, m\u00eame si elle s&#8217;entasse parfois un peu. L&#8217;aimant g\u00e9ant attire tout et met de l&#8217;ordre sur le bureau. Collecteur d&#8217;agrafes (bloc de bois en ch\u00eane naturel avec aimant Ferrt) 10 x 10 cm Design : Mark Braun<\/p>\n","protected":false},"featured_media":99948,"comment_status":"open","ping_status":"closed","template":"","meta":{"_acf_changed":false},"product_brand":[3038],"product_cat":[1297],"product_tag":[],"class_list":{"0":"post-94867","1":"product","2":"type-product","3":"status-publish","4":"has-post-thumbnail","6":"product_brand-raumgestalt","7":"product_cat-accessoires-dinterieur","8":"product_shipping_class-colis-jusqua-2-kg","10":"first","11":"outofstock","12":"taxable","13":"shipping-taxable","14":"purchasable","15":"product-type-simple"},"acf":[],"_links":{"self":[{"href":"https:\/\/one-horizon.ch\/fr\/wp-json\/wp\/v2\/product\/94867","targetHints":{"allow":["GET"]}}],"collection":[{"href":"https:\/\/one-horizon.ch\/fr\/wp-json\/wp\/v2\/product"}],"about":[{"href":"https:\/\/one-horizon.ch\/fr\/wp-json\/wp\/v2\/types\/product"}],"replies":[{"embeddable":true,"href":"https:\/\/one-horizon.ch\/fr\/wp-json\/wp\/v2\/comments?post=94867"}],"wp:featuredmedia":[{"embeddable":true,"href":"https:\/\/one-horizon.ch\/fr\/wp-json\/wp\/v2\/media\/99948"}],"wp:attachment":[{"href":"https:\/\/one-horizon.ch\/fr\/wp-json\/wp\/v2\/media?parent=94867"}],"wp:term":[{"taxonomy":"product_brand","embeddable":true,"href":"https:\/\/one-horizon.ch\/fr\/wp-json\/wp\/v2\/product_brand?post=94867"},{"taxonomy":"product_cat","embeddable":true,"href":"https:\/\/one-horizon.ch\/fr\/wp-json\/wp\/v2\/product_cat?post=94867"},{"taxonomy":"product_tag","embeddable":true,"href":"https:\/\/one-horizon.ch\/fr\/wp-json\/wp\/v2\/product_tag?post=94867"}],"curies":[{"name":"wp","href":"https:\/\/api.w.org\/{rel}","templated":true}]}}