{"id":94874,"date":"2024-02-08T22:49:17","date_gmt":"2024-02-08T21:49:17","guid":{"rendered":"https:\/\/one-horizon.ch\/product\/tapis-de-liege-extra-large\/"},"modified":"2026-03-30T00:14:27","modified_gmt":"2026-03-29T22:14:27","slug":"tapis-en-liege-extra-large","status":"publish","type":"product","link":"https:\/\/one-horizon.ch\/fr\/product\/tapis-en-liege-extra-large\/","title":{"rendered":"Tapis de li\u00e8ge extra large"},"content":{"rendered":"<p>Si vous \u00eates \u00e0 la recherche d&#8217;un tapis polyvalent naturel et respectueux de l&#8217;environnement, capable de r\u00e9sister \u00e0 un cours de vinyasa \u00e9prouvant, mais suffisamment confortable pour un exercice yin, ce tapis en li\u00e8ge est fait pour vous. Sa surface est en \u00e9corce d&#8217;arbre et offre une surface antibact\u00e9rienne pour vos exercices de yoga. En raison des propri\u00e9t\u00e9s \u00e9tonnantes du li\u00e8ge, l&#8217;adh\u00e9rence augmente lorsque vous transpirez, ce qui le rend \u00e9galement parfait pour le hot yoga. Ce tapis offre une sensation agr\u00e9able sous vos mains et vos pieds, avec une sensation de terre douce mais soutenante.<\/p>\n<p>Parfait pour les yogis plus grands et pour tous ceux qui appr\u00e9cient un peu plus d&#8217;espace sur et \u00e0 c\u00f4t\u00e9 du tapis.<\/p>\n<p>ASTUCE : vaporisez un peu d&#8217;eau sur le tapis juste avant de l&#8217;utiliser afin de garantir une meilleure adh\u00e9rence !<\/p>\n<p>Face sup\u00e9rieure : Li\u00e8ge naturel,<br \/>\nBase : TPE<\/p>\n<p>Largeur : 70 cm,<br \/>\nLongueur : 205 cm,<br \/>\n\u00c9paisseur : 6 mm,<br \/>\nPoids : 1,41 kg<\/p>\n","protected":false},"excerpt":{"rendered":"<p>Si vous \u00eates \u00e0 la recherche d&#8217;un tapis polyvalent naturel et respectueux de l&#8217;environnement, capable de r\u00e9sister \u00e0 un cours de vinyasa \u00e9prouvant, mais suffisamment confortable pour un exercice yin, ce tapis en li\u00e8ge est fait pour vous. Sa surface est en \u00e9corce d&#8217;arbre et offre une surface antibact\u00e9rienne pour vos exercices de yoga. En [&hellip;]<\/p>\n","protected":false},"featured_media":100483,"comment_status":"open","ping_status":"closed","template":"","meta":{"_acf_changed":false},"product_brand":[3117],"product_cat":[944],"product_tag":[],"class_list":{"0":"post-94874","1":"product","2":"type-product","3":"status-publish","4":"has-post-thumbnail","6":"product_brand-myga","7":"product_cat-sport-fr","8":"product_shipping_class-colis-jusqua-2-kg","10":"first","11":"outofstock","12":"taxable","13":"shipping-taxable","14":"purchasable","15":"product-type-simple"},"acf":[],"_links":{"self":[{"href":"https:\/\/one-horizon.ch\/fr\/wp-json\/wp\/v2\/product\/94874","targetHints":{"allow":["GET"]}}],"collection":[{"href":"https:\/\/one-horizon.ch\/fr\/wp-json\/wp\/v2\/product"}],"about":[{"href":"https:\/\/one-horizon.ch\/fr\/wp-json\/wp\/v2\/types\/product"}],"replies":[{"embeddable":true,"href":"https:\/\/one-horizon.ch\/fr\/wp-json\/wp\/v2\/comments?post=94874"}],"wp:featuredmedia":[{"embeddable":true,"href":"https:\/\/one-horizon.ch\/fr\/wp-json\/wp\/v2\/media\/100483"}],"wp:attachment":[{"href":"https:\/\/one-horizon.ch\/fr\/wp-json\/wp\/v2\/media?parent=94874"}],"wp:term":[{"taxonomy":"product_brand","embeddable":true,"href":"https:\/\/one-horizon.ch\/fr\/wp-json\/wp\/v2\/product_brand?post=94874"},{"taxonomy":"product_cat","embeddable":true,"href":"https:\/\/one-horizon.ch\/fr\/wp-json\/wp\/v2\/product_cat?post=94874"},{"taxonomy":"product_tag","embeddable":true,"href":"https:\/\/one-horizon.ch\/fr\/wp-json\/wp\/v2\/product_tag?post=94874"}],"curies":[{"name":"wp","href":"https:\/\/api.w.org\/{rel}","templated":true}]}}