{"id":94892,"date":"2024-02-08T22:49:16","date_gmt":"2024-02-08T21:49:16","guid":{"rendered":"https:\/\/one-horizon.ch\/product\/diffuseur-beton-goyave-figue\/"},"modified":"2026-04-20T01:08:00","modified_gmt":"2026-04-19T23:08:00","slug":"beton-diffuseur-guave-figue","status":"publish","type":"product","link":"https:\/\/one-horizon.ch\/fr\/product\/beton-diffuseur-guave-figue\/","title":{"rendered":"Diffuseur b\u00e9ton goyave figue"},"content":{"rendered":"<p>Le diffuseur en b\u00e9ton Chickidee, parfum\u00e9 \u00e0 la goyave et \u00e0 la figue, diffuse des ar\u00f4mes naturels en douceur et durablement dans votre maison &#8211; jusqu&#8217;\u00e0 6 mois.<\/p>\n<h2>Ingr\u00e9dients naturels<\/h2>\n<p>Fabriqu\u00e9 \u00e0 partir de <strong>85 % de solvant botanique naturel<\/strong> et de 15 % d&#8217;huile parfum\u00e9e &#8211; un ar\u00f4me \u00e9quilibr\u00e9 pour la relaxation et la pleine conscience.<\/p>\n<ul>\n<li><strong>Parfum :<\/strong> goyave et figue &#8211; tropical, fruit\u00e9 et ancr\u00e9 dans le sol<\/li>\n<li><strong>R\u00e9cipient :<\/strong> R\u00e9cipient en b\u00e9ton fait main, gris<\/li>\n<li><strong>Dur\u00e9e :<\/strong> Jusqu&#8217;\u00e0 6 mois de parfum d&#8217;ambiance continu<\/li>\n<\/ul>\n<h2>D\u00e9tails techniques<\/h2>\n<ul>\n<li>Contenu : 110 ml<\/li>\n<li>Hauteur : 25 cm, diam\u00e8tre : 7,5 cm<\/li>\n<li>Mat\u00e9riau : b\u00e9ton<\/li>\n<\/ul>\n","protected":false},"excerpt":{"rendered":"<p>Chickidee Beton Diffuseur Goyave et Figue &#8211; parfum naturel tropical et fruit\u00e9 compos\u00e9 \u00e0 85% de solvants botaniques. Jusqu&#8217;\u00e0 6 mois de parfum d&#8217;ambiance, 110 ml. R\u00e9cipient en b\u00e9ton gris fait \u00e0 la main, H 25 cm \u00d7 \u00d8 7,5 cm.  <\/p>\n","protected":false},"featured_media":70109,"comment_status":"open","ping_status":"closed","template":"","meta":{"_acf_changed":false},"product_brand":[3118],"product_cat":[1325],"product_tag":[3295],"class_list":{"0":"post-94892","1":"product","2":"type-product","3":"status-publish","4":"has-post-thumbnail","6":"product_brand-chickidee-homeware-ltd","7":"product_cat-diffuseurs-sprays-dambiance","8":"product_tag-pour-vous","9":"product_shipping_class-colis-jusqua-2-kg","11":"first","12":"outofstock","13":"taxable","14":"shipping-taxable","15":"purchasable","16":"product-type-simple"},"acf":[],"_links":{"self":[{"href":"https:\/\/one-horizon.ch\/fr\/wp-json\/wp\/v2\/product\/94892","targetHints":{"allow":["GET"]}}],"collection":[{"href":"https:\/\/one-horizon.ch\/fr\/wp-json\/wp\/v2\/product"}],"about":[{"href":"https:\/\/one-horizon.ch\/fr\/wp-json\/wp\/v2\/types\/product"}],"replies":[{"embeddable":true,"href":"https:\/\/one-horizon.ch\/fr\/wp-json\/wp\/v2\/comments?post=94892"}],"wp:featuredmedia":[{"embeddable":true,"href":"https:\/\/one-horizon.ch\/fr\/wp-json\/wp\/v2\/media\/70109"}],"wp:attachment":[{"href":"https:\/\/one-horizon.ch\/fr\/wp-json\/wp\/v2\/media?parent=94892"}],"wp:term":[{"taxonomy":"product_brand","embeddable":true,"href":"https:\/\/one-horizon.ch\/fr\/wp-json\/wp\/v2\/product_brand?post=94892"},{"taxonomy":"product_cat","embeddable":true,"href":"https:\/\/one-horizon.ch\/fr\/wp-json\/wp\/v2\/product_cat?post=94892"},{"taxonomy":"product_tag","embeddable":true,"href":"https:\/\/one-horizon.ch\/fr\/wp-json\/wp\/v2\/product_tag?post=94892"}],"curies":[{"name":"wp","href":"https:\/\/api.w.org\/{rel}","templated":true}]}}