{"id":94917,"date":"2024-02-08T22:49:39","date_gmt":"2024-02-08T21:49:39","guid":{"rendered":"https:\/\/one-horizon.ch\/product\/pad-de-chargement-double-et-fin\/"},"modified":"2026-04-20T01:07:57","modified_gmt":"2026-04-19T23:07:57","slug":"dual-slim-charging-pad","status":"publish","type":"product","link":"https:\/\/one-horizon.ch\/fr\/product\/dual-slim-charging-pad\/","title":{"rendered":"Pad de chargement double et fin"},"content":{"rendered":"<p><strong>Une exp\u00e9rience de chargement en toute simplicit\u00e9 !<\/strong><\/p>\n<p>Avec le Dual Slim Charging Pad, la charge sans fil de tes appareils pr\u00e9f\u00e9r\u00e9s compatibles avec la norme Qi devient un jeu d&#8217;enfant. Plus d&#8217;enchev\u00eatrement de c\u00e2bles &#8211; pose simplement ton smartphone sur la fine plaque en bois qui peut accueillir deux t\u00e9l\u00e9phones. Elle s&#8217;adapte automatiquement \u00e0 la vitesse de chargement de ton appareil et peut atteindre jusqu&#8217;\u00e0 15 W.<\/p>\n<p><strong>Compatibilit\u00e9 avec la norme Qi<\/strong><\/p>\n<p>Ce Dual Slim Charging Pad est compatible Qi et adapte automatiquement la vitesse de chargement \u00e0 chaque appareil.<\/p>\n<p><strong>Chargement de deux appareils en m\u00eame temps<\/strong><\/p>\n<p>Avec cette station de charge, tu peux charger deux appareils en m\u00eame temps et les LED int\u00e9gr\u00e9es t&#8217;indiquent l&#8217;\u00e9tat de la batterie.<\/p>\n<p><strong>Charger avec des \u00e9tuis<\/strong><\/p>\n<p>Tu peux recharger ton smartphone sur le Dual Slim Charging Pad m\u00eame s&#8217;il a une coque d&#8217;une \u00e9paisseur maximale de 4 mm.<\/p>\n<p><strong>\u00c9l\u00e9gance et robustesse<\/strong><\/p>\n<p>Ce chargeur sans fil combine un design sobre et une qualit\u00e9 sup\u00e9rieure. Sa forme ovale douce et ses bords pr\u00e9cis \u00e0 45 degr\u00e9s s&#8217;int\u00e8grent parfaitement dans ton bureau sans \u00eatre envahissants. La surface lisse est agr\u00e9able au toucher et est trait\u00e9e de mani\u00e8re \u00e9cologique avec de la cire \u00e0 l&#8217;huile afin de pr\u00e9server la couleur et la structure naturelles du bois.<\/p>\n<p><strong>Dimensions<\/strong><\/p>\n<p>Longueur : 20 cm Largeur : 11 cm Hauteur : 1,5 cm<\/p>\n<p><strong>Donn\u00e9es techniques<\/strong><\/p>\n<p>Le kit comprend un c\u00e2ble USB-C en nylon certifi\u00e9 de 200 cm de long. Le kit comprend un adaptateur secteur.<\/p>\n<p>Adaptateur type C &#8211; EU<\/p>\n<p>entr\u00e9e : 100-240V~50\/60Hz 0,8A<\/p>\n<p>Sortie : 5V~3A \/ 9V~3A \/ 12V~2,5A \/ 15V~2A \/ 20V~1,5A<\/p>\n<p>Max : 30W Certifi\u00e9 CE<\/p>\n","protected":false},"excerpt":{"rendered":"<p>Le Dual Slim Charging Pad d&#8217;Oakywood charge deux appareils simultan\u00e9ment sans fil via Qi (15 W). Pas de probl\u00e8me pour les coques jusqu&#8217;\u00e0 4 mm d&#8217;\u00e9paisseur. Inclut un c\u00e2ble USB-C en nylon de 200 cm et un adaptateur secteur UE &#8211; design \u00e9pur\u00e9 en bois, certifi\u00e9 CE et \u00e9co-responsable.  <\/p>\n","protected":false},"featured_media":70799,"comment_status":"open","ping_status":"closed","template":"","meta":{"_acf_changed":false},"product_brand":[3029],"product_cat":[1317],"product_tag":[3292,3295],"class_list":{"0":"post-94917","1":"product","2":"type-product","3":"status-publish","4":"has-post-thumbnail","6":"product_brand-oakywood","7":"product_cat-recharge-sans-fil","8":"product_tag-pour-lui","9":"product_tag-pour-vous","10":"product_shipping_class-colis-jusqua-2-kg","12":"first","13":"instock","14":"taxable","15":"shipping-taxable","16":"purchasable","17":"product-type-variable","18":"has-default-attributes"},"acf":[],"_links":{"self":[{"href":"https:\/\/one-horizon.ch\/fr\/wp-json\/wp\/v2\/product\/94917","targetHints":{"allow":["GET"]}}],"collection":[{"href":"https:\/\/one-horizon.ch\/fr\/wp-json\/wp\/v2\/product"}],"about":[{"href":"https:\/\/one-horizon.ch\/fr\/wp-json\/wp\/v2\/types\/product"}],"replies":[{"embeddable":true,"href":"https:\/\/one-horizon.ch\/fr\/wp-json\/wp\/v2\/comments?post=94917"}],"wp:featuredmedia":[{"embeddable":true,"href":"https:\/\/one-horizon.ch\/fr\/wp-json\/wp\/v2\/media\/70799"}],"wp:attachment":[{"href":"https:\/\/one-horizon.ch\/fr\/wp-json\/wp\/v2\/media?parent=94917"}],"wp:term":[{"taxonomy":"product_brand","embeddable":true,"href":"https:\/\/one-horizon.ch\/fr\/wp-json\/wp\/v2\/product_brand?post=94917"},{"taxonomy":"product_cat","embeddable":true,"href":"https:\/\/one-horizon.ch\/fr\/wp-json\/wp\/v2\/product_cat?post=94917"},{"taxonomy":"product_tag","embeddable":true,"href":"https:\/\/one-horizon.ch\/fr\/wp-json\/wp\/v2\/product_tag?post=94917"}],"curies":[{"name":"wp","href":"https:\/\/api.w.org\/{rel}","templated":true}]}}