{"id":94960,"date":"2024-02-08T22:49:41","date_gmt":"2024-02-08T21:49:41","guid":{"rendered":"https:\/\/one-horizon.ch\/product\/extension-orbitkey\/"},"modified":"2026-04-06T19:21:05","modified_gmt":"2026-04-06T17:21:05","slug":"extension-orbitkey","status":"publish","type":"product","link":"https:\/\/one-horizon.ch\/fr\/product\/extension-orbitkey\/","title":{"rendered":"Extension Orbitkey"},"content":{"rendered":"<p><strong>Contient 4 boutons suppl\u00e9mentaires<\/strong><\/p>\n<p>Augmente la capacit\u00e9 de votre Key Organizer de 7 \u00e0 11 cl\u00e9s &#8211; parfait pour ceux qui ont besoin d&#8217;un peu plus d&#8217;espace.<\/p>\n<\/p>\n<p><strong>Facile \u00e0 installer<\/strong><\/p>\n<p>Il suffit de tourner le poteau de rallonge dans l&#8217;insert filet\u00e9 du verrouillage existant et c&#8217;est parti.<\/p>\n<\/p>\n<p><strong>Caract\u00e9ristiques<\/strong><\/p>\n<ul>\n<li>Portez jusqu&#8217;\u00e0 4 cl\u00e9s suppl\u00e9mentaires dans votre organiseur \u00e0 cl\u00e9s.<\/li>\n<li>Compatible avec tous les organiseurs de cl\u00e9s Orbitkey.<\/li>\n<li>Durable et facile \u00e0 installer.<\/li>\n<li>Fabriqu\u00e9 en acier inoxydable.<\/li>\n<li>Dimensions : 20 x 4 x 4 mm.<\/li>\n<\/ul>\n","protected":false},"excerpt":{"rendered":"<p>Poteau d&#8217;extension Orbitkey : portez jusqu&#8217;\u00e0 4 cl\u00e9s suppl\u00e9mentaires dans votre organiseur \u00e0 cl\u00e9s. Compatible avec tous les organiseurs de cl\u00e9s Orbitkey. Durable et facile \u00e0 installer gr\u00e2ce \u00e0 l&#8217;acier inoxydable.<\/p>\n","protected":false},"featured_media":70869,"comment_status":"open","ping_status":"closed","template":"","meta":{"_acf_changed":false},"product_brand":[3032],"product_cat":[3276],"product_tag":[],"class_list":{"0":"post-94960","1":"product","2":"type-product","3":"status-publish","4":"has-post-thumbnail","6":"product_brand-orbitkey","7":"product_cat-carry-essentials","8":"product_shipping_class-petit-envoi","10":"first","11":"instock","12":"taxable","13":"shipping-taxable","14":"purchasable","15":"product-type-simple"},"acf":[],"_links":{"self":[{"href":"https:\/\/one-horizon.ch\/fr\/wp-json\/wp\/v2\/product\/94960","targetHints":{"allow":["GET"]}}],"collection":[{"href":"https:\/\/one-horizon.ch\/fr\/wp-json\/wp\/v2\/product"}],"about":[{"href":"https:\/\/one-horizon.ch\/fr\/wp-json\/wp\/v2\/types\/product"}],"replies":[{"embeddable":true,"href":"https:\/\/one-horizon.ch\/fr\/wp-json\/wp\/v2\/comments?post=94960"}],"wp:featuredmedia":[{"embeddable":true,"href":"https:\/\/one-horizon.ch\/fr\/wp-json\/wp\/v2\/media\/70869"}],"wp:attachment":[{"href":"https:\/\/one-horizon.ch\/fr\/wp-json\/wp\/v2\/media?parent=94960"}],"wp:term":[{"taxonomy":"product_brand","embeddable":true,"href":"https:\/\/one-horizon.ch\/fr\/wp-json\/wp\/v2\/product_brand?post=94960"},{"taxonomy":"product_cat","embeddable":true,"href":"https:\/\/one-horizon.ch\/fr\/wp-json\/wp\/v2\/product_cat?post=94960"},{"taxonomy":"product_tag","embeddable":true,"href":"https:\/\/one-horizon.ch\/fr\/wp-json\/wp\/v2\/product_tag?post=94960"}],"curies":[{"name":"wp","href":"https:\/\/api.w.org\/{rel}","templated":true}]}}