{"id":94963,"date":"2024-02-08T22:49:57","date_gmt":"2024-02-08T21:49:57","guid":{"rendered":"https:\/\/one-horizon.ch\/product\/kit-de-demarrage-de-nettoyage-rechargeable-nature-bee-clean\/"},"modified":"2026-03-30T00:11:28","modified_gmt":"2026-03-29T22:11:28","slug":"refillable-cleaning-starter-kit-nature-bee-clean","status":"publish","type":"product","link":"https:\/\/one-horizon.ch\/fr\/product\/refillable-cleaning-starter-kit-nature-bee-clean\/","title":{"rendered":"Kit de d\u00e9marrage de nettoyage rechargeable &#8211; Nature Bee Clean"},"content":{"rendered":"<p>Le kit de d\u00e9marrage de nettoyage rechargeable de Nature Bee Clean est le moyen id\u00e9al de passer ou de continuer \u00e0 nettoyer de mani\u00e8re durable. Au lieu de payer pour des produits de nettoyage qui sont normalement compos\u00e9s de 90 % d&#8217;eau, nous avons concentr\u00e9 les ingr\u00e9dients dans une tablette. Laissez tomber la tablette dans l&#8217;eau, dissolvez la tablette, puis nettoyez. Chaque fois que vous n&#8217;achetez plus de nouvelle bouteille en plastique, vous n&#8217;avez besoin que d&#8217;un seul comprim\u00e9. L&#8217;objectif de ce kit est de vous aider \u00e0 d\u00e9marrer et \u00e0 n&#8217;acheter ensuite que les comprim\u00e9s, ce qui vous permettra d&#8217;\u00e9conomiser beaucoup d&#8217;argent \u00e0 long terme.<\/p>\n<p>De superbes parfums | Meilleur pour l&#8217;environnement | Economiser des co\u00fbts<\/p>\n","protected":false},"excerpt":{"rendered":"<p>Kit de d\u00e9marrage de nettoyage Nature Bee Clean &#8211; tablettes de nettoyage concentr\u00e9es, durables, \u00e9conomiques, superbes senteurs, r\u00e9duction des d\u00e9chets plastiques. Il suffit de dissoudre la pastille dans l&#8217;eau et de nettoyer. \u00c9conomisez de l&#8217;argent et prot\u00e9gez l&#8217;environnement.<\/p>\n","protected":false},"featured_media":71053,"comment_status":"open","ping_status":"closed","template":"","meta":{"_acf_changed":false},"product_brand":[3026],"product_cat":[1378],"product_tag":[],"class_list":{"0":"post-94963","1":"product","2":"type-product","3":"status-publish","4":"has-post-thumbnail","6":"product_brand-nature-bee-clean","7":"product_cat-soin-des-mains","8":"product_shipping_class-colis-jusqua-2-kg","10":"first","11":"instock","12":"sale","13":"taxable","14":"shipping-taxable","15":"purchasable","16":"product-type-simple"},"acf":[],"_links":{"self":[{"href":"https:\/\/one-horizon.ch\/fr\/wp-json\/wp\/v2\/product\/94963","targetHints":{"allow":["GET"]}}],"collection":[{"href":"https:\/\/one-horizon.ch\/fr\/wp-json\/wp\/v2\/product"}],"about":[{"href":"https:\/\/one-horizon.ch\/fr\/wp-json\/wp\/v2\/types\/product"}],"replies":[{"embeddable":true,"href":"https:\/\/one-horizon.ch\/fr\/wp-json\/wp\/v2\/comments?post=94963"}],"wp:featuredmedia":[{"embeddable":true,"href":"https:\/\/one-horizon.ch\/fr\/wp-json\/wp\/v2\/media\/71053"}],"wp:attachment":[{"href":"https:\/\/one-horizon.ch\/fr\/wp-json\/wp\/v2\/media?parent=94963"}],"wp:term":[{"taxonomy":"product_brand","embeddable":true,"href":"https:\/\/one-horizon.ch\/fr\/wp-json\/wp\/v2\/product_brand?post=94963"},{"taxonomy":"product_cat","embeddable":true,"href":"https:\/\/one-horizon.ch\/fr\/wp-json\/wp\/v2\/product_cat?post=94963"},{"taxonomy":"product_tag","embeddable":true,"href":"https:\/\/one-horizon.ch\/fr\/wp-json\/wp\/v2\/product_tag?post=94963"}],"curies":[{"name":"wp","href":"https:\/\/api.w.org\/{rel}","templated":true}]}}