{"id":94970,"date":"2024-02-08T22:49:39","date_gmt":"2024-02-08T21:49:39","guid":{"rendered":"https:\/\/one-horizon.ch\/product\/arlon-7-1-bleu-gris\/"},"modified":"2026-04-05T19:32:23","modified_gmt":"2026-04-05T17:32:23","slug":"arlon-7-1-bleu-gris","status":"publish","type":"product","link":"https:\/\/one-horizon.ch\/fr\/product\/arlon-7-1-bleu-gris\/","title":{"rendered":"Arlon 7.1 &#8211; bleu-gris"},"content":{"rendered":"<p>La sacoche pour ordinateur portable professionnel Arlon 7.1 &#8211; polyvalente pour les voyages, les \u00e9tudes et le bureau. Son design innovant avec une coupe \u00e0 45\u00b0 sur la t\u00eate du sac est caract\u00e9ristique de 7clouds.<\/p>\n<p>Avec des compartiments pour ordinateur portable, tablette et t\u00e9l\u00e9phone portable ainsi qu&#8217;une poche ext\u00e9rieure zipp\u00e9e tr\u00e8s pratique. Arlon 7.1 allie fonctionnalit\u00e9 et durabilit\u00e9 dans une d\u00e9claration de mode minimaliste. Fabriqu\u00e9 \u00e0 partir de polyester recycl\u00e9 RPET et de b\u00e2che de bateau.<\/p>\n<p><strong>Caract\u00e9ristiques<\/strong><\/p>\n<ul>\n<li>Taille : H30 x P10 x L41cm<\/li>\n<li>Litres : 12.3<\/li>\n<li>poids : 0.85kg<\/li>\n<li>Classeur DIN A4 grand format (Cabin-Baggage)<\/li>\n<li>\u00e0 l&#8217;ext\u00e9rieur : Poche zipp\u00e9e longitudinale \u00e0 l&#8217;avant<\/li>\n<li>Int\u00e9rieur : 2 poches<\/li>\n<li>compartiment pour ordinateur portable 14&#8243; rembourr\u00e9 et compartiment pour tablette 10,5&#8243; rembourr\u00e9<\/li>\n<li>Extras : 2 poign\u00e9es, bretelles r\u00e9glables<\/li>\n<\/ul>\n","protected":false},"excerpt":{"rendered":"<p>Sacoche polyvalente pour ordinateur portable professionnel Arlon 7.1 de 7clouds. Design innovant avec une coupe \u00e0 45\u00b0 sur la t\u00eate du sac. En polyester recycl\u00e9 RPET et b\u00e2che de bateau. Avec compartiments pour ordinateur portable, tablette et t\u00e9l\u00e9phone portable, poche ext\u00e9rieure zipp\u00e9e.<\/p>\n","protected":false},"featured_media":70779,"comment_status":"open","ping_status":"closed","template":"","meta":{"_acf_changed":false},"product_brand":[2984],"product_cat":[867],"product_tag":[],"class_list":{"0":"post-94970","1":"product","2":"type-product","3":"status-publish","4":"has-post-thumbnail","6":"product_brand-7clouds","7":"product_cat-sacs-a-dos","8":"product_shipping_class-colis-jusqua-2-kg","10":"first","11":"onbackorder","12":"taxable","13":"shipping-taxable","14":"purchasable","15":"product-type-simple"},"acf":[],"_links":{"self":[{"href":"https:\/\/one-horizon.ch\/fr\/wp-json\/wp\/v2\/product\/94970","targetHints":{"allow":["GET"]}}],"collection":[{"href":"https:\/\/one-horizon.ch\/fr\/wp-json\/wp\/v2\/product"}],"about":[{"href":"https:\/\/one-horizon.ch\/fr\/wp-json\/wp\/v2\/types\/product"}],"replies":[{"embeddable":true,"href":"https:\/\/one-horizon.ch\/fr\/wp-json\/wp\/v2\/comments?post=94970"}],"wp:featuredmedia":[{"embeddable":true,"href":"https:\/\/one-horizon.ch\/fr\/wp-json\/wp\/v2\/media\/70779"}],"wp:attachment":[{"href":"https:\/\/one-horizon.ch\/fr\/wp-json\/wp\/v2\/media?parent=94970"}],"wp:term":[{"taxonomy":"product_brand","embeddable":true,"href":"https:\/\/one-horizon.ch\/fr\/wp-json\/wp\/v2\/product_brand?post=94970"},{"taxonomy":"product_cat","embeddable":true,"href":"https:\/\/one-horizon.ch\/fr\/wp-json\/wp\/v2\/product_cat?post=94970"},{"taxonomy":"product_tag","embeddable":true,"href":"https:\/\/one-horizon.ch\/fr\/wp-json\/wp\/v2\/product_tag?post=94970"}],"curies":[{"name":"wp","href":"https:\/\/api.w.org\/{rel}","templated":true}]}}