{"id":94973,"date":"2024-02-08T22:49:40","date_gmt":"2024-02-08T21:49:40","guid":{"rendered":"https:\/\/one-horizon.ch\/product\/set-de-2-sacs-en-papier-hello-love\/"},"modified":"2026-04-07T23:17:03","modified_gmt":"2026-04-07T21:17:03","slug":"paperbag-2er-set-hello-love","status":"publish","type":"product","link":"https:\/\/one-horizon.ch\/fr\/product\/paperbag-2er-set-hello-love\/","title":{"rendered":"Set de 2 sacs en papier &#8211; Hello Love"},"content":{"rendered":"<p>Les paperbags servent \u00e0 de multiples usages, comme des paniers de rangement, des cache-pots pour les plantes ou des paniers de rangement pour les jouets des enfants. Ils offrent une solution id\u00e9ale et durable pour cr\u00e9er de l&#8217;ordre et apportent de merveilleux accents dans chaque maison, que ce soit dans la cuisine, la salle de bain, le salon, la chambre des enfants ou dans d&#8217;autres endroits imaginables.<\/p>\n<\/p>\n<p>Le set se compose de deux paperbags de tailles diff\u00e9rentes. Le plus grand paperbag est orn\u00e9 du slogan &#8220;Hello&#8221;, tandis que le plus petit paperbag est d\u00e9cor\u00e9 du mot &#8220;Love&#8221;.<\/p>\n<\/p>\n<p>Les paperbags se distinguent par leur grande r\u00e9sistance et leur long\u00e9vit\u00e9. Ce qui est particuli\u00e8rement pratique, c&#8217;est qu&#8217;en cas de salissure, il suffit de les rincer sous l&#8217;eau courante.<\/p>\n","protected":false},"excerpt":{"rendered":"<p>Set de paperbags (2) : En mat\u00e9riau durable, en 2 tailles &amp; avec les slogans &#8216;Hello&#8217; &amp; &#8216;Love&#8217;. Pratiques, lavables &amp; durables, pour le rangement &amp; la d\u00e9coration dans la cuisine, la salle de bain, le salon, etc. <\/p>\n","protected":false},"featured_media":70821,"comment_status":"open","ping_status":"closed","template":"","meta":{"_acf_changed":false},"product_brand":[3004],"product_cat":[1329],"product_tag":[3295],"class_list":{"0":"post-94973","1":"product","2":"type-product","3":"status-publish","4":"has-post-thumbnail","6":"product_brand-eulenschnitt","7":"product_cat-vases-fr","8":"product_tag-pour-vous","9":"product_shipping_class-colis-jusqua-2-kg","11":"first","12":"instock","13":"taxable","14":"shipping-taxable","15":"purchasable","16":"product-type-simple"},"acf":[],"_links":{"self":[{"href":"https:\/\/one-horizon.ch\/fr\/wp-json\/wp\/v2\/product\/94973","targetHints":{"allow":["GET"]}}],"collection":[{"href":"https:\/\/one-horizon.ch\/fr\/wp-json\/wp\/v2\/product"}],"about":[{"href":"https:\/\/one-horizon.ch\/fr\/wp-json\/wp\/v2\/types\/product"}],"replies":[{"embeddable":true,"href":"https:\/\/one-horizon.ch\/fr\/wp-json\/wp\/v2\/comments?post=94973"}],"wp:featuredmedia":[{"embeddable":true,"href":"https:\/\/one-horizon.ch\/fr\/wp-json\/wp\/v2\/media\/70821"}],"wp:attachment":[{"href":"https:\/\/one-horizon.ch\/fr\/wp-json\/wp\/v2\/media?parent=94973"}],"wp:term":[{"taxonomy":"product_brand","embeddable":true,"href":"https:\/\/one-horizon.ch\/fr\/wp-json\/wp\/v2\/product_brand?post=94973"},{"taxonomy":"product_cat","embeddable":true,"href":"https:\/\/one-horizon.ch\/fr\/wp-json\/wp\/v2\/product_cat?post=94973"},{"taxonomy":"product_tag","embeddable":true,"href":"https:\/\/one-horizon.ch\/fr\/wp-json\/wp\/v2\/product_tag?post=94973"}],"curies":[{"name":"wp","href":"https:\/\/api.w.org\/{rel}","templated":true}]}}