{"id":94974,"date":"2024-02-08T22:49:41","date_gmt":"2024-02-08T21:49:41","guid":{"rendered":"https:\/\/one-horizon.ch\/product\/tocharge-qi-powerbank\/"},"modified":"2026-05-02T15:16:02","modified_gmt":"2026-05-02T13:16:02","slug":"kreafunk-tocharge","status":"publish","type":"product","link":"https:\/\/one-horizon.ch\/fr\/product\/kreafunk-tocharge\/","title":{"rendered":"toCHARGE QI Powerbank"},"content":{"rendered":"<p>Un t\u00e9l\u00e9phone d\u00e9charg\u00e9 ne sera plus jamais un probl\u00e8me. Avec le toCHARGE QI Powerbank de Kreafunk, d\u00e9couvrez le confort du chargement sans fil. Il est facile \u00e0 transporter, ce qui garantit un chargement rapide et simple lors des d\u00e9placements. Son design rectangulaire s&#8217;adapte \u00e0 la forme de votre t\u00e9l\u00e9phone et est agr\u00e9ablement doux au toucher. toCHARGE QI peut recharger tous les t\u00e9l\u00e9phones qui prennent en charge la charge sans fil. Il se fixe facilement \u00e0 votre t\u00e9l\u00e9phone gr\u00e2ce aux aimants adapt\u00e9s \u00e0 l&#8217;iPhone 12 et \u00e0 l&#8217;iPhone 12 Pro ou \u00e0 l&#8217;iPhone 13 et \u00e0 l&#8217;iPhone 13 Pro. Le mat\u00e9riau antid\u00e9rapant permet de le faire adh\u00e9rer \u00e0 d&#8217;autres mod\u00e8les. Vous pouvez charger \u00e0 la fois votre t\u00e9l\u00e9phone et la Kreafunk toCHARGE QI en m\u00eame temps, de sorte que vous \u00eates pr\u00eat pour une nouvelle journ\u00e9e de plaisir.<\/p>\n<p><strong>Caract\u00e9ristiques<\/strong><\/p>\n<ul>\n<li><strong>Chargement :<\/strong> &#8211; Chargement Qi sans fil &#8211; Chargement magn\u00e9tique sans fil pour les iPhones compatibles &#8211; Chargement USB-C<\/li>\n<li><strong>Puissance :<\/strong> &#8211; Jusqu&#8217;\u00e0 deux charges compl\u00e8tes selon le t\u00e9l\u00e9phone &#8211; 5000 mAh, 19 Wh<\/li>\n<li><strong>Puissance :<\/strong> 15 W<\/li>\n<li><strong>Temps de charge :<\/strong> 3-4 heures<\/li>\n<li><strong>Dimensions :<\/strong> 104 x 64 x 11 mm &#8211; c\u00e2ble de recharge inclus<\/li>\n<\/ul>\n","protected":false},"excerpt":{"rendered":"<p>Le toCHARGE QI Powerbank de Kreafunk offre une charge sans fil, une fixation magn\u00e9tique pour les iPhones compatibles et jusqu&#8217;\u00e0 deux charges compl\u00e8tes. 5000 mAh, 15 W. Compact et id\u00e9al pour les d\u00e9placements. <\/p>\n","protected":false},"featured_media":100440,"comment_status":"open","ping_status":"closed","template":"","meta":{"_acf_changed":false},"product_brand":[3016],"product_cat":[1319],"product_tag":[],"class_list":{"0":"post-94974","1":"product","2":"type-product","3":"status-publish","4":"has-post-thumbnail","6":"product_brand-kreafunk","7":"product_cat-batterie-externe","8":"product_shipping_class-colis-jusqua-2-kg","9":"pa_farbe-blanc","10":"pa_farbe-bleu","11":"pa_farbe-care-fr","12":"pa_farbe-gris-lune","13":"pa_farbe-noir","14":"pa_farbe-rose","15":"pa_farbe-rose-poussiereux","16":"pa_farbe-sable-divoire","17":"pa_farbe-vert-poussiereux","19":"first","20":"outofstock","21":"taxable","22":"shipping-taxable","23":"purchasable","24":"product-type-variable","25":"has-default-attributes"},"acf":[],"_links":{"self":[{"href":"https:\/\/one-horizon.ch\/fr\/wp-json\/wp\/v2\/product\/94974","targetHints":{"allow":["GET"]}}],"collection":[{"href":"https:\/\/one-horizon.ch\/fr\/wp-json\/wp\/v2\/product"}],"about":[{"href":"https:\/\/one-horizon.ch\/fr\/wp-json\/wp\/v2\/types\/product"}],"replies":[{"embeddable":true,"href":"https:\/\/one-horizon.ch\/fr\/wp-json\/wp\/v2\/comments?post=94974"}],"wp:featuredmedia":[{"embeddable":true,"href":"https:\/\/one-horizon.ch\/fr\/wp-json\/wp\/v2\/media\/100440"}],"wp:attachment":[{"href":"https:\/\/one-horizon.ch\/fr\/wp-json\/wp\/v2\/media?parent=94974"}],"wp:term":[{"taxonomy":"product_brand","embeddable":true,"href":"https:\/\/one-horizon.ch\/fr\/wp-json\/wp\/v2\/product_brand?post=94974"},{"taxonomy":"product_cat","embeddable":true,"href":"https:\/\/one-horizon.ch\/fr\/wp-json\/wp\/v2\/product_cat?post=94974"},{"taxonomy":"product_tag","embeddable":true,"href":"https:\/\/one-horizon.ch\/fr\/wp-json\/wp\/v2\/product_tag?post=94974"}],"curies":[{"name":"wp","href":"https:\/\/api.w.org\/{rel}","templated":true}]}}