{"id":94980,"date":"2024-02-08T22:49:40","date_gmt":"2024-02-08T21:49:40","guid":{"rendered":"https:\/\/one-horizon.ch\/product\/diffuseur-reed-you-are-amazing\/"},"modified":"2026-04-07T23:17:14","modified_gmt":"2026-04-07T21:17:14","slug":"diffuseur-you-are-amazing","status":"publish","type":"product","link":"https:\/\/one-horizon.ch\/fr\/product\/diffuseur-you-are-amazing\/","title":{"rendered":"Diffuseur Reed &#8211; You are amazing"},"content":{"rendered":"<p>Notre diffuseur Reed est le cadeau parfait et durable pour toute maison. Le diffuseur v\u00e9g\u00e9talien Reed vous apporte des vibrations confortables avec le parfum du pamplemousse et du poivre noir. Ce produit est fabriqu\u00e9 aux Pays-Bas et le flacon de 400 ml est compos\u00e9 \u00e0 100 % de plastique recycl\u00e9.<\/p>\n<\/p>\n<p><strong>Contenu : 400 ml<\/strong><\/p>\n<\/p>\n<p><strong>Parfum :<\/strong> Pamplemousse &amp; poivre noir<\/p>\n<p><strong>Notes de t\u00eate :<\/strong> Pamplemousse, huile de poivre noir, racines de gingembre<\/p>\n<p><strong>Notes de c\u0153ur :<\/strong> Clous de girofle chauds, huile de v\u00e9tiver, feuilles de tabac<\/p>\n<p><strong>Notes de fond :<\/strong> Ambre min\u00e9ral, daim blanc, copeaux de c\u00e8dre<\/p>\n","protected":false},"excerpt":{"rendered":"<p>Le diffuseur v\u00e9g\u00e9talien Reed au parfum de pamplemousse et de poivre noir est le cadeau parfait et durable pour toute maison. Fabriqu\u00e9 aux Pays-Bas, le flacon de 400 ml est compos\u00e9 \u00e0 100 % de plastique recycl\u00e9.<\/p>\n","protected":false},"featured_media":70859,"comment_status":"open","ping_status":"closed","template":"","meta":{"_acf_changed":false},"product_brand":[3046],"product_cat":[1325],"product_tag":[3359,3295],"class_list":{"0":"post-94980","1":"product","2":"type-product","3":"status-publish","4":"has-post-thumbnail","6":"product_brand-the-gift-label","7":"product_cat-diffuseurs-sprays-dambiance","8":"product_tag-anniversaire","9":"product_tag-pour-vous","10":"product_shipping_class-colis-jusqua-2-kg","12":"first","13":"instock","14":"taxable","15":"shipping-taxable","16":"purchasable","17":"product-type-simple"},"acf":[],"_links":{"self":[{"href":"https:\/\/one-horizon.ch\/fr\/wp-json\/wp\/v2\/product\/94980","targetHints":{"allow":["GET"]}}],"collection":[{"href":"https:\/\/one-horizon.ch\/fr\/wp-json\/wp\/v2\/product"}],"about":[{"href":"https:\/\/one-horizon.ch\/fr\/wp-json\/wp\/v2\/types\/product"}],"replies":[{"embeddable":true,"href":"https:\/\/one-horizon.ch\/fr\/wp-json\/wp\/v2\/comments?post=94980"}],"wp:featuredmedia":[{"embeddable":true,"href":"https:\/\/one-horizon.ch\/fr\/wp-json\/wp\/v2\/media\/70859"}],"wp:attachment":[{"href":"https:\/\/one-horizon.ch\/fr\/wp-json\/wp\/v2\/media?parent=94980"}],"wp:term":[{"taxonomy":"product_brand","embeddable":true,"href":"https:\/\/one-horizon.ch\/fr\/wp-json\/wp\/v2\/product_brand?post=94980"},{"taxonomy":"product_cat","embeddable":true,"href":"https:\/\/one-horizon.ch\/fr\/wp-json\/wp\/v2\/product_cat?post=94980"},{"taxonomy":"product_tag","embeddable":true,"href":"https:\/\/one-horizon.ch\/fr\/wp-json\/wp\/v2\/product_tag?post=94980"}],"curies":[{"name":"wp","href":"https:\/\/api.w.org\/{rel}","templated":true}]}}