{"id":94995,"date":"2024-02-08T22:49:20","date_gmt":"2024-02-08T21:49:20","guid":{"rendered":"https:\/\/one-horizon.ch\/product\/station-daccueil-pour-ordinateur-portable\/"},"modified":"2026-05-16T11:49:10","modified_gmt":"2026-05-16T09:49:10","slug":"station-daccueil-pour-ordinateur-portable","status":"publish","type":"product","link":"https:\/\/one-horizon.ch\/fr\/product\/station-daccueil-pour-ordinateur-portable\/","title":{"rendered":"Station d&#8217;accueil pour ordinateur portable"},"content":{"rendered":"<p><strong>Votre espace de travail est plus efficace avec le Laptop Dock<\/strong><\/p>\n<p>Le Laptop Dock est un support \u00e9l\u00e9gant pour ordinateur portable qui fait passer votre organisation de bureau \u00e0 un niveau sup\u00e9rieur. En pla\u00e7ant votre ordinateur portable \u00e0 la verticale, vous \u00e9conomisez non seulement de la place, surtout si vous utilisez un moniteur externe, mais vous augmentez \u00e9galement votre productivit\u00e9. Cette station d&#8217;accueil reste bien fix\u00e9e \u00e0 la surface de la table gr\u00e2ce \u00e0 ses ventouses robustes et \u00e0 sa construction solide, tout en offrant une protection optimale \u00e0 votre ordinateur portable.<\/p>\n<p><strong>Construction robuste pour une prise en main s\u00fbre<\/strong><\/p>\n<p>Fabriqu\u00e9 en bois massif de haute qualit\u00e9 et en acier inoxydable, le Laptop Dock garantit une stabilit\u00e9 durable et un maintien s\u00fbr de votre ordinateur portable.<\/p>\n<p><strong>Largeur ajustable pour une compatibilit\u00e9 maximale<\/strong><\/p>\n<p>Le support convient aux appareils d&#8217;une \u00e9paisseur maximale de 2 cm. L&#8217;utilisation de bandes de feutre suppl\u00e9mentaires permet d&#8217;ajuster la largeur \u00e0 votre convenance pour maintenir votre ordinateur portable dans une position stable.<\/p>\n<p><strong>protection contre les rayures et a\u00e9ration optimale<\/strong><\/p>\n<p>Une couche de feutre \u00e0 l&#8217;entr\u00e9e de la station d&#8217;accueil prot\u00e8ge votre ordinateur portable des rayures inesth\u00e9tiques tout en garantissant une ventilation optimale.<\/p>\n<p><strong>Des dimensions compactes pour un am\u00e9nagement efficace de l&#8217;espace<\/strong><\/p>\n<p>Avec une longueur de 18 cm, une largeur de 9 cm et une hauteur de 4,2 cm, le Laptop Dock offre une solution peu encombrante pour l&#8217;organisation de votre bureau.<\/p>\n<p>Am\u00e9liorez votre environnement de travail et cr\u00e9ez plus d&#8217;espace sur votre bureau avec le Laptop Dock. Cet accessoire \u00e9l\u00e9gant et fonctionnel ne fait pas qu&#8217;augmenter votre productivit\u00e9, il donne aussi une touche professionnelle \u00e0 votre espace de travail. Offrez-vous d\u00e8s aujourd&#8217;hui le Laptop Dock et d\u00e9couvrez un am\u00e9nagement plus efficace de votre espace.<\/p>\n","protected":false},"excerpt":{"rendered":"<p>Augmentez votre productivit\u00e9 avec le Laptop Dock &#8211; le support \u00e9l\u00e9gant et peu encombrant pour ordinateur portable, fabriqu\u00e9 en bois massif et en acier inoxydable. Maintien s\u00fbr, largeur adaptable, protection contre les rayures et ventilation optimale.<\/p>\n","protected":false},"featured_media":70397,"comment_status":"open","ping_status":"closed","template":"","meta":{"_acf_changed":false},"product_brand":[3029],"product_cat":[3225],"product_tag":[],"class_list":{"0":"post-94995","1":"product","2":"type-product","3":"status-publish","4":"has-post-thumbnail","6":"product_brand-oakywood","7":"product_cat-mise-en-place-et-organisation-du-bureau","8":"product_shipping_class-colis-jusqua-2-kg","9":"pa_farbe-chene","10":"pa_farbe-noir","11":"pa_farbe-noyer","13":"first","14":"onbackorder","15":"taxable","16":"shipping-taxable","17":"purchasable","18":"product-type-variable","19":"has-default-attributes"},"acf":[],"_links":{"self":[{"href":"https:\/\/one-horizon.ch\/fr\/wp-json\/wp\/v2\/product\/94995","targetHints":{"allow":["GET"]}}],"collection":[{"href":"https:\/\/one-horizon.ch\/fr\/wp-json\/wp\/v2\/product"}],"about":[{"href":"https:\/\/one-horizon.ch\/fr\/wp-json\/wp\/v2\/types\/product"}],"replies":[{"embeddable":true,"href":"https:\/\/one-horizon.ch\/fr\/wp-json\/wp\/v2\/comments?post=94995"}],"wp:featuredmedia":[{"embeddable":true,"href":"https:\/\/one-horizon.ch\/fr\/wp-json\/wp\/v2\/media\/70397"}],"wp:attachment":[{"href":"https:\/\/one-horizon.ch\/fr\/wp-json\/wp\/v2\/media?parent=94995"}],"wp:term":[{"taxonomy":"product_brand","embeddable":true,"href":"https:\/\/one-horizon.ch\/fr\/wp-json\/wp\/v2\/product_brand?post=94995"},{"taxonomy":"product_cat","embeddable":true,"href":"https:\/\/one-horizon.ch\/fr\/wp-json\/wp\/v2\/product_cat?post=94995"},{"taxonomy":"product_tag","embeddable":true,"href":"https:\/\/one-horizon.ch\/fr\/wp-json\/wp\/v2\/product_tag?post=94995"}],"curies":[{"name":"wp","href":"https:\/\/api.w.org\/{rel}","templated":true}]}}