{"id":95029,"date":"2024-02-08T22:49:58","date_gmt":"2024-02-08T21:49:58","guid":{"rendered":"https:\/\/one-horizon.ch\/product\/support-de-charge-pour-apple-watch\/"},"modified":"2026-04-05T17:57:57","modified_gmt":"2026-04-05T15:57:57","slug":"apple-watch-charging-stand","status":"publish","type":"product","link":"https:\/\/one-horizon.ch\/fr\/product\/apple-watch-charging-stand\/","title":{"rendered":"Support de charge pour Apple Watch"},"content":{"rendered":"<p><strong>Chargement magn\u00e9tique pour votre Apple Watch<\/strong><\/p>\n<p>Le Magnetic Charging Apple Watch Stand est un support intelligent qui vous facilite la vie. Cela vous permet non seulement de ranger votre Apple Watch avec style, mais aussi de la recharger. Il suffit de poser votre montre sur le support et vous n&#8217;aurez plus \u00e0 vous soucier qu&#8217;elle ou le chargeur glisse de la table. Ce support \u00e9l\u00e9gant s&#8217;adapte parfaitement \u00e0 tout support pour iPhone MagSafe.<\/p>\n<p>&nbsp;<\/p>\n<p><strong>Plus qu&#8217;un simple support<\/strong><\/p>\n<p>Ce qui rend ce support si particulier, c&#8217;est sa polyvalence. Vous pouvez recharger votre Apple Watch en mode portrait ou paysage. La conception du support permet de sortir un support magn\u00e9tique pour fixer solidement le chargeur et l&#8217;emp\u00eacher de glisser sur la table.<\/p>\n<p>&nbsp;<\/p>\n<p><strong>Une prise s\u00fbre<\/strong><\/p>\n<p>Le support est \u00e9quip\u00e9 d&#8217;un pied en bois&nbsp;qui a un centre de gravit\u00e9 bas. Il est ainsi stable et offre \u00e0 votre Apple Watch un emplacement s\u00fbr pendant le chargement.<\/p>\n<p>&nbsp;<\/p>\n<p><strong>Une \u00e9l\u00e9gance intemporelle<\/strong><\/p>\n<p>Ce support vous permet de pr\u00e9senter votre Apple Watch avec style et de l&#8217;utiliser comme une montre traditionnelle qui vous donne l&#8217;heure. Il fait partie de notre collection MagSafe et est le r\u00e9sultat de plusieurs mois de travail. Durant cette p\u00e9riode, nous avons cr\u00e9\u00e9 de nombreux prototypes et r\u00e9alis\u00e9 des tests d&#8217;utilisabilit\u00e9 approfondis. Le r\u00e9sultat est un produit qui n&#8217;est pas seulement fonctionnel, mais qui convainc aussi par son design intemporel.<\/p>\n<p>&nbsp;<\/p>\n<p><strong>Compatibilit\u00e9 et masse<\/strong><\/p>\n<p>Le Magnetic Charging Apple Watch Stand est compatible avec tous les mod\u00e8les d&#8217;Apple Watch et le chargeur magn\u00e9tique original d&#8217;Apple Watch.<\/p>\n<p>&nbsp;<\/p>\n<p><em><strong>Veuillez noter que<\/strong> le chargeur de l&#8217;Apple Watch n&#8217;est pas inclus dans la livraison.<\/em><\/p>\n<p>&nbsp;<\/p>\n<p><strong>Dimensions<\/strong><\/p>\n<p>Longueur : 5,3 cm<br \/>Largeur : 7,5 cm<br \/>Hauteur : 8,2 cm<\/p>\n","protected":false},"excerpt":{"rendered":"<p>Le Magnetic Charging Stand recharge votre Apple Watch avec style, avec un syst\u00e8me de fixation magn\u00e9tique, un chargement en format vertical\/transversal, un pied en bois stable et un design intemporel. Compatible avec tous les mod\u00e8les d&#8217;Apple Watch (chargeur non inclus).<\/p>\n","protected":false},"featured_media":71073,"comment_status":"open","ping_status":"closed","template":"","meta":{"_acf_changed":false},"product_brand":[3029],"product_cat":[962],"product_tag":[],"class_list":{"0":"post-95029","1":"product","2":"type-product","3":"status-publish","4":"has-post-thumbnail","6":"product_brand-oakywood","7":"product_cat-accessoires-de-charge","8":"product_shipping_class-colis-jusqua-2-kg","9":"pa_holz-bois-de-chene","10":"pa_holz-noir","11":"pa_holz-noyer","13":"first","14":"onbackorder","15":"taxable","16":"shipping-taxable","17":"purchasable","18":"product-type-variable","19":"has-default-attributes"},"acf":[],"_links":{"self":[{"href":"https:\/\/one-horizon.ch\/fr\/wp-json\/wp\/v2\/product\/95029","targetHints":{"allow":["GET"]}}],"collection":[{"href":"https:\/\/one-horizon.ch\/fr\/wp-json\/wp\/v2\/product"}],"about":[{"href":"https:\/\/one-horizon.ch\/fr\/wp-json\/wp\/v2\/types\/product"}],"replies":[{"embeddable":true,"href":"https:\/\/one-horizon.ch\/fr\/wp-json\/wp\/v2\/comments?post=95029"}],"wp:featuredmedia":[{"embeddable":true,"href":"https:\/\/one-horizon.ch\/fr\/wp-json\/wp\/v2\/media\/71073"}],"wp:attachment":[{"href":"https:\/\/one-horizon.ch\/fr\/wp-json\/wp\/v2\/media?parent=95029"}],"wp:term":[{"taxonomy":"product_brand","embeddable":true,"href":"https:\/\/one-horizon.ch\/fr\/wp-json\/wp\/v2\/product_brand?post=95029"},{"taxonomy":"product_cat","embeddable":true,"href":"https:\/\/one-horizon.ch\/fr\/wp-json\/wp\/v2\/product_cat?post=95029"},{"taxonomy":"product_tag","embeddable":true,"href":"https:\/\/one-horizon.ch\/fr\/wp-json\/wp\/v2\/product_tag?post=95029"}],"curies":[{"name":"wp","href":"https:\/\/api.w.org\/{rel}","templated":true}]}}