{"id":95037,"date":"2024-02-08T22:49:39","date_gmt":"2024-02-08T21:49:39","guid":{"rendered":"https:\/\/one-horizon.ch\/product\/dwars-7-4-noir\/"},"modified":"2026-03-30T00:13:25","modified_gmt":"2026-03-29T22:13:25","slug":"dwars-7-4-black","status":"publish","type":"product","link":"https:\/\/one-horizon.ch\/fr\/product\/dwars-7-4-black\/","title":{"rendered":"Dwars 7.4 &#8211; noir"},"content":{"rendered":"<p>D\u00e9couvre le sac \u00e0 dos durable pour ordinateur portable Dwars 7.4 en polyester recycl\u00e9 RPET et en b\u00e2che de bateau.<\/p>\n<p>Que ce soit \u00e0 l&#8217;universit\u00e9, dans les magasins ou au bureau, Dwars 7.4 est toujours un bon choix. Le design astucieux avec double fermeture \u00e9clair sur le rabat facilite l&#8217;acc\u00e8s \u00e0 l&#8217;int\u00e9rieur. Nos produits lifestyle de haute qualit\u00e9 offrent des id\u00e9es de cadeaux utiles et tendance pour toutes les occasions. Rejoins One Horizon et d\u00e9couvre le style, la qualit\u00e9 et la durabilit\u00e9 r\u00e9unis. Commande maintenant ton sac \u00e0 dos pour ordinateur portable Dwars 7.4 et vis ton style de vie unique.<\/p>\n<p><strong>Caract\u00e9ristiques<\/strong><\/p>\n<ul>\n<li>Taille : H37 x P11 x L28cm<\/li>\n<li>Litres : 11.3<\/li>\n<li>Poids : 0.95kg<\/li>\n<li>Ext\u00e9rieur de l&#8217;\u00e9tui : Fermeture rapide \u00e0 crochet<\/li>\n<li>2 fermetures \u00e0 glissi\u00e8re sur les c\u00f4t\u00e9s du rabat pour faciliter l&#8217;acc\u00e8s<\/li>\n<li>poche zipp\u00e9e cach\u00e9e sur le c\u00f4t\u00e9<\/li>\n<li>Int\u00e9rieur : 2 poches<\/li>\n<li>Compartiment pour ordinateur portable 14&#8243; rembourr\u00e9 (format vertical) et compartiment pour tablette 10,5&#8243; rembourr\u00e9<\/li>\n<\/ul>\n","protected":false},"excerpt":{"rendered":"<p>Le sac \u00e0 dos pour ordinateur portable Dwars 7.4 en polyester recycl\u00e9 RPET et b\u00e2che de bateau offre style, qualit\u00e9 et durabilit\u00e9. Avec une capacit\u00e9 de 11.3L, un compartiment pour ordinateur portable de 14&#8243; et un design pratique, id\u00e9al pour l&#8217;universit\u00e9, le shopping ou le bureau.<\/p>\n","protected":false},"featured_media":99713,"comment_status":"open","ping_status":"closed","template":"","meta":{"_acf_changed":false},"product_brand":[2984],"product_cat":[867],"product_tag":[],"class_list":{"0":"post-95037","1":"product","2":"type-product","3":"status-publish","4":"has-post-thumbnail","6":"product_brand-7clouds","7":"product_cat-sacs-a-dos","8":"product_shipping_class-colis-jusqua-2-kg","10":"first","11":"onbackorder","12":"taxable","13":"shipping-taxable","14":"purchasable","15":"product-type-simple"},"acf":[],"_links":{"self":[{"href":"https:\/\/one-horizon.ch\/fr\/wp-json\/wp\/v2\/product\/95037","targetHints":{"allow":["GET"]}}],"collection":[{"href":"https:\/\/one-horizon.ch\/fr\/wp-json\/wp\/v2\/product"}],"about":[{"href":"https:\/\/one-horizon.ch\/fr\/wp-json\/wp\/v2\/types\/product"}],"replies":[{"embeddable":true,"href":"https:\/\/one-horizon.ch\/fr\/wp-json\/wp\/v2\/comments?post=95037"}],"wp:featuredmedia":[{"embeddable":true,"href":"https:\/\/one-horizon.ch\/fr\/wp-json\/wp\/v2\/media\/99713"}],"wp:attachment":[{"href":"https:\/\/one-horizon.ch\/fr\/wp-json\/wp\/v2\/media?parent=95037"}],"wp:term":[{"taxonomy":"product_brand","embeddable":true,"href":"https:\/\/one-horizon.ch\/fr\/wp-json\/wp\/v2\/product_brand?post=95037"},{"taxonomy":"product_cat","embeddable":true,"href":"https:\/\/one-horizon.ch\/fr\/wp-json\/wp\/v2\/product_cat?post=95037"},{"taxonomy":"product_tag","embeddable":true,"href":"https:\/\/one-horizon.ch\/fr\/wp-json\/wp\/v2\/product_tag?post=95037"}],"curies":[{"name":"wp","href":"https:\/\/api.w.org\/{rel}","templated":true}]}}