{"id":95043,"date":"2024-02-08T22:49:56","date_gmt":"2024-02-08T21:49:56","guid":{"rendered":"https:\/\/one-horizon.ch\/product\/nemin-1-charcoal\/"},"modified":"2026-03-30T00:11:44","modified_gmt":"2026-03-29T22:11:44","slug":"nemin-1-charcoal","status":"publish","type":"product","link":"https:\/\/one-horizon.ch\/fr\/product\/nemin-1-charcoal\/","title":{"rendered":"Nemin 1 &#8211; charcoal"},"content":{"rendered":"<p><strong>Nemin 1 &#8211; Le sac \u00e0 dos lifestyle qui enthousiasme !<\/strong><\/p>\n<p>Nemin 1 se distingue par son syst\u00e8me unique de fermeture \u00e9clair centrale, qui n&#8217;est pas seulement styl\u00e9, mais aussi extr\u00eamement fonctionnel. Le design rolltop prot\u00e8ge tes effets personnels et rend le sac \u00e0 dos antivol.<\/p>\n<p>\u00c0 l&#8217;int\u00e9rieur, Nemin 1 surprend avec un compartiment rembourr\u00e9 pour ordinateur portable de 15 pouces et un compartiment pour tablette de 10,5 pouces, tous deux fabriqu\u00e9s en toile. Ce sac \u00e0 dos allie fonctionnalit\u00e9 et design attrayant au plus haut niveau.<\/p>\n<p>D\u00e9couvre Nemin 1, le compagnon ultime pour toutes les occasions, et fais l&#8217;exp\u00e9rience de la symbiose parfaite entre style et praticit\u00e9. Chez &#8220;One Horizon&#8221;, tu trouveras des produits lifestyle de grande qualit\u00e9, et Nemin 1 \u00e9tablit de nouveaux crit\u00e8res dans cette cat\u00e9gorie. Procure-toi-le maintenant et fais une d\u00e9claration !<\/p>\n<p><strong>Caract\u00e9ristiques<\/strong><\/p>\n<ul>\n<li>Taille : H48 x P15 x L33 cm<\/li>\n<li>litres : 23,7<\/li>\n<li>poids : 1,35 kg<\/li>\n<li>Sac \u00e0 dos pour ordinateur portable City-Office<\/li>\n<li>Doublure : 100% coton r\u00e9sistant (fibre naturelle)<\/li>\n<li>Sangles : coton (fibres naturelles)<\/li>\n<li>Applications : cuir tann\u00e9 v\u00e9g\u00e9tal<\/li>\n<li>Housse ext\u00e9rieure : Canvas (fibre naturelle de coton), soft waxed (hydrofuge)<\/li>\n<li>Rolltop s\u00e9curis\u00e9 par 2 crochets de fermeture \u00e0 sangle, r\u00e9glable<\/li>\n<li>acc\u00e8s zipp\u00e9 au compartiment pour ordinateur portable au dos<\/li>\n<li>1 poign\u00e9e en coton (fibre naturelle) avec application de cuir<\/li>\n<li>Bandouli\u00e8re : rembourr\u00e9e en toile (coton et fibres naturelles)<\/li>\n<li>Dos rembourr\u00e9<\/li>\n<li>poche zipp\u00e9e \u00e0 l&#8217;avant<\/li>\n<li>Poche zipp\u00e9e \u00e0 l&#8217;arri\u00e8re<\/li>\n<li>Raccords : m\u00e9tal<\/li>\n<li>Int\u00e9rieur : Compartiment pour ordinateur portable en toile, rembourr\u00e9, pouvant accueillir jusqu&#8217;\u00e0 14 pouces (33 x 28 cm)<\/li>\n<li>Compartiment pour tablette en toile. convient jusqu&#8217;\u00e0 10,5 pouces<\/li>\n<li>2 poches en toile<\/li>\n<\/ul>\n","protected":false},"excerpt":{"rendered":"<p>Nemin 1 &#8211; Le sac \u00e0 dos lifestyle qui enthousiasme ! Nemin 1 se distingue par son syst\u00e8me unique de fermeture \u00e9clair centrale, qui n&#8217;est pas seulement styl\u00e9, mais aussi extr\u00eamement fonctionnel. Le design rolltop prot\u00e8ge tes effets personnels et rend le sac \u00e0 dos antivol. \u00c0 l&#8217;int\u00e9rieur, Nemin 1 surprend avec un compartiment rembourr\u00e9 [&hellip;]<\/p>\n","protected":false},"featured_media":100377,"comment_status":"open","ping_status":"closed","template":"","meta":{"_acf_changed":false},"product_brand":[3019],"product_cat":[867],"product_tag":[],"class_list":{"0":"post-95043","1":"product","2":"type-product","3":"status-publish","4":"has-post-thumbnail","6":"product_brand-margelisch","7":"product_cat-sacs-a-dos","8":"product_shipping_class-colis-jusqua-2-kg","10":"first","11":"outofstock","12":"taxable","13":"shipping-taxable","14":"purchasable","15":"product-type-simple"},"acf":[],"_links":{"self":[{"href":"https:\/\/one-horizon.ch\/fr\/wp-json\/wp\/v2\/product\/95043","targetHints":{"allow":["GET"]}}],"collection":[{"href":"https:\/\/one-horizon.ch\/fr\/wp-json\/wp\/v2\/product"}],"about":[{"href":"https:\/\/one-horizon.ch\/fr\/wp-json\/wp\/v2\/types\/product"}],"replies":[{"embeddable":true,"href":"https:\/\/one-horizon.ch\/fr\/wp-json\/wp\/v2\/comments?post=95043"}],"wp:featuredmedia":[{"embeddable":true,"href":"https:\/\/one-horizon.ch\/fr\/wp-json\/wp\/v2\/media\/100377"}],"wp:attachment":[{"href":"https:\/\/one-horizon.ch\/fr\/wp-json\/wp\/v2\/media?parent=95043"}],"wp:term":[{"taxonomy":"product_brand","embeddable":true,"href":"https:\/\/one-horizon.ch\/fr\/wp-json\/wp\/v2\/product_brand?post=95043"},{"taxonomy":"product_cat","embeddable":true,"href":"https:\/\/one-horizon.ch\/fr\/wp-json\/wp\/v2\/product_cat?post=95043"},{"taxonomy":"product_tag","embeddable":true,"href":"https:\/\/one-horizon.ch\/fr\/wp-json\/wp\/v2\/product_tag?post=95043"}],"curies":[{"name":"wp","href":"https:\/\/api.w.org\/{rel}","templated":true}]}}