{"id":95053,"date":"2024-02-08T22:49:59","date_gmt":"2024-02-08T21:49:59","guid":{"rendered":"https:\/\/one-horizon.ch\/product\/sac-a-bandouliere-notabag-fern-green\/"},"modified":"2026-03-30T00:11:27","modified_gmt":"2026-03-29T22:11:27","slug":"notabag-crossbody-fern-green","status":"publish","type":"product","link":"https:\/\/one-horizon.ch\/fr\/product\/notabag-crossbody-fern-green\/","title":{"rendered":"Sac \u00e0 bandouli\u00e8re Notabag &#8211; Fern Green"},"content":{"rendered":"<p>Notabag Crossbody &#8211; L&#8217;accessoire de style de vie r\u00e9compens\u00e9<\/p>\n<\/p>\n<p>Notre Notabag Crossbody Black a \u00e9t\u00e9 r\u00e9compens\u00e9 par le German Design Award 2023 et est un produit lifestyle polyvalent et de haute qualit\u00e9. Porte-le sur l&#8217;\u00e9paule, en travers du corps, \u00e0 la main ou autour de la taille &#8211; les possibilit\u00e9s d&#8217;adaptation sont infinies. Le sac peut \u00eatre facilement agrandi ou r\u00e9duit gr\u00e2ce aux boutons-pression pratiques.<\/p>\n<p>\u00c0 l&#8217;int\u00e9rieur, deux poches permettent de maintenir l&#8217;ordre et offrent de la place pour le porte-monnaie et les petits objets. Tes cl\u00e9s peuvent \u00eatre attach\u00e9es en toute s\u00e9curit\u00e9 \u00e0 un mousqueton. La durabilit\u00e9 est importante pour nous, c&#8217;est pourquoi le sac et la sangle sont compos\u00e9s \u00e0 100% de bouteilles en plastique recycl\u00e9es.<\/p>\n<p>Et le meilleur : avec ton achat, tu soutiens automatiquement notre don \u00e0 &#8220;1% for the Planet&#8221;. Procure-toi d\u00e8s aujourd&#8217;hui cet accessoire tendance et pratique pour toutes les occasions !<\/p>\n","protected":false},"excerpt":{"rendered":"<p>Notabag Crossbody Black est un accessoire polyvalent et durable. Porte-le sur l&#8217;\u00e9paule, le corps, la main ou la hanche. R\u00e9glable, avec des poches pour le porte-monnaie et les cl\u00e9s. Fabriqu\u00e9 \u00e0 partir de bouteilles en plastique recycl\u00e9es. Soutenir &#8220;1% for the Planet&#8221;.<\/p>\n","protected":false},"featured_media":71129,"comment_status":"open","ping_status":"closed","template":"","meta":{"_acf_changed":false},"product_brand":[3028],"product_cat":[1321],"product_tag":[],"class_list":{"0":"post-95053","1":"product","2":"type-product","3":"status-publish","4":"has-post-thumbnail","6":"product_brand-notabag","7":"product_cat-sacs-ventraux","8":"product_shipping_class-colis-jusqua-2-kg","10":"first","11":"outofstock","12":"taxable","13":"shipping-taxable","14":"purchasable","15":"product-type-simple"},"acf":[],"_links":{"self":[{"href":"https:\/\/one-horizon.ch\/fr\/wp-json\/wp\/v2\/product\/95053","targetHints":{"allow":["GET"]}}],"collection":[{"href":"https:\/\/one-horizon.ch\/fr\/wp-json\/wp\/v2\/product"}],"about":[{"href":"https:\/\/one-horizon.ch\/fr\/wp-json\/wp\/v2\/types\/product"}],"replies":[{"embeddable":true,"href":"https:\/\/one-horizon.ch\/fr\/wp-json\/wp\/v2\/comments?post=95053"}],"wp:featuredmedia":[{"embeddable":true,"href":"https:\/\/one-horizon.ch\/fr\/wp-json\/wp\/v2\/media\/71129"}],"wp:attachment":[{"href":"https:\/\/one-horizon.ch\/fr\/wp-json\/wp\/v2\/media?parent=95053"}],"wp:term":[{"taxonomy":"product_brand","embeddable":true,"href":"https:\/\/one-horizon.ch\/fr\/wp-json\/wp\/v2\/product_brand?post=95053"},{"taxonomy":"product_cat","embeddable":true,"href":"https:\/\/one-horizon.ch\/fr\/wp-json\/wp\/v2\/product_cat?post=95053"},{"taxonomy":"product_tag","embeddable":true,"href":"https:\/\/one-horizon.ch\/fr\/wp-json\/wp\/v2\/product_tag?post=95053"}],"curies":[{"name":"wp","href":"https:\/\/api.w.org\/{rel}","templated":true}]}}