{"id":95075,"date":"2024-02-08T22:50:01","date_gmt":"2024-02-08T21:50:01","guid":{"rendered":"https:\/\/one-horizon.ch\/product\/sowe-7-4-junglegreen-grey-khaki\/"},"modified":"2026-03-30T00:10:50","modified_gmt":"2026-03-29T22:10:50","slug":"sowe-7-4-junglegreen-grey-khaki","status":"publish","type":"product","link":"https:\/\/one-horizon.ch\/fr\/product\/sowe-7-4-junglegreen-grey-khaki\/","title":{"rendered":"Sowe 7.4 &#8211; junglegreen-grey-khaki"},"content":{"rendered":"<p>Si vous recherchez un sac \u00e0 dos pour ordinateur portable qui allie durabilit\u00e9, style et praticit\u00e9, le Sowe 7.4 est le choix id\u00e9al. Que ce soit pour aller \u00e0 l&#8217;universit\u00e9 tous les jours, pour faire des courses ou pour aller au travail, ce sac \u00e0 dos est votre r\u00e9ponse. Avec une approche innovante du design par 7clouds et un acc\u00e8s facile au compartiment principal gr\u00e2ce \u00e0 deux fermetures \u00e9clair, le Sowe 7.4 r\u00e9pond \u00e0 toutes les exigences.<\/p>\n<\/p>\n<p><strong>Caract\u00e9ristiques :<\/strong><\/p>\n<ul>\n<li>Taille : H44 x P15 x L31 cm<\/li>\n<li>Capacit\u00e9 : 19,0 litres<\/li>\n<li>poids : 1,2 kg<\/li>\n<li>Fermeture rapide du crochet<\/li>\n<li>2 fermetures \u00e0 glissi\u00e8re lat\u00e9rales pour un acc\u00e8s facile<\/li>\n<li>Poche zipp\u00e9e cach\u00e9e sur le c\u00f4t\u00e9<\/li>\n<li>2 poches \u00e0 l&#8217;int\u00e9rieur<\/li>\n<li>Compartiment rembourr\u00e9 pour ordinateur portable 15 pouces en position verticale<\/li>\n<li>Compartiment rembourr\u00e9 pour tablette de 10,5 pouces<\/li>\n<\/ul>\n<p>Ce sac \u00e0 dos n&#8217;est pas seulement \u00e9cologique &#8211; il est fabriqu\u00e9 en polyester RPET recycl\u00e9 et en b\u00e2che de bateau &#8211; mais aussi extr\u00eamement pratique et styl\u00e9. Il vous permet de rester \u00e9l\u00e9gant et bien organis\u00e9, o\u00f9 que votre journ\u00e9e vous m\u00e8ne. Optez pour la qualit\u00e9 et la durabilit\u00e9 avec le sac \u00e0 dos pour ordinateur portable Sowe 7.4.<\/p>\n","protected":false},"excerpt":{"rendered":"<p>Le sac \u00e0 dos pour ordinateur portable Sowe 7.4 allie durabilit\u00e9, style et praticit\u00e9. Avec une capacit\u00e9 de 19L, un compartiment pour ordinateur portable de 15 pouces et du polyester recycl\u00e9, il est id\u00e9al pour l&#8217;universit\u00e9, le travail ou les courses.<\/p>\n","protected":false},"featured_media":71289,"comment_status":"open","ping_status":"closed","template":"","meta":{"_acf_changed":false},"product_brand":[2984],"product_cat":[867],"product_tag":[],"class_list":{"0":"post-95075","1":"product","2":"type-product","3":"status-publish","4":"has-post-thumbnail","6":"product_brand-7clouds","7":"product_cat-sacs-a-dos","8":"product_shipping_class-colis-jusqua-2-kg","10":"first","11":"onbackorder","12":"taxable","13":"shipping-taxable","14":"purchasable","15":"product-type-simple"},"acf":[],"_links":{"self":[{"href":"https:\/\/one-horizon.ch\/fr\/wp-json\/wp\/v2\/product\/95075","targetHints":{"allow":["GET"]}}],"collection":[{"href":"https:\/\/one-horizon.ch\/fr\/wp-json\/wp\/v2\/product"}],"about":[{"href":"https:\/\/one-horizon.ch\/fr\/wp-json\/wp\/v2\/types\/product"}],"replies":[{"embeddable":true,"href":"https:\/\/one-horizon.ch\/fr\/wp-json\/wp\/v2\/comments?post=95075"}],"wp:featuredmedia":[{"embeddable":true,"href":"https:\/\/one-horizon.ch\/fr\/wp-json\/wp\/v2\/media\/71289"}],"wp:attachment":[{"href":"https:\/\/one-horizon.ch\/fr\/wp-json\/wp\/v2\/media?parent=95075"}],"wp:term":[{"taxonomy":"product_brand","embeddable":true,"href":"https:\/\/one-horizon.ch\/fr\/wp-json\/wp\/v2\/product_brand?post=95075"},{"taxonomy":"product_cat","embeddable":true,"href":"https:\/\/one-horizon.ch\/fr\/wp-json\/wp\/v2\/product_cat?post=95075"},{"taxonomy":"product_tag","embeddable":true,"href":"https:\/\/one-horizon.ch\/fr\/wp-json\/wp\/v2\/product_tag?post=95075"}],"curies":[{"name":"wp","href":"https:\/\/api.w.org\/{rel}","templated":true}]}}