{"id":95079,"date":"2024-02-08T22:49:58","date_gmt":"2024-02-08T21:49:58","guid":{"rendered":"https:\/\/one-horizon.ch\/product\/etui-airtag-noir-orbitkey\/"},"modified":"2026-04-22T21:54:06","modified_gmt":"2026-04-22T19:54:06","slug":"orbitkey-airtag-case-slim","status":"publish","type":"product","link":"https:\/\/one-horizon.ch\/fr\/product\/orbitkey-airtag-case-slim\/","title":{"rendered":"\u00c9tui Airtag &#8211; Orbitkey"},"content":{"rendered":"<p><strong>Innovant et facile \u00e0 utiliser<\/strong><\/p>\n<p>Le porte-cl\u00e9s ouvert permet d&#8217;attacher (ou de d\u00e9tacher) facilement des cl\u00e9s ou de faire une boucle autour de tout ce que vous souhaitez suivre. Branchez votre AirTag pour le s\u00e9curiser et vous \u00eates pr\u00eat \u00e0 partir !<\/p>\n<p>&nbsp;<\/p>\n<p><strong>Un design minimal mais s\u00fbr<\/strong><\/p>\n<p>Gr\u00e2ce au facteur de forme mince et petit, vous pouvez fixer votre AirTag sans le surcharger. Un design si minimaliste que vous le remarquerez \u00e0 peine !<\/p>\n<p>&nbsp;<\/p>\n<p><strong>Ne soyez pas timide, montrez-le !<\/strong><\/p>\n<p>Le bo\u00eetier ouvert maintient votre AirTag en toute s\u00e9curit\u00e9 sans masquer la gravure personnalis\u00e9e &#8211; vous pouvez ainsi le pr\u00e9senter dans toute sa splendeur !<\/p>\n<p>&nbsp;<\/p>\n<p><strong>La structure compl\u00e8te<\/strong><\/p>\n<p>Con\u00e7u pour fonctionner encore mieux avec votre Key Organiser &#8211; pour que vous puissiez dire adieu une fois pour toutes aux cl\u00e9s d\u00e9sordonn\u00e9es et bruyantes.<\/p>\n<p>&nbsp;<\/p>\n<p><strong>Airtag non inclus !<\/strong><\/p>\n<p>&nbsp;<\/p>\n<p><strong>Caract\u00e9ristiques<\/strong><\/p>\n<ul>\n<li>L&#8217;\u00e9tui Airtag Orbitkey est une mani\u00e8re minimale et compacte de transporter votre AirTag.<\/li>\n<li>La fine pochette \u00e0 encliqueter maintient votre AirTag en toute s\u00e9curit\u00e9.<\/li>\n<li>Son porte-cl\u00e9s ouvert vous permet de l&#8217;attacher facilement \u00e0 des cl\u00e9s ou \u00e0 d&#8217;autres objets que vous souhaitez suivre.<\/li>\n<\/ul>\n","protected":false},"excerpt":{"rendered":"<p>\u00c9tui Airtag Orbitkey : minimaliste et compact. La fine poche \u00e0 encliqueter maintient fermement votre AirTag. Design innovant avec un porte-cl\u00e9s ouvert pour une fixation facile aux cl\u00e9s ou \u00e0 d&#8217;autres objets. Compatible avec votre organiseur de cl\u00e9s.<\/p>\n<p><strong>Airtag non inclus.<\/strong><\/p>\n","protected":false},"featured_media":116897,"comment_status":"open","ping_status":"closed","template":"","meta":{"_acf_changed":false},"product_brand":[3032],"product_cat":[1370],"product_tag":[3292,3295],"class_list":{"0":"post-95079","1":"product","2":"type-product","3":"status-publish","4":"has-post-thumbnail","6":"product_brand-orbitkey","7":"product_cat-housses-airtag","8":"product_tag-pour-lui","9":"product_tag-pour-vous","10":"product_shipping_class-colis-jusqua-2-kg","11":"pa_farbe-argent","12":"pa_farbe-noir","14":"first","15":"instock","16":"taxable","17":"shipping-taxable","18":"purchasable","19":"product-type-variable"},"acf":[],"_links":{"self":[{"href":"https:\/\/one-horizon.ch\/fr\/wp-json\/wp\/v2\/product\/95079","targetHints":{"allow":["GET"]}}],"collection":[{"href":"https:\/\/one-horizon.ch\/fr\/wp-json\/wp\/v2\/product"}],"about":[{"href":"https:\/\/one-horizon.ch\/fr\/wp-json\/wp\/v2\/types\/product"}],"replies":[{"embeddable":true,"href":"https:\/\/one-horizon.ch\/fr\/wp-json\/wp\/v2\/comments?post=95079"}],"wp:featuredmedia":[{"embeddable":true,"href":"https:\/\/one-horizon.ch\/fr\/wp-json\/wp\/v2\/media\/116897"}],"wp:attachment":[{"href":"https:\/\/one-horizon.ch\/fr\/wp-json\/wp\/v2\/media?parent=95079"}],"wp:term":[{"taxonomy":"product_brand","embeddable":true,"href":"https:\/\/one-horizon.ch\/fr\/wp-json\/wp\/v2\/product_brand?post=95079"},{"taxonomy":"product_cat","embeddable":true,"href":"https:\/\/one-horizon.ch\/fr\/wp-json\/wp\/v2\/product_cat?post=95079"},{"taxonomy":"product_tag","embeddable":true,"href":"https:\/\/one-horizon.ch\/fr\/wp-json\/wp\/v2\/product_tag?post=95079"}],"curies":[{"name":"wp","href":"https:\/\/api.w.org\/{rel}","templated":true}]}}