{"id":95080,"date":"2024-02-08T22:50:25","date_gmt":"2024-02-08T21:50:25","guid":{"rendered":"https:\/\/one-horizon.ch\/product\/sac-jona-gris-fonce\/"},"modified":"2026-03-30T00:10:37","modified_gmt":"2026-03-29T22:10:37","slug":"jona-bag-gris-fonce","status":"publish","type":"product","link":"https:\/\/one-horizon.ch\/fr\/product\/jona-bag-gris-fonce\/","title":{"rendered":"Sac Jona &#8211; Gris fonc\u00e9"},"content":{"rendered":"<p>Couleur : Gris fonc\u00e9 (Lotus Series)<\/p>\n<p>Donne du peps \u00e0 ton week-end, Jona Bag offre un espace de rangement compact pour les petites choses techniques et les objets de valeur. Avec son look urbain, il offre une maniabilit\u00e9 pratique \u00e0 chaque mouvement.<\/p>\n<p>En bouteilles PET recycl\u00e9es<\/p>\n<p><strong>Caract\u00e9ristiques<\/strong><\/p>\n<ul>\n<li>Compartiment principal zipp\u00e9<\/li>\n<li>Poche int\u00e9rieure pour t\u00e9l\u00e9phone<\/li>\n<li>Poche zipp\u00e9e cach\u00e9e \u00e0 l&#8217;arri\u00e8re<\/li>\n<li>Porte-stylo int\u00e9rieur<\/li>\n<li>Sangles r\u00e9glables<\/li>\n<li>Logo &#8216;Ucon Acrobatics&#8217; en relief sur le devant<\/li>\n<\/ul>\n","protected":false},"excerpt":{"rendered":"<p>Couleur : Gris fonc\u00e9 (Lotus Series) Donne du peps \u00e0 ton week-end, Jona Bag offre un espace de rangement compact pour les petites choses techniques et les objets de valeur. Avec son look urbain, il offre une maniabilit\u00e9 pratique \u00e0 chaque mouvement. En bouteilles PET recycl\u00e9es Caract\u00e9ristiques Compartiment principal zipp\u00e9 Poche int\u00e9rieure pour t\u00e9l\u00e9phone Poche [&hellip;]<\/p>\n","protected":false},"featured_media":99704,"comment_status":"open","ping_status":"closed","template":"","meta":{"_acf_changed":false},"product_brand":[3047],"product_cat":[1321],"product_tag":[],"class_list":{"0":"post-95080","1":"product","2":"type-product","3":"status-publish","4":"has-post-thumbnail","6":"product_brand-ucon-acrobatics","7":"product_cat-sacs-ventraux","8":"product_shipping_class-colis-jusqua-2-kg","10":"first","11":"outofstock","12":"taxable","13":"shipping-taxable","14":"purchasable","15":"product-type-simple"},"acf":[],"_links":{"self":[{"href":"https:\/\/one-horizon.ch\/fr\/wp-json\/wp\/v2\/product\/95080","targetHints":{"allow":["GET"]}}],"collection":[{"href":"https:\/\/one-horizon.ch\/fr\/wp-json\/wp\/v2\/product"}],"about":[{"href":"https:\/\/one-horizon.ch\/fr\/wp-json\/wp\/v2\/types\/product"}],"replies":[{"embeddable":true,"href":"https:\/\/one-horizon.ch\/fr\/wp-json\/wp\/v2\/comments?post=95080"}],"wp:featuredmedia":[{"embeddable":true,"href":"https:\/\/one-horizon.ch\/fr\/wp-json\/wp\/v2\/media\/99704"}],"wp:attachment":[{"href":"https:\/\/one-horizon.ch\/fr\/wp-json\/wp\/v2\/media?parent=95080"}],"wp:term":[{"taxonomy":"product_brand","embeddable":true,"href":"https:\/\/one-horizon.ch\/fr\/wp-json\/wp\/v2\/product_brand?post=95080"},{"taxonomy":"product_cat","embeddable":true,"href":"https:\/\/one-horizon.ch\/fr\/wp-json\/wp\/v2\/product_cat?post=95080"},{"taxonomy":"product_tag","embeddable":true,"href":"https:\/\/one-horizon.ch\/fr\/wp-json\/wp\/v2\/product_tag?post=95080"}],"curies":[{"name":"wp","href":"https:\/\/api.w.org\/{rel}","templated":true}]}}