{"id":95097,"date":"2024-02-08T22:50:00","date_gmt":"2024-02-08T21:50:00","guid":{"rendered":"https:\/\/one-horizon.ch\/product\/notabag-rose\/"},"modified":"2026-04-07T23:17:18","modified_gmt":"2026-04-07T21:17:18","slug":"notabag-rose","status":"publish","type":"product","link":"https:\/\/one-horizon.ch\/fr\/product\/notabag-rose\/","title":{"rendered":"Notabag &#8211; Rose"},"content":{"rendered":"<p>D\u00e9couvre Notabag &#8211; la combinaison intelligente d&#8217;un sac de transport et d&#8217;un sac \u00e0 dos. En un tour de main, tu transformes ce sac en un sac \u00e0 dos confortable et tu as ainsi les mains libres pour tout ce que tu as pr\u00e9vu.<\/p>\n<p>&nbsp;<\/p>\n<p>Tu peux facilement ranger ton porte-monnaie, tes cl\u00e9s et autres objets de valeur dans sa spacieuse poche int\u00e9rieure. Et lorsque tu n&#8217;as pas besoin du sac, il dispara\u00eet facilement dans cet espace de rangement pratique &#8211; pratique et peu encombrant.<\/p>\n<p>&nbsp;<\/p>\n<p>Notabag s&#8217;adapte de mani\u00e8re flexible \u00e0 toutes tes situations quotidiennes. Que tu sois en d\u00e9placement, que tu fasses du shopping ou que tu veuilles simplement garder les mains libres, ce sac durable est le compagnon id\u00e9al.<\/p>\n","protected":false},"excerpt":{"rendered":"<p>Sac de transport et sac \u00e0 dos \u00e0 la fois &#8211; transform\u00e9 en un tour de main. Spacieux, compact \u00e0 ranger et durable. Id\u00e9al pour le quotidien, les courses et les d\u00e9placements.  <\/p>\n","protected":false},"featured_media":100105,"comment_status":"open","ping_status":"closed","template":"","meta":{"_acf_changed":false},"product_brand":[3028],"product_cat":[1298],"product_tag":[3295],"class_list":{"0":"post-95097","1":"product","2":"type-product","3":"status-publish","4":"has-post-thumbnail","6":"product_brand-notabag","7":"product_cat-sacs-a-provisions","8":"product_tag-pour-vous","9":"product_shipping_class-colis-jusqua-2-kg","11":"first","12":"instock","13":"taxable","14":"shipping-taxable","15":"purchasable","16":"product-type-simple"},"acf":[],"_links":{"self":[{"href":"https:\/\/one-horizon.ch\/fr\/wp-json\/wp\/v2\/product\/95097","targetHints":{"allow":["GET"]}}],"collection":[{"href":"https:\/\/one-horizon.ch\/fr\/wp-json\/wp\/v2\/product"}],"about":[{"href":"https:\/\/one-horizon.ch\/fr\/wp-json\/wp\/v2\/types\/product"}],"replies":[{"embeddable":true,"href":"https:\/\/one-horizon.ch\/fr\/wp-json\/wp\/v2\/comments?post=95097"}],"wp:featuredmedia":[{"embeddable":true,"href":"https:\/\/one-horizon.ch\/fr\/wp-json\/wp\/v2\/media\/100105"}],"wp:attachment":[{"href":"https:\/\/one-horizon.ch\/fr\/wp-json\/wp\/v2\/media?parent=95097"}],"wp:term":[{"taxonomy":"product_brand","embeddable":true,"href":"https:\/\/one-horizon.ch\/fr\/wp-json\/wp\/v2\/product_brand?post=95097"},{"taxonomy":"product_cat","embeddable":true,"href":"https:\/\/one-horizon.ch\/fr\/wp-json\/wp\/v2\/product_cat?post=95097"},{"taxonomy":"product_tag","embeddable":true,"href":"https:\/\/one-horizon.ch\/fr\/wp-json\/wp\/v2\/product_tag?post=95097"}],"curies":[{"name":"wp","href":"https:\/\/api.w.org\/{rel}","templated":true}]}}