{"id":95103,"date":"2024-02-08T22:50:25","date_gmt":"2024-02-08T21:50:25","guid":{"rendered":"https:\/\/one-horizon.ch\/product\/mini-ventilateur-portable\/"},"modified":"2026-04-05T18:55:55","modified_gmt":"2026-04-05T16:55:55","slug":"mini-portable-fan","status":"publish","type":"product","link":"https:\/\/one-horizon.ch\/fr\/product\/mini-portable-fan\/","title":{"rendered":"Mini ventilateur portable"},"content":{"rendered":"<p>Est un ventilateur simple et compact \u00e9quip\u00e9 d&#8217;une batterie int\u00e9gr\u00e9e et de deux vitesses. Fournit un vent frais.<\/p>\n","protected":false},"excerpt":{"rendered":"<p>Est un ventilateur simple et compact \u00e9quip\u00e9 d&#8217;une batterie int\u00e9gr\u00e9e et de deux vitesses. Fournit un vent frais.<\/p>\n","protected":false},"featured_media":100111,"comment_status":"open","ping_status":"closed","template":"","meta":{"_acf_changed":false},"product_brand":[3036],"product_cat":[1104],"product_tag":[],"class_list":{"0":"post-95103","1":"product","2":"type-product","3":"status-publish","4":"has-post-thumbnail","6":"product_brand-qushini","7":"product_cat-technique","8":"product_shipping_class-colis-jusqua-2-kg","9":"pa_farbe-blanc","10":"pa_farbe-vieux-rose","12":"first","13":"outofstock","14":"taxable","15":"shipping-taxable","16":"purchasable","17":"product-type-variable","18":"has-default-attributes"},"acf":[],"_links":{"self":[{"href":"https:\/\/one-horizon.ch\/fr\/wp-json\/wp\/v2\/product\/95103","targetHints":{"allow":["GET"]}}],"collection":[{"href":"https:\/\/one-horizon.ch\/fr\/wp-json\/wp\/v2\/product"}],"about":[{"href":"https:\/\/one-horizon.ch\/fr\/wp-json\/wp\/v2\/types\/product"}],"replies":[{"embeddable":true,"href":"https:\/\/one-horizon.ch\/fr\/wp-json\/wp\/v2\/comments?post=95103"}],"wp:featuredmedia":[{"embeddable":true,"href":"https:\/\/one-horizon.ch\/fr\/wp-json\/wp\/v2\/media\/100111"}],"wp:attachment":[{"href":"https:\/\/one-horizon.ch\/fr\/wp-json\/wp\/v2\/media?parent=95103"}],"wp:term":[{"taxonomy":"product_brand","embeddable":true,"href":"https:\/\/one-horizon.ch\/fr\/wp-json\/wp\/v2\/product_brand?post=95103"},{"taxonomy":"product_cat","embeddable":true,"href":"https:\/\/one-horizon.ch\/fr\/wp-json\/wp\/v2\/product_cat?post=95103"},{"taxonomy":"product_tag","embeddable":true,"href":"https:\/\/one-horizon.ch\/fr\/wp-json\/wp\/v2\/product_tag?post=95103"}],"curies":[{"name":"wp","href":"https:\/\/api.w.org\/{rel}","templated":true}]}}