{"id":95147,"date":"2024-02-08T22:50:26","date_gmt":"2024-02-08T21:50:26","guid":{"rendered":"https:\/\/one-horizon.ch\/product\/lampe-de-table\/"},"modified":"2026-03-30T00:10:27","modified_gmt":"2026-03-29T22:10:27","slug":"lampe-de-table","status":"publish","type":"product","link":"https:\/\/one-horizon.ch\/fr\/product\/lampe-de-table\/","title":{"rendered":"Lampe de table"},"content":{"rendered":"<p>La lampe de table de Qushini est la solution de design moderne qui va r\u00e9volutionner la d\u00e9coration int\u00e9rieure et ext\u00e9rieure. Un style irr\u00e9sistible et moderne, obtenu en partie gr\u00e2ce \u00e0 l&#8217;utilisation de l&#8217;aluminium pour \u00e9clairer chaque coin de la maison. Il est \u00e9galement parfait pour l&#8217;ext\u00e9rieur, car il est r\u00e9sistant \u00e0 l&#8217;eau et dispose d&#8217;une batterie interne qui peut \u00eatre recharg\u00e9e via un c\u00e2ble USB d&#8217;une port\u00e9e de 8 \u00e0 16 heures. La lumi\u00e8re chaude et r\u00e9glable vous aide \u00e0 cr\u00e9er l&#8217;atmosph\u00e8re parfaite dans chaque situation.<\/p>\n<\/p>\n<p><strong>Caract\u00e9ristiques<\/strong><\/p>\n<ul>\n<li>Lumi\u00e8re blanche chaude de 3000K.<\/li>\n<li>Allumez et \u00e9teignez simplement la lampe en touchant le haut ou en appuyant dessus pour r\u00e9gler l&#8217;intensit\u00e9 de la lumi\u00e8re.<\/li>\n<li>L&#8217;indice de protection IP54 prot\u00e8ge le produit de la poussi\u00e8re et des projections d&#8217;eau sous tous les angles.<\/li>\n<\/ul>\n","protected":false},"excerpt":{"rendered":"<p>La lampe de table Qushini est moderne, r\u00e9sistante \u00e0 l&#8217;eau, en aluminium, avec une lumi\u00e8re blanche chaude r\u00e9glable et une batterie interne rechargeable (8-16 heures). Allumer\/\u00e9teindre par le toucher, r\u00e9gler la luminosit\u00e9. Indice de protection IP54. Parfait pour l&#8217;int\u00e9rieur et l&#8217;ext\u00e9rieur. Chargement par USB.<\/p>\n","protected":false},"featured_media":71493,"comment_status":"open","ping_status":"closed","template":"","meta":{"_acf_changed":false},"product_brand":[3036],"product_cat":[1315],"product_tag":[],"class_list":{"0":"post-95147","1":"product","2":"type-product","3":"status-publish","4":"has-post-thumbnail","6":"product_brand-qushini","7":"product_cat-eclairage","8":"product_shipping_class-colis-jusqua-2-kg","10":"first","11":"outofstock","12":"taxable","13":"shipping-taxable","14":"purchasable","15":"product-type-simple"},"acf":[],"_links":{"self":[{"href":"https:\/\/one-horizon.ch\/fr\/wp-json\/wp\/v2\/product\/95147","targetHints":{"allow":["GET"]}}],"collection":[{"href":"https:\/\/one-horizon.ch\/fr\/wp-json\/wp\/v2\/product"}],"about":[{"href":"https:\/\/one-horizon.ch\/fr\/wp-json\/wp\/v2\/types\/product"}],"replies":[{"embeddable":true,"href":"https:\/\/one-horizon.ch\/fr\/wp-json\/wp\/v2\/comments?post=95147"}],"wp:featuredmedia":[{"embeddable":true,"href":"https:\/\/one-horizon.ch\/fr\/wp-json\/wp\/v2\/media\/71493"}],"wp:attachment":[{"href":"https:\/\/one-horizon.ch\/fr\/wp-json\/wp\/v2\/media?parent=95147"}],"wp:term":[{"taxonomy":"product_brand","embeddable":true,"href":"https:\/\/one-horizon.ch\/fr\/wp-json\/wp\/v2\/product_brand?post=95147"},{"taxonomy":"product_cat","embeddable":true,"href":"https:\/\/one-horizon.ch\/fr\/wp-json\/wp\/v2\/product_cat?post=95147"},{"taxonomy":"product_tag","embeddable":true,"href":"https:\/\/one-horizon.ch\/fr\/wp-json\/wp\/v2\/product_tag?post=95147"}],"curies":[{"name":"wp","href":"https:\/\/api.w.org\/{rel}","templated":true}]}}