{"id":95149,"date":"2024-02-08T22:49:59","date_gmt":"2024-02-08T21:49:59","guid":{"rendered":"https:\/\/one-horizon.ch\/product\/set-de-6-bougies-dip-dye\/"},"modified":"2026-04-05T17:58:00","modified_gmt":"2026-04-05T15:58:00","slug":"dip-dye-bougies-en-set-de-six","status":"publish","type":"product","link":"https:\/\/one-horizon.ch\/fr\/product\/dip-dye-bougies-en-set-de-six\/","title":{"rendered":"Set de 6 bougies Dip Dye"},"content":{"rendered":"<p>Que ce soit un cadeau d&#8217;anniversaire ou de No\u00ebl, un petit quelque chose \u00e0 apporter \u00e0 une f\u00eate d&#8217;\u00e9t\u00e9 ou \u00e0 une autre invitation. Les bougies Dip Dye teint\u00e9es \u00e0 la main sont une merveilleuse fa\u00e7on d&#8217;offrir des cadeaux \u00e0 vos amis et \u00e0 votre famille.<\/p>\n<\/p>\n<p>Chaque bougie est une pi\u00e8ce unique, mais toujours teint\u00e9e avec beaucoup d&#8217;amour et de passion dans l&#8217;atelier de Munich. L&#8217;intensit\u00e9 des couleurs, le d\u00e9grad\u00e9 et l&#8217;ordre des bougies peuvent varier.<\/p>\n<\/p>\n<ul>\n<li><strong>Couleurs :<\/strong> jaune fluo &#8211; rouge fluo | bleu fluo &#8211; vert fluo | orange fluo &#8211; rose fluo<\/li>\n<li><strong>Taille :<\/strong> 6 bougies | hauteur 18 cm | largeur : 2,2 cm<\/li>\n<li><strong>Dur\u00e9e de combustion :<\/strong> environ 6,5 heures chacune  <\/li>\n<\/ul>\n<p><em>Veille \u00e0 ne jamais laisser les bougies allum\u00e9es sans surveillance !<\/em><\/p>\n","protected":false},"excerpt":{"rendered":"<p>Que ce soit un cadeau d&#8217;anniversaire ou de No\u00ebl, les bougies Dip Dye teint\u00e9es \u00e0 la main sont parfaites pour toutes les occasions. Chaque bougie est une pi\u00e8ce unique fabriqu\u00e9e avec amour \u00e0 Munich. Taille : 6 bougies, hauteur 18 cm, largeur 2,2 cm. Dur\u00e9e de combustion : environ 6,5 heures.   <\/p>\n","protected":false},"featured_media":71159,"comment_status":"open","ping_status":"closed","template":"","meta":{"_acf_changed":false},"product_brand":[2992],"product_cat":[989],"product_tag":[],"class_list":{"0":"post-95149","1":"product","2":"type-product","3":"status-publish","4":"has-post-thumbnail","6":"product_brand-by-vivi","7":"product_cat-bougies","8":"product_shipping_class-colis-jusqua-2-kg","9":"pa_edition-edition-love","10":"pa_edition-edition-neon","11":"pa_edition-edition-tulipe","12":"pa_edition-gateau-danniversaire","14":"first","15":"instock","16":"taxable","17":"shipping-taxable","18":"purchasable","19":"product-type-variable","20":"has-default-attributes"},"acf":[],"_links":{"self":[{"href":"https:\/\/one-horizon.ch\/fr\/wp-json\/wp\/v2\/product\/95149","targetHints":{"allow":["GET"]}}],"collection":[{"href":"https:\/\/one-horizon.ch\/fr\/wp-json\/wp\/v2\/product"}],"about":[{"href":"https:\/\/one-horizon.ch\/fr\/wp-json\/wp\/v2\/types\/product"}],"replies":[{"embeddable":true,"href":"https:\/\/one-horizon.ch\/fr\/wp-json\/wp\/v2\/comments?post=95149"}],"wp:featuredmedia":[{"embeddable":true,"href":"https:\/\/one-horizon.ch\/fr\/wp-json\/wp\/v2\/media\/71159"}],"wp:attachment":[{"href":"https:\/\/one-horizon.ch\/fr\/wp-json\/wp\/v2\/media?parent=95149"}],"wp:term":[{"taxonomy":"product_brand","embeddable":true,"href":"https:\/\/one-horizon.ch\/fr\/wp-json\/wp\/v2\/product_brand?post=95149"},{"taxonomy":"product_cat","embeddable":true,"href":"https:\/\/one-horizon.ch\/fr\/wp-json\/wp\/v2\/product_cat?post=95149"},{"taxonomy":"product_tag","embeddable":true,"href":"https:\/\/one-horizon.ch\/fr\/wp-json\/wp\/v2\/product_tag?post=95149"}],"curies":[{"name":"wp","href":"https:\/\/api.w.org\/{rel}","templated":true}]}}