{"id":95172,"date":"2024-02-08T22:50:51","date_gmt":"2024-02-08T21:50:51","guid":{"rendered":"https:\/\/one-horizon.ch\/product\/pavak-1-vert\/"},"modified":"2026-03-30T00:10:13","modified_gmt":"2026-03-29T22:10:13","slug":"pavak-1-green","status":"publish","type":"product","link":"https:\/\/one-horizon.ch\/fr\/product\/pavak-1-green\/","title":{"rendered":"Pavak 1 &#8211; vert"},"content":{"rendered":"<p>Le sac \u00e0 dos Pavak 1 : \u00e9l\u00e9gant, fonctionnel et un classique moderne. Le sac \u00e0 dos Pavak 1, fabriqu\u00e9 en toile de coton 100 % organique, est votre compagnon id\u00e9al. Avec un compartiment pour ordinateur portable de 15&#8243; et une capacit\u00e9 g\u00e9n\u00e9reuse de 25 litres, il offre de la place pour la technique et l&#8217;essentiel.<\/p>\n<\/p>\n<p>Gr\u00e2ce \u00e0 ses propri\u00e9t\u00e9s hydrofuges et \u00e0 ses d\u00e9tails en cuir tann\u00e9 v\u00e9g\u00e9tal, ce sac \u00e0 dos est \u00e0 la fois \u00e9l\u00e9gant et pratique. Id\u00e9al pour le quotidien et les voyages spontan\u00e9s le week-end. Le sac \u00e0 dos Pavak 1 est une d\u00e9claration de votre style de vie.<\/p>\n<\/p>\n<p><strong>Caract\u00e9ristiques<\/strong><\/p>\n<ul>\n<li>Taille : H45 x P18 x L31 cm<\/li>\n<li>litres : 25,0<\/li>\n<li>poids : 1,4 kg<\/li>\n<li>Sac \u00e0 dos pour ordinateur portable d&#8217;\u00e9tudiant, de bureau<\/li>\n<li>Doublure : 100% coton r\u00e9sistant (fibre naturelle)<\/li>\n<li>Sangles : coton (fibres naturelles)<\/li>\n<li>Applications : cuir tann\u00e9 v\u00e9g\u00e9tal<\/li>\n<li>Housse ext\u00e9rieure : toile (coton et fibres naturelles), soft waxed (hydrofuge)<\/li>\n<li>Rolltop s\u00e9curis\u00e9 par un crochet de fermeture \u00e0 sangle, r\u00e9glable<\/li>\n<li>1 poign\u00e9e en coton (fibre naturelle) avec application de cuir<\/li>\n<li>Bandouli\u00e8re : rembourr\u00e9e en toile (coton et fibres naturelles)<\/li>\n<li>1 poche lat\u00e9rale ext\u00e9rieure gauche<\/li>\n<li>Dos rembourr\u00e9<\/li>\n<li>Poche zipp\u00e9e \u00e0 l&#8217;avant et \u00e0 l&#8217;arri\u00e8re<\/li>\n<li>Raccords : m\u00e9tal<\/li>\n<li>Int\u00e9rieur : Compartiment pour ordinateur portable en toile, rembourr\u00e9, pouvant accueillir jusqu&#8217;\u00e0 15 pouces (38 x 31 cm)<\/li>\n<li>compartiment pour tablette en toile, pouvant accueillir jusqu&#8217;\u00e0 10,5 pouces<\/li>\n<li>2 poches en toile<\/li>\n<\/ul>\n","protected":false},"excerpt":{"rendered":"<p>\u00c9l\u00e9gant sac \u00e0 dos Pavak 1 en toile de coton 100% organique. Avec compartiment pour ordinateur portable 15&#8243;, capacit\u00e9 de 25L. Imperm\u00e9able, d\u00e9tail en cuir tann\u00e9 \u00e0 base de plantes.<\/p>\n","protected":false},"featured_media":71633,"comment_status":"open","ping_status":"closed","template":"","meta":{"_acf_changed":false},"product_brand":[3019],"product_cat":[867],"product_tag":[],"class_list":{"0":"post-95172","1":"product","2":"type-product","3":"status-publish","4":"has-post-thumbnail","6":"product_brand-margelisch","7":"product_cat-sacs-a-dos","8":"product_shipping_class-colis-jusqua-2-kg","10":"first","11":"onbackorder","12":"taxable","13":"shipping-taxable","14":"purchasable","15":"product-type-simple"},"acf":[],"_links":{"self":[{"href":"https:\/\/one-horizon.ch\/fr\/wp-json\/wp\/v2\/product\/95172","targetHints":{"allow":["GET"]}}],"collection":[{"href":"https:\/\/one-horizon.ch\/fr\/wp-json\/wp\/v2\/product"}],"about":[{"href":"https:\/\/one-horizon.ch\/fr\/wp-json\/wp\/v2\/types\/product"}],"replies":[{"embeddable":true,"href":"https:\/\/one-horizon.ch\/fr\/wp-json\/wp\/v2\/comments?post=95172"}],"wp:featuredmedia":[{"embeddable":true,"href":"https:\/\/one-horizon.ch\/fr\/wp-json\/wp\/v2\/media\/71633"}],"wp:attachment":[{"href":"https:\/\/one-horizon.ch\/fr\/wp-json\/wp\/v2\/media?parent=95172"}],"wp:term":[{"taxonomy":"product_brand","embeddable":true,"href":"https:\/\/one-horizon.ch\/fr\/wp-json\/wp\/v2\/product_brand?post=95172"},{"taxonomy":"product_cat","embeddable":true,"href":"https:\/\/one-horizon.ch\/fr\/wp-json\/wp\/v2\/product_cat?post=95172"},{"taxonomy":"product_tag","embeddable":true,"href":"https:\/\/one-horizon.ch\/fr\/wp-json\/wp\/v2\/product_tag?post=95172"}],"curies":[{"name":"wp","href":"https:\/\/api.w.org\/{rel}","templated":true}]}}