{"id":95189,"date":"2024-02-08T22:50:51","date_gmt":"2024-02-08T21:50:51","guid":{"rendered":"https:\/\/one-horizon.ch\/product\/lerox-1-charcoal\/"},"modified":"2026-04-20T01:07:14","modified_gmt":"2026-04-19T23:07:14","slug":"lerox-1-charcoal","status":"publish","type":"product","link":"https:\/\/one-horizon.ch\/fr\/product\/lerox-1-charcoal\/","title":{"rendered":"Lerox 1 &#8211; charcoal"},"content":{"rendered":"<p>Le Lerox 1 de Margelisch en Charcoal est un sac \u00e0 dos bien pens\u00e9 pour le quotidien, fabriqu\u00e9 \u00e0 partir de mat\u00e9riaux naturels trait\u00e9s de mani\u00e8re durable &#8211; suffisamment compact pour la ville, suffisamment spacieux pour le bureau.<\/p>\n<h2>Mat\u00e9riaux et finition<\/h2>\n<p>Fabriqu\u00e9 en <strong>toile imperm\u00e9able (Soft Waxed)<\/strong> et <strong>en cuir tann\u00e9 v\u00e9g\u00e9tal<\/strong> &#8211; une combinaison de durabilit\u00e9 et de style intemporel.<\/p>\n<ul>\n<li><strong>Housse ext\u00e9rieure :<\/strong> Canvas (100% coton, fibre naturelle), soft waxed &#8211; hydrofuge<\/li>\n<li><strong>Doublure :<\/strong> 100% coton r\u00e9sistant (fibre naturelle)<\/li>\n<li><strong>Applications :<\/strong> Cuir tann\u00e9 v\u00e9g\u00e9tal<\/li>\n<li><strong>Raccords :<\/strong> m\u00e9tal<\/li>\n<li><strong>Bandouli\u00e8re :<\/strong> Rembourr\u00e9 en toile, ajustable<\/li>\n<\/ul>\n<h2>Organisation et \u00e9quipement<\/h2>\n<p>Des compartiments bien pens\u00e9s et un acc\u00e8s zipp\u00e9 \u00e0 large ouverture garantissent une visibilit\u00e9 optimale.<\/p>\n<ul>\n<li><strong>Compartiment principal :<\/strong> Ouverture large, fermeture zipp\u00e9e<\/li>\n<li><strong>Compartiment pour ordinateur portable :<\/strong> Rembourr\u00e9, il peut accueillir jusqu&#8217;\u00e0 15 pouces (40 x 32 cm)<\/li>\n<li><strong>Compartiment pour tablette :<\/strong> Toile, pouvant accueillir jusqu&#8217;\u00e0 10,5 pouces<\/li>\n<li><strong>Poches int\u00e9rieures :<\/strong> 2 poches en toile<\/li>\n<li><strong>Poches ext\u00e9rieures :<\/strong> Poche zipp\u00e9e \u00e0 l&#8217;avant et \u00e0 l&#8217;arri\u00e8re<\/li>\n<li><strong>Poign\u00e9es :<\/strong> 2 x coton avec application de cuir<\/li>\n<\/ul>\n<h2>D\u00e9tails techniques<\/h2>\n<ul>\n<li>Taille : H42 x P17 x L33 cm<\/li>\n<li>Volume : 23,5 litres<\/li>\n<li>poids : 1,3 kg<\/li>\n<li>Couleur : Charcoal<\/li>\n<li>Convient comme sac \u00e0 dos pour ordinateur portable de cabine \/ bureau<\/li>\n<\/ul>\n","protected":false},"excerpt":{"rendered":"<p>Sac \u00e0 dos polyvalent Margelisch Lerox 1 en toile imperm\u00e9able et cuir tann\u00e9 v\u00e9g\u00e9tal. 23,5 litres, compartiment rembourr\u00e9 pour ordinateur portable et tablette, 1,3 kg &#8211; votre sac \u00e0 dos styl\u00e9 pour tous les jours en Charcoal. <\/p>\n","protected":false},"featured_media":71681,"comment_status":"open","ping_status":"closed","template":"","meta":{"_acf_changed":false},"product_brand":[3019],"product_cat":[867],"product_tag":[3364,3295],"class_list":{"0":"post-95189","1":"product","2":"type-product","3":"status-publish","4":"has-post-thumbnail","6":"product_brand-margelisch","7":"product_cat-sacs-a-dos","8":"product_tag-fabrique-en-suisse","9":"product_tag-pour-vous","10":"product_shipping_class-colis-jusqua-2-kg","12":"first","13":"onbackorder","14":"taxable","15":"shipping-taxable","16":"purchasable","17":"product-type-simple"},"acf":[],"_links":{"self":[{"href":"https:\/\/one-horizon.ch\/fr\/wp-json\/wp\/v2\/product\/95189","targetHints":{"allow":["GET"]}}],"collection":[{"href":"https:\/\/one-horizon.ch\/fr\/wp-json\/wp\/v2\/product"}],"about":[{"href":"https:\/\/one-horizon.ch\/fr\/wp-json\/wp\/v2\/types\/product"}],"replies":[{"embeddable":true,"href":"https:\/\/one-horizon.ch\/fr\/wp-json\/wp\/v2\/comments?post=95189"}],"wp:featuredmedia":[{"embeddable":true,"href":"https:\/\/one-horizon.ch\/fr\/wp-json\/wp\/v2\/media\/71681"}],"wp:attachment":[{"href":"https:\/\/one-horizon.ch\/fr\/wp-json\/wp\/v2\/media?parent=95189"}],"wp:term":[{"taxonomy":"product_brand","embeddable":true,"href":"https:\/\/one-horizon.ch\/fr\/wp-json\/wp\/v2\/product_brand?post=95189"},{"taxonomy":"product_cat","embeddable":true,"href":"https:\/\/one-horizon.ch\/fr\/wp-json\/wp\/v2\/product_cat?post=95189"},{"taxonomy":"product_tag","embeddable":true,"href":"https:\/\/one-horizon.ch\/fr\/wp-json\/wp\/v2\/product_tag?post=95189"}],"curies":[{"name":"wp","href":"https:\/\/api.w.org\/{rel}","templated":true}]}}