{"id":95194,"date":"2024-02-08T22:50:50","date_gmt":"2024-02-08T21:50:50","guid":{"rendered":"https:\/\/one-horizon.ch\/product\/parfum-dinterieur-en-spray-you-are-amazing\/"},"modified":"2026-03-30T00:10:12","modified_gmt":"2026-03-29T22:10:12","slug":"espace-spray-you-are-amazing","status":"publish","type":"product","link":"https:\/\/one-horizon.ch\/fr\/product\/espace-spray-you-are-amazing\/","title":{"rendered":"Parfum d&#8217;int\u00e9rieur en spray &#8211; You are amazing"},"content":{"rendered":"<p>Ce spray v\u00e9g\u00e9talien pour la maison a un parfum de pamplemousse et de poivre noir. Si d\u00e9licieux ! Le flacon de 500 ml est compos\u00e9 \u00e0 100 % de plastique recycl\u00e9 et est fabriqu\u00e9 aux Pays-Bas. Un cadeau parfait et durable pour toute la maison !<\/p>\n<\/p>\n<p><strong>Contenu : 500 ml<\/strong><\/p>\n<\/p>\n<p><strong>Parfum :<\/strong> Pamplemousse &amp; poivre noir<\/p>\n<p><strong>Notes de t\u00eate :<\/strong> Pamplemousse, huile de poivre noir, racines de gingembre<\/p>\n<p><strong>Notes de c\u0153ur :<\/strong> Clous de girofle chauds, huile de v\u00e9tiver, feuilles de tabac<\/p>\n<p><strong>Notes de fond :<\/strong> Ambre min\u00e9ral, daim blanc, copeaux de c\u00e8dre<\/p>\n","protected":false},"excerpt":{"rendered":"<p>Spray v\u00e9g\u00e9talien pour la maison avec un parfum de pamplemousse et de poivre noir. Bouteille de 500 ml en plastique recycl\u00e9, fabriqu\u00e9e aux Pays-Bas. Cadeau parfait et durable pour toute maison.<\/p>\n","protected":false},"featured_media":71581,"comment_status":"open","ping_status":"closed","template":"","meta":{"_acf_changed":false},"product_brand":[3046],"product_cat":[1325],"product_tag":[],"class_list":{"0":"post-95194","1":"product","2":"type-product","3":"status-publish","4":"has-post-thumbnail","6":"product_brand-the-gift-label","7":"product_cat-diffuseurs-sprays-dambiance","8":"product_shipping_class-colis-jusqua-2-kg","10":"first","11":"instock","12":"taxable","13":"shipping-taxable","14":"purchasable","15":"product-type-simple"},"acf":[],"_links":{"self":[{"href":"https:\/\/one-horizon.ch\/fr\/wp-json\/wp\/v2\/product\/95194","targetHints":{"allow":["GET"]}}],"collection":[{"href":"https:\/\/one-horizon.ch\/fr\/wp-json\/wp\/v2\/product"}],"about":[{"href":"https:\/\/one-horizon.ch\/fr\/wp-json\/wp\/v2\/types\/product"}],"replies":[{"embeddable":true,"href":"https:\/\/one-horizon.ch\/fr\/wp-json\/wp\/v2\/comments?post=95194"}],"wp:featuredmedia":[{"embeddable":true,"href":"https:\/\/one-horizon.ch\/fr\/wp-json\/wp\/v2\/media\/71581"}],"wp:attachment":[{"href":"https:\/\/one-horizon.ch\/fr\/wp-json\/wp\/v2\/media?parent=95194"}],"wp:term":[{"taxonomy":"product_brand","embeddable":true,"href":"https:\/\/one-horizon.ch\/fr\/wp-json\/wp\/v2\/product_brand?post=95194"},{"taxonomy":"product_cat","embeddable":true,"href":"https:\/\/one-horizon.ch\/fr\/wp-json\/wp\/v2\/product_cat?post=95194"},{"taxonomy":"product_tag","embeddable":true,"href":"https:\/\/one-horizon.ch\/fr\/wp-json\/wp\/v2\/product_tag?post=95194"}],"curies":[{"name":"wp","href":"https:\/\/api.w.org\/{rel}","templated":true}]}}