{"id":95211,"date":"2024-02-08T22:50:26","date_gmt":"2024-02-08T21:50:26","guid":{"rendered":"https:\/\/one-horizon.ch\/product\/amini-1-charcoal\/"},"modified":"2026-04-20T01:07:07","modified_gmt":"2026-04-19T23:07:07","slug":"amini-1-charcoal","status":"publish","type":"product","link":"https:\/\/one-horizon.ch\/fr\/product\/amini-1-charcoal\/","title":{"rendered":"Amini 1 &#8211; charcoal"},"content":{"rendered":"<p>Le sac \u00e0 dos de ville Amini 1 est un produit de fabrication \u00e9quitable et durable. Son design se caract\u00e9rise par des lignes \u00e9pur\u00e9es qui rappellent un sac \u00e0 provisions. Le sac \u00e0 dos est fabriqu\u00e9 en coton r\u00e9sistant, une fibre naturelle qui lui assure une grande long\u00e9vit\u00e9. Son int\u00e9rieur spacieux permet de ranger aussi bien les effets quotidiens qu&#8217;un ordinateur portable, qui peut \u00eatre rang\u00e9 en toute s\u00e9curit\u00e9.<\/p>\n<\/p>\n<p>Le sac \u00e0 dos Amini 1 est un compagnon polyvalent qui s&#8217;adapte \u00e0 toutes les occasions. Son design intemporel et classique lui conf\u00e8re de l&#8217;\u00e9l\u00e9gance. Ce produit allie fonctionnalit\u00e9 et esth\u00e9tique de mani\u00e8re impressionnante et constitue une id\u00e9e de cadeau utile et \u00e9l\u00e9gante pour toutes les occasions.<\/p>\n<\/p>\n<p><strong>Caract\u00e9ristiques<\/strong><\/p>\n<ul>\n<li>Taille : H33 x P13 x L30 cm<\/li>\n<li>litres : 17,7<\/li>\n<li>poids : 0.9 kg<\/li>\n<li>Doublure : 100% coton r\u00e9sistant (fibre naturelle)<\/li>\n<li>Applications : cuir tann\u00e9 v\u00e9g\u00e9tal<\/li>\n<li>Housse ext\u00e9rieure : Canvas (fibre naturelle de coton), soft waxed (hydrofuge)<\/li>\n<li>fermeture \u00e9clair comme acc\u00e8s principal<\/li>\n<li>2 poches cousues \u00e0 l&#8217;avant<\/li>\n<li>1 poign\u00e9e en coton (fibre naturelle)<\/li>\n<li>Bandouli\u00e8re : rembourr\u00e9e en toile (fibre naturelle de coton)<\/li>\n<li>Dos rembourr\u00e9<\/li>\n<li>Raccords : m\u00e9tal<\/li>\n<li>Int\u00e9rieur : Compartiment pour ordinateur portable pouvant accueillir jusqu&#8217;\u00e0 13 pouces<\/li>\n<li>compartiment pour tablette pouvant accueillir jusqu&#8217;\u00e0 10,5 pouces<\/li>\n<li>2 poches de rangement<\/li>\n<\/ul>\n","protected":false},"excerpt":{"rendered":"<p>L&#8217;Amini 1 de Margelisch en Charcoal &#8211; sac \u00e0 dos de ville durable en coton et cuir. Spacieux, adapt\u00e9 aux ordinateurs portables, produit de mani\u00e8re \u00e9quitable. 33 x 13 x 30 cm, 17,7 l.  <\/p>\n","protected":false},"featured_media":71547,"comment_status":"open","ping_status":"closed","template":"","meta":{"_acf_changed":false},"product_brand":[3019],"product_cat":[867],"product_tag":[3295],"class_list":{"0":"post-95211","1":"product","2":"type-product","3":"status-publish","4":"has-post-thumbnail","6":"product_brand-margelisch","7":"product_cat-sacs-a-dos","8":"product_tag-pour-vous","9":"product_shipping_class-colis-jusqua-2-kg","11":"first","12":"onbackorder","13":"taxable","14":"shipping-taxable","15":"purchasable","16":"product-type-simple"},"acf":[],"_links":{"self":[{"href":"https:\/\/one-horizon.ch\/fr\/wp-json\/wp\/v2\/product\/95211","targetHints":{"allow":["GET"]}}],"collection":[{"href":"https:\/\/one-horizon.ch\/fr\/wp-json\/wp\/v2\/product"}],"about":[{"href":"https:\/\/one-horizon.ch\/fr\/wp-json\/wp\/v2\/types\/product"}],"replies":[{"embeddable":true,"href":"https:\/\/one-horizon.ch\/fr\/wp-json\/wp\/v2\/comments?post=95211"}],"wp:featuredmedia":[{"embeddable":true,"href":"https:\/\/one-horizon.ch\/fr\/wp-json\/wp\/v2\/media\/71547"}],"wp:attachment":[{"href":"https:\/\/one-horizon.ch\/fr\/wp-json\/wp\/v2\/media?parent=95211"}],"wp:term":[{"taxonomy":"product_brand","embeddable":true,"href":"https:\/\/one-horizon.ch\/fr\/wp-json\/wp\/v2\/product_brand?post=95211"},{"taxonomy":"product_cat","embeddable":true,"href":"https:\/\/one-horizon.ch\/fr\/wp-json\/wp\/v2\/product_cat?post=95211"},{"taxonomy":"product_tag","embeddable":true,"href":"https:\/\/one-horizon.ch\/fr\/wp-json\/wp\/v2\/product_tag?post=95211"}],"curies":[{"name":"wp","href":"https:\/\/api.w.org\/{rel}","templated":true}]}}