{"id":95216,"date":"2024-02-08T22:51:16","date_gmt":"2024-02-08T21:51:16","guid":{"rendered":"https:\/\/one-horizon.ch\/product\/organisateur-cle-actif\/"},"modified":"2026-04-06T19:20:13","modified_gmt":"2026-04-06T17:20:13","slug":"orbitkey-actif","status":"publish","type":"product","link":"https:\/\/one-horizon.ch\/fr\/product\/orbitkey-actif\/","title":{"rendered":"Organisateur cl\u00e9 Actif"},"content":{"rendered":"<p><strong>Pluie, neige ou soleil<\/strong><\/p>\n<p>Organiseur de cl\u00e9s durable que vous pouvez emporter partout avec vous, o\u00f9 que la vie vous m\u00e8ne.<\/p>\n<p>&nbsp;<\/p>\n<p><strong>Etanche \u00e0 la poussi\u00e8re et \u00e0 l&#8217;eau<\/strong><\/p>\n<p>Polym\u00e8re TPU semblable \u00e0 du caoutchouc qui conserve naturellement son apparence et son toucher pour que vous puissiez partir \u00e0 l&#8217;aventure sans vous soucier de quoi que ce soit.<\/p>\n<p>&nbsp;<\/p>\n<p><strong>\u00c9vitez les rayures sur vos objets<\/strong><\/p>\n<p>Transportez vos cl\u00e9s, vos cl\u00e9s de voiture et vos accessoires sans rayer votre t\u00e9l\u00e9phone ou d&#8217;autres objets.<\/p>\n<p>&nbsp;<\/p>\n<p><strong>Caract\u00e9ristiques<\/strong><\/p>\n<ul>\n<li>L&#8217;Orbitkey Aktiv transforme vos cl\u00e9s en une pile ordonn\u00e9e et silencieuse.<\/li>\n<li>Fabriqu\u00e9 en polym\u00e8re TPU tr\u00e8s r\u00e9sistant et pourtant \u00e9tonnamment souple<\/li>\n<li>M\u00e9canisme de fermeture s\u00fbr et prim\u00e9.<\/li>\n<li>Portez 2 \u00e0 7 cl\u00e9s standard avec des cl\u00e9s de voiture et des pendentifs sur l&#8217;anneau en D.<\/li>\n<li>Extensible par des accessoires<\/li>\n<\/ul>\n","protected":false},"excerpt":{"rendered":"<p>Organisateur de cl\u00e9s en TPU polym\u00e8re : silencieux, durable et polyvalent. Nos organiseurs prim\u00e9s gardent vos cl\u00e9s dans une pile bien ordonn\u00e9e, tandis que le polym\u00e8re TPU souple les prot\u00e8ge des rayures. Parfait pour toutes les aventures, quel que soit le temps.<\/p>\n","protected":false},"featured_media":71911,"comment_status":"open","ping_status":"closed","template":"","meta":{"_acf_changed":false},"product_brand":[3032],"product_cat":[3276],"product_tag":[],"class_list":{"0":"post-95216","1":"product","2":"type-product","3":"status-publish","4":"has-post-thumbnail","6":"product_brand-orbitkey","7":"product_cat-carry-essentials","8":"product_shipping_class-colis-jusqua-2-kg","9":"pa_farbe-bleu-minuit","10":"pa_farbe-noir","11":"pa_farbe-vert-chasseur","12":"pa_farbe-vieux-rose","13":"pa_farbe-violet-fr","15":"first","16":"instock","17":"taxable","18":"shipping-taxable","19":"purchasable","20":"product-type-variable","21":"has-default-attributes"},"acf":[],"_links":{"self":[{"href":"https:\/\/one-horizon.ch\/fr\/wp-json\/wp\/v2\/product\/95216","targetHints":{"allow":["GET"]}}],"collection":[{"href":"https:\/\/one-horizon.ch\/fr\/wp-json\/wp\/v2\/product"}],"about":[{"href":"https:\/\/one-horizon.ch\/fr\/wp-json\/wp\/v2\/types\/product"}],"replies":[{"embeddable":true,"href":"https:\/\/one-horizon.ch\/fr\/wp-json\/wp\/v2\/comments?post=95216"}],"wp:featuredmedia":[{"embeddable":true,"href":"https:\/\/one-horizon.ch\/fr\/wp-json\/wp\/v2\/media\/71911"}],"wp:attachment":[{"href":"https:\/\/one-horizon.ch\/fr\/wp-json\/wp\/v2\/media?parent=95216"}],"wp:term":[{"taxonomy":"product_brand","embeddable":true,"href":"https:\/\/one-horizon.ch\/fr\/wp-json\/wp\/v2\/product_brand?post=95216"},{"taxonomy":"product_cat","embeddable":true,"href":"https:\/\/one-horizon.ch\/fr\/wp-json\/wp\/v2\/product_cat?post=95216"},{"taxonomy":"product_tag","embeddable":true,"href":"https:\/\/one-horizon.ch\/fr\/wp-json\/wp\/v2\/product_tag?post=95216"}],"curies":[{"name":"wp","href":"https:\/\/api.w.org\/{rel}","templated":true}]}}