{"id":95225,"date":"2024-02-08T22:50:52","date_gmt":"2024-02-08T21:50:52","guid":{"rendered":"https:\/\/one-horizon.ch\/product\/organisateur-cle-saffiano\/"},"modified":"2026-04-28T23:07:14","modified_gmt":"2026-04-28T21:07:14","slug":"orbitkey-saffiano","status":"publish","type":"product","link":"https:\/\/one-horizon.ch\/fr\/product\/orbitkey-saffiano\/","title":{"rendered":"Organisateur cl\u00e9 Saffiano"},"content":{"rendered":"<p><strong>De belles couleurs vives<\/strong><\/p>\n<p>Un proc\u00e9d\u00e9 de pigmentation sp\u00e9cial conf\u00e8re au cuir Saffiano sa couleur riche, vivante et uniforme.<\/p>\n<p><strong>Construit pour durer<\/strong><\/p>\n<p>Une structure transversale aux fibres, recouverte d&#8217;une couche protectrice de cire claire, conf\u00e8re au cuir Saffiano ses propri\u00e9t\u00e9s anti-t\u00e2ches, anti-rayures et hydrofuges.<\/p>\n<p><strong>\u00c9vitez les rayures sur vos affaires<\/strong><\/p>\n<p>Transportez vos cl\u00e9s, vos cl\u00e9s de voiture et vos accessoires sans rayer votre t\u00e9l\u00e9phone ou d&#8217;autres objets.<\/p>\n<p><strong>Caract\u00e9ristiques<\/strong><\/p>\n<ul>\n<li><span data-sheets-userformat=\"{\"2\":771,\"3\":{\"1\":0},\"4\":{\"1\":2,\"2\":16773836},\"11\":4,\"12\":0}\" data-sheets-value=\"{\"1\":2,\"2\":\"- Transform your keys into a neat and silent stack.\\n- Made from sophisticated and highly durable Saffiano leather.\\n- Carry 2-7 keys, plus car keys and fobs on the D-ring.\\n- Award winning and secure locking mechanism.\\n- Gold foil monogramming available.\"}\">Transformez vos cl\u00e9s en une pile ordonn\u00e9e et silencieuse.<\/span><\/li>\n<li><span data-sheets-userformat=\"{\"2\":771,\"3\":{\"1\":0},\"4\":{\"1\":2,\"2\":16773836},\"11\":4,\"12\":0}\" data-sheets-value=\"{\"1\":2,\"2\":\"- Transform your keys into a neat and silent stack.\\n- Made from sophisticated and highly durable Saffiano leather.\\n- Carry 2-7 keys, plus car keys and fobs on the D-ring.\\n- Award winning and secure locking mechanism.\\n- Gold foil monogramming available.\"}\">Fabriqu\u00e9 en cuir Saffiano de haute qualit\u00e9 et extr\u00eamement r\u00e9sistant.<\/span><\/li>\n<li><span data-sheets-userformat=\"{\"2\":771,\"3\":{\"1\":0},\"4\":{\"1\":2,\"2\":16773836},\"11\":4,\"12\":0}\" data-sheets-value=\"{\"1\":2,\"2\":\"- Transform your keys into a neat and silent stack.\\n- Made from sophisticated and highly durable Saffiano leather.\\n- Carry 2-7 keys, plus car keys and fobs on the D-ring.\\n- Award winning and secure locking mechanism.\\n- Gold foil monogramming available.\"}\">M\u00e9canisme de fermeture s\u00fbr et prim\u00e9.<\/span><\/li>\n<li>Portez 2 \u00e0 7 cl\u00e9s standard avec des cl\u00e9s de voiture et des pendentifs sur l&#8217;anneau en D.<\/li>\n<li style=\"font-weight: 400;\"><span style=\"font-weight: 400;\">  Au-del\u00e0 de 7 cl\u00e9s standard, une <a href=\"https:\/\/one-horizon.ch\/fr\/product\/extension-orbitkey\/\" target=\"_blank\" rel=\"noopener\">extension<\/a> est n\u00e9cessaire.<\/span><\/li>\n<\/ul>\n","protected":false},"excerpt":{"rendered":"<p>Organisateur de cl\u00e9s Orbitkey en cuir Saffiano : Transformez vos cl\u00e9s en une pile bien ordonn\u00e9e gr\u00e2ce \u00e0 un m\u00e9canisme de fermeture prim\u00e9. De haute qualit\u00e9 et extr\u00eamement r\u00e9sistant. Portez 2 \u00e0 7 cl\u00e9s standard avec des cl\u00e9s de voiture et des pendentifs sur l&#8217;anneau en D.<\/p>\n","protected":false},"featured_media":100350,"comment_status":"open","ping_status":"closed","template":"","meta":{"_acf_changed":false},"product_brand":[3032],"product_cat":[3276],"product_tag":[3292,3295],"class_list":{"0":"post-95225","1":"product","2":"type-product","3":"status-publish","4":"has-post-thumbnail","6":"product_brand-orbitkey","7":"product_cat-carry-essentials","8":"product_tag-pour-lui","9":"product_tag-pour-vous","10":"product_shipping_class-colis-jusqua-2-kg","11":"pa_farbe-lila-fr","12":"pa_farbe-navy-fr","13":"pa_farbe-olive-fr","14":"pa_farbe-reglisse-noir","16":"first","17":"instock","18":"taxable","19":"shipping-taxable","20":"purchasable","21":"product-type-variable","22":"has-default-attributes"},"acf":[],"_links":{"self":[{"href":"https:\/\/one-horizon.ch\/fr\/wp-json\/wp\/v2\/product\/95225","targetHints":{"allow":["GET"]}}],"collection":[{"href":"https:\/\/one-horizon.ch\/fr\/wp-json\/wp\/v2\/product"}],"about":[{"href":"https:\/\/one-horizon.ch\/fr\/wp-json\/wp\/v2\/types\/product"}],"replies":[{"embeddable":true,"href":"https:\/\/one-horizon.ch\/fr\/wp-json\/wp\/v2\/comments?post=95225"}],"wp:featuredmedia":[{"embeddable":true,"href":"https:\/\/one-horizon.ch\/fr\/wp-json\/wp\/v2\/media\/100350"}],"wp:attachment":[{"href":"https:\/\/one-horizon.ch\/fr\/wp-json\/wp\/v2\/media?parent=95225"}],"wp:term":[{"taxonomy":"product_brand","embeddable":true,"href":"https:\/\/one-horizon.ch\/fr\/wp-json\/wp\/v2\/product_brand?post=95225"},{"taxonomy":"product_cat","embeddable":true,"href":"https:\/\/one-horizon.ch\/fr\/wp-json\/wp\/v2\/product_cat?post=95225"},{"taxonomy":"product_tag","embeddable":true,"href":"https:\/\/one-horizon.ch\/fr\/wp-json\/wp\/v2\/product_tag?post=95225"}],"curies":[{"name":"wp","href":"https:\/\/api.w.org\/{rel}","templated":true}]}}