{"id":95227,"date":"2024-02-08T22:50:26","date_gmt":"2024-02-08T21:50:26","guid":{"rendered":"https:\/\/one-horizon.ch\/product\/mendo-7-4-noir\/"},"modified":"2026-03-30T00:10:28","modified_gmt":"2026-03-29T22:10:28","slug":"mendo-7-4-black","status":"publish","type":"product","link":"https:\/\/one-horizon.ch\/fr\/product\/mendo-7-4-black\/","title":{"rendered":"Mendo 7.4 &#8211; noir"},"content":{"rendered":"<p>Le sac \u00e0 dos-shopper Mendo 7.4 s\u00e9duit par son aspect tendance et sa polyvalence exceptionnelle. Fabriqu\u00e9 \u00e0 partir de polyester recycl\u00e9 RPET et de b\u00e2che de bateau, il t\u00e9moigne de notre d\u00e9vouement \u00e0 des produits lifestyle de qualit\u00e9.<\/p>\n<\/p>\n<p>La fonction 2 en 1 du Mendo 7.4 en fait un compagnon indispensable, que ce soit dans la nature ou en ville. La possibilit\u00e9 de ranger discr\u00e8tement les bretelles dans un compartiment zipp\u00e9 \u00e0 l&#8217;arri\u00e8re le transforme en un clin d&#8217;\u0153il en un sac shopping pratique pour ordinateur portable. Cela en fait une id\u00e9e de cadeau utile et tendance pour toutes les occasions.<\/p>\n<\/p>\n<p>Avec le sac \u00e0 dos-shopper Mendo 7.4, nous allions style et praticit\u00e9 en un seul produit. Un must-have pour tous ceux qui appr\u00e9cient les produits lifestyle de qualit\u00e9 et les id\u00e9es cadeaux pratiques et tendance. Procurez-vous d\u00e8s maintenant le Mendo 7.4 et d\u00e9couvrez comment la fonctionnalit\u00e9 et l&#8217;esth\u00e9tique vont de pair.<\/p>\n<\/p>\n<p><strong>Caract\u00e9ristiques<\/strong><\/p>\n<ul>\n<li>Taille : H37 x P9 x L27cm<\/li>\n<li>Litres : 9.0<\/li>\n<li>poids : 0.9kg<\/li>\n<li>\u00e0 l&#8217;ext\u00e9rieur : Poche zipp\u00e9e \u00e0 l&#8217;avant<\/li>\n<li>fermeture \u00e9clair vers l&#8217;int\u00e9rieur du sac \u00e0 dos<\/li>\n<li>Int\u00e9rieur : 2 poches<\/li>\n<li>Compartiment pour ordinateur portable 14&#8243; rembourr\u00e9 (format vertical) et compartiment pour tablette 10,5&#8243; rembourr\u00e9<\/li>\n<li>Poche zipp\u00e9e au dos pour ranger les bretelles<\/li>\n<li>Sac \u00e0 dos-shopper 2 &#8211; en 1 &#8211; fonction<\/li>\n<\/ul>\n","protected":false},"excerpt":{"rendered":"<p>Le sac \u00e0 dos-shopper Mendo 7.4 en polyester recycl\u00e9 RPET et b\u00e2che de bateau allie style et polyvalence. Avec une capacit\u00e9 de 9L, un compartiment pour ordinateur portable de 14&#8243; et une fonction 2 en 1, il est parfait pour la nature et la ville.<\/p>\n","protected":false},"featured_media":71517,"comment_status":"open","ping_status":"closed","template":"","meta":{"_acf_changed":false},"product_brand":[2984],"product_cat":[867],"product_tag":[],"class_list":{"0":"post-95227","1":"product","2":"type-product","3":"status-publish","4":"has-post-thumbnail","6":"product_brand-7clouds","7":"product_cat-sacs-a-dos","8":"product_shipping_class-colis-jusqua-2-kg","10":"first","11":"onbackorder","12":"taxable","13":"shipping-taxable","14":"purchasable","15":"product-type-simple"},"acf":[],"_links":{"self":[{"href":"https:\/\/one-horizon.ch\/fr\/wp-json\/wp\/v2\/product\/95227","targetHints":{"allow":["GET"]}}],"collection":[{"href":"https:\/\/one-horizon.ch\/fr\/wp-json\/wp\/v2\/product"}],"about":[{"href":"https:\/\/one-horizon.ch\/fr\/wp-json\/wp\/v2\/types\/product"}],"replies":[{"embeddable":true,"href":"https:\/\/one-horizon.ch\/fr\/wp-json\/wp\/v2\/comments?post=95227"}],"wp:featuredmedia":[{"embeddable":true,"href":"https:\/\/one-horizon.ch\/fr\/wp-json\/wp\/v2\/media\/71517"}],"wp:attachment":[{"href":"https:\/\/one-horizon.ch\/fr\/wp-json\/wp\/v2\/media?parent=95227"}],"wp:term":[{"taxonomy":"product_brand","embeddable":true,"href":"https:\/\/one-horizon.ch\/fr\/wp-json\/wp\/v2\/product_brand?post=95227"},{"taxonomy":"product_cat","embeddable":true,"href":"https:\/\/one-horizon.ch\/fr\/wp-json\/wp\/v2\/product_cat?post=95227"},{"taxonomy":"product_tag","embeddable":true,"href":"https:\/\/one-horizon.ch\/fr\/wp-json\/wp\/v2\/product_tag?post=95227"}],"curies":[{"name":"wp","href":"https:\/\/api.w.org\/{rel}","templated":true}]}}