{"id":95262,"date":"2024-02-08T22:50:52","date_gmt":"2024-02-08T21:50:52","guid":{"rendered":"https:\/\/one-horizon.ch\/product\/neldem-7-2-gris-blanc\/"},"modified":"2026-03-30T00:09:53","modified_gmt":"2026-03-29T22:09:53","slug":"neldem-7-2-grey-white","status":"publish","type":"product","link":"https:\/\/one-horizon.ch\/fr\/product\/neldem-7-2-grey-white\/","title":{"rendered":"Neldem 7.2 &#8211; gris-blanc"},"content":{"rendered":"<p>Le sac \u00e0 dos de ville Neldem 7.2 &#8211; votre compagnon styl\u00e9 au quotidien !<\/p>\n<p>En Suisse, &#8220;moins c&#8217;est plus&#8221; compte et notre sac \u00e0 dos City incarne parfaitement ce mode de vie. Fabriqu\u00e9 en polyester RPET recycl\u00e9 et en b\u00e2che de bateau imperm\u00e9able, ce sac \u00e0 dos n&#8217;est pas seulement \u00e9cologique, il est aussi extr\u00eamement robuste et \u00e0 la mode.<\/p>\n<\/p>\n<p>Il vous accompagne de mani\u00e8re fiable au travail, \u00e0 l&#8217;\u00e9cole et pendant vos loisirs, toujours bien organis\u00e9 et avec style.<\/p>\n<\/p>\n<p>Faites l&#8217;exp\u00e9rience de la qualit\u00e9, du style et de la durabilit\u00e9 avec le sac \u00e0 dos de ville Neldem 7.2. Votre style de vie, votre choix.<\/p>\n<\/p>\n<p><strong>Caract\u00e9ristiques<\/strong><\/p>\n<ul>\n<li>Taille : H36 x P10 x L27cm<\/li>\n<li>Litres : 9.7<\/li>\n<li>poids : 0.85kg<\/li>\n<li>\u00e0 l&#8217;ext\u00e9rieur : Poche zipp\u00e9e \u00e0 l&#8217;avant<\/li>\n<li>fermeture \u00e9clair vers l&#8217;int\u00e9rieur du sac \u00e0 dos<\/li>\n<li>Int\u00e9rieur : 2 poches<\/li>\n<li>Compartiment pour ordinateur portable 14&#8243; rembourr\u00e9 (format vertical) et compartiment pour tablette 10,5&#8243; rembourr\u00e9<\/li>\n<li>poche zipp\u00e9e au dos<\/li>\n<li>2 poign\u00e9es<\/li>\n<li>bretelles r\u00e9glables<\/li>\n<\/ul>\n","protected":false},"excerpt":{"rendered":"<p>Le sac \u00e0 dos de ville Neldem 7.2 en polyester recycl\u00e9 RPET et en toile de bateau imperm\u00e9able est votre compagnon styl\u00e9 pour le travail, l&#8217;\u00e9cole et les loisirs. Avec une capacit\u00e9 de 9,7L, un compartiment pour ordinateur portable de 14&#8243; et un design robuste, il allie qualit\u00e9, style et durabilit\u00e9.<\/p>\n","protected":false},"featured_media":71751,"comment_status":"open","ping_status":"closed","template":"","meta":{"_acf_changed":false},"product_brand":[2984],"product_cat":[867],"product_tag":[],"class_list":{"0":"post-95262","1":"product","2":"type-product","3":"status-publish","4":"has-post-thumbnail","6":"product_brand-7clouds","7":"product_cat-sacs-a-dos","8":"product_shipping_class-colis-jusqua-2-kg","10":"first","11":"onbackorder","12":"taxable","13":"shipping-taxable","14":"purchasable","15":"product-type-simple"},"acf":[],"_links":{"self":[{"href":"https:\/\/one-horizon.ch\/fr\/wp-json\/wp\/v2\/product\/95262","targetHints":{"allow":["GET"]}}],"collection":[{"href":"https:\/\/one-horizon.ch\/fr\/wp-json\/wp\/v2\/product"}],"about":[{"href":"https:\/\/one-horizon.ch\/fr\/wp-json\/wp\/v2\/types\/product"}],"replies":[{"embeddable":true,"href":"https:\/\/one-horizon.ch\/fr\/wp-json\/wp\/v2\/comments?post=95262"}],"wp:featuredmedia":[{"embeddable":true,"href":"https:\/\/one-horizon.ch\/fr\/wp-json\/wp\/v2\/media\/71751"}],"wp:attachment":[{"href":"https:\/\/one-horizon.ch\/fr\/wp-json\/wp\/v2\/media?parent=95262"}],"wp:term":[{"taxonomy":"product_brand","embeddable":true,"href":"https:\/\/one-horizon.ch\/fr\/wp-json\/wp\/v2\/product_brand?post=95262"},{"taxonomy":"product_cat","embeddable":true,"href":"https:\/\/one-horizon.ch\/fr\/wp-json\/wp\/v2\/product_cat?post=95262"},{"taxonomy":"product_tag","embeddable":true,"href":"https:\/\/one-horizon.ch\/fr\/wp-json\/wp\/v2\/product_tag?post=95262"}],"curies":[{"name":"wp","href":"https:\/\/api.w.org\/{rel}","templated":true}]}}