{"id":95283,"date":"2024-02-08T22:51:17","date_gmt":"2024-02-08T21:51:17","guid":{"rendered":"https:\/\/one-horizon.ch\/product\/chipolo-tracker-x-orbitkey-v2\/"},"modified":"2026-04-21T22:11:58","modified_gmt":"2026-04-21T20:11:58","slug":"chipolo-x-orbitkey-tracker-v2","status":"publish","type":"product","link":"https:\/\/one-horizon.ch\/fr\/product\/chipolo-x-orbitkey-tracker-v2\/","title":{"rendered":"Chipolo x Orbitkey Tracker V2"},"content":{"rendered":"<p><strong>Retrouvez vos cl\u00e9s et vos biens perdus en quelques secondes<\/strong><\/p>\n<p>D&#8217;une simple pression sur un bouton, vous pouvez retrouver vos cl\u00e9s, votre t\u00e9l\u00e9phone et tout ce que vous ne voulez pas perdre.<\/p>\n<p><strong>Faire le selfie parfait<\/strong><\/p>\n<p>Vous pouvez utiliser le bouton du tracker pour d\u00e9clencher l&#8217;appareil photo dans l&#8217;application Chipolo. Plus besoin d&#8217;allonger les bras ou de faire du yoga avec les doigts.<\/p>\n<p><strong>Avec pile rempla\u00e7able<\/strong><\/p>\n<p>L&#8217;application Chipolo vous avertit lorsque la batterie est \u00e9puis\u00e9e, ce qui vous permet de la remplacer facilement par une nouvelle.<\/p>\n<p><strong>Caract\u00e9ristiques<\/strong><\/p>\n<ul>\n<li>Suivez facilement l&#8217;Orbitkey Tracker avec l&#8217;application gratuite Chipolo.<\/li>\n<li>Cherchez votre t\u00e9l\u00e9phone ou prenez une photo avec le bouton de l&#8217;appareil photo.<\/li>\n<li>S&#8217;adapte \u00e0 tout organiseur de cl\u00e9s Orbitkey ou peut \u00eatre fix\u00e9 partout \u00e0 l&#8217;aide du pompon fourni.<\/li>\n<li>Pile CR1632 rempla\u00e7able.<\/li>\n<\/ul>\n","protected":false},"excerpt":{"rendered":"<p>Orbitkey Tracker : ne perdez plus jamais vos cl\u00e9s ou votre t\u00e9l\u00e9phone. Utilisez l&#8217;application gratuite Chipolo pour les trouver en un clin d&#8217;\u0153il. S&#8217;adapte \u00e0 chaque Orbitkey ou peut \u00eatre fix\u00e9 partout \u00e0 l&#8217;aide de la houppette fournie. Avec pile rempla\u00e7able pour une utilisation durable.<\/p>\n","protected":false},"featured_media":71939,"comment_status":"open","ping_status":"closed","template":"","meta":{"_acf_changed":false},"product_brand":[3032],"product_cat":[1104],"product_tag":[],"class_list":{"0":"post-95283","1":"product","2":"type-product","3":"status-publish","4":"has-post-thumbnail","6":"product_brand-orbitkey","7":"product_cat-technique","8":"product_shipping_class-colis-jusqua-2-kg","9":"pa_farbe-noir","10":"pa_farbe-pierre","12":"first","13":"instock","14":"taxable","15":"shipping-taxable","16":"purchasable","17":"product-type-variable","18":"has-default-attributes"},"acf":[],"_links":{"self":[{"href":"https:\/\/one-horizon.ch\/fr\/wp-json\/wp\/v2\/product\/95283","targetHints":{"allow":["GET"]}}],"collection":[{"href":"https:\/\/one-horizon.ch\/fr\/wp-json\/wp\/v2\/product"}],"about":[{"href":"https:\/\/one-horizon.ch\/fr\/wp-json\/wp\/v2\/types\/product"}],"replies":[{"embeddable":true,"href":"https:\/\/one-horizon.ch\/fr\/wp-json\/wp\/v2\/comments?post=95283"}],"wp:featuredmedia":[{"embeddable":true,"href":"https:\/\/one-horizon.ch\/fr\/wp-json\/wp\/v2\/media\/71939"}],"wp:attachment":[{"href":"https:\/\/one-horizon.ch\/fr\/wp-json\/wp\/v2\/media?parent=95283"}],"wp:term":[{"taxonomy":"product_brand","embeddable":true,"href":"https:\/\/one-horizon.ch\/fr\/wp-json\/wp\/v2\/product_brand?post=95283"},{"taxonomy":"product_cat","embeddable":true,"href":"https:\/\/one-horizon.ch\/fr\/wp-json\/wp\/v2\/product_cat?post=95283"},{"taxonomy":"product_tag","embeddable":true,"href":"https:\/\/one-horizon.ch\/fr\/wp-json\/wp\/v2\/product_tag?post=95283"}],"curies":[{"name":"wp","href":"https:\/\/api.w.org\/{rel}","templated":true}]}}