{"id":95307,"date":"2024-02-08T22:52:07","date_gmt":"2024-02-08T21:52:07","guid":{"rendered":"https:\/\/one-horizon.ch\/product\/dessous-de-verre-en-chene-le-bonheur-total\/"},"modified":"2026-04-03T12:14:45","modified_gmt":"2026-04-03T10:14:45","slug":"untersetzer-aus-eiche-rundum-glucklich","status":"publish","type":"product","link":"https:\/\/one-horizon.ch\/fr\/product\/untersetzer-aus-eiche-rundum-glucklich\/","title":{"rendered":"Dessous de verre en ch\u00eane &#8211; le bonheur total"},"content":{"rendered":"<p>Les compagnons parfaits pour servir des boissons. Ce dessous de verre est orn\u00e9 du slogan Heureux tout autour \u00e9crit \u00e0 la main sur le devant et du logo Eulenschnitt sur le dessous. Vous pourrez ainsi marquer des points lors de votre prochain brunch, rendez-vous caf\u00e9 ou soir\u00e9e d\u00eener avec des dessous de verre affectueux.<\/p>\n","protected":false},"excerpt":{"rendered":"<p>Dessous de verre avec la phrase \u00e9crite \u00e0 la main &#8220;rundum gl\u00fccklich&#8221; &#8211; une charmante d\u00e9coration de table pour un brunch, un caf\u00e9 ou un d\u00eener.<\/p>\n","protected":false},"featured_media":72371,"comment_status":"open","ping_status":"closed","template":"","meta":{"_acf_changed":false},"product_brand":[3004],"product_cat":[1280],"product_tag":[],"class_list":{"0":"post-95307","1":"product","2":"type-product","3":"status-publish","4":"has-post-thumbnail","6":"product_brand-eulenschnitt","7":"product_cat-vaisselle","8":"product_shipping_class-colis-jusqua-2-kg","10":"first","11":"instock","12":"taxable","13":"shipping-taxable","14":"purchasable","15":"product-type-simple"},"acf":[],"_links":{"self":[{"href":"https:\/\/one-horizon.ch\/fr\/wp-json\/wp\/v2\/product\/95307","targetHints":{"allow":["GET"]}}],"collection":[{"href":"https:\/\/one-horizon.ch\/fr\/wp-json\/wp\/v2\/product"}],"about":[{"href":"https:\/\/one-horizon.ch\/fr\/wp-json\/wp\/v2\/types\/product"}],"replies":[{"embeddable":true,"href":"https:\/\/one-horizon.ch\/fr\/wp-json\/wp\/v2\/comments?post=95307"}],"wp:featuredmedia":[{"embeddable":true,"href":"https:\/\/one-horizon.ch\/fr\/wp-json\/wp\/v2\/media\/72371"}],"wp:attachment":[{"href":"https:\/\/one-horizon.ch\/fr\/wp-json\/wp\/v2\/media?parent=95307"}],"wp:term":[{"taxonomy":"product_brand","embeddable":true,"href":"https:\/\/one-horizon.ch\/fr\/wp-json\/wp\/v2\/product_brand?post=95307"},{"taxonomy":"product_cat","embeddable":true,"href":"https:\/\/one-horizon.ch\/fr\/wp-json\/wp\/v2\/product_cat?post=95307"},{"taxonomy":"product_tag","embeddable":true,"href":"https:\/\/one-horizon.ch\/fr\/wp-json\/wp\/v2\/product_tag?post=95307"}],"curies":[{"name":"wp","href":"https:\/\/api.w.org\/{rel}","templated":true}]}}