{"id":95309,"date":"2024-02-08T22:51:42","date_gmt":"2024-02-08T21:51:42","guid":{"rendered":"https:\/\/one-horizon.ch\/product\/morts-de-notabag-sage\/"},"modified":"2026-04-07T23:16:17","modified_gmt":"2026-04-07T21:16:17","slug":"notabag-tote-sage","status":"publish","type":"product","link":"https:\/\/one-horizon.ch\/fr\/product\/notabag-tote-sage\/","title":{"rendered":"Morts de Notabag &#8211; Sage"},"content":{"rendered":"<p>D\u00e9couvre le Notabag Tote &#8211; le sac \u00e0 provisions pliable parfait, fabriqu\u00e9 \u00e0 partir de mat\u00e9riaux recycl\u00e9s, pour tes aventures quotidiennes. L\u00e9ger, durable et r\u00e9sistant \u00e0 l&#8217;eau. Les cl\u00e9s et le porte-monnaie trouvent leur place dans la poche int\u00e9rieure, et lorsque tu n&#8217;en as pas besoin, le totem se range facilement. Un cadeau pratique et tendance pour toutes les occasions. Procure-toi-le maintenant et fais l&#8217;exp\u00e9rience de la fonctionnalit\u00e9 et du style en un.<\/p>\n<\/p>\n<p><strong>Caract\u00e9ristiques<\/strong><\/p>\n<ul>\n<li>Taille : 39cm de large et 32,5cm de haut (sans bretelles)<\/li>\n<li>Longueur de la bretelle : 24cm<\/li>\n<li>poche int\u00e9rieure : 14\u00d711 cm  <\/li>\n<li>Hydrophobe &amp; lavable en machine<\/li>\n<li>100% polyester PET recycl\u00e9<\/li>\n<li>Supporte jusqu&#8217;\u00e0 20 kg  <\/li>\n<\/ul>\n","protected":false},"excerpt":{"rendered":"<p>Sac \u00e0 provisions pliable fabriqu\u00e9 \u00e0 partir de mat\u00e9riaux recycl\u00e9s. L\u00e9ger, durable, r\u00e9sistant \u00e0 l&#8217;eau. Poche int\u00e9rieure pour les cl\u00e9s et le porte-monnaie. Taille : 39&#215;32,5 cm, longueur de la bretelle : 24 cm. Supporte jusqu&#8217;\u00e0 20 kg.<\/p>\n","protected":false},"featured_media":72043,"comment_status":"open","ping_status":"closed","template":"","meta":{"_acf_changed":false},"product_brand":[3028],"product_cat":[1298],"product_tag":[3295],"class_list":{"0":"post-95309","1":"product","2":"type-product","3":"status-publish","4":"has-post-thumbnail","6":"product_brand-notabag","7":"product_cat-sacs-a-provisions","8":"product_tag-pour-vous","9":"product_shipping_class-colis-jusqua-2-kg","11":"first","12":"instock","13":"taxable","14":"shipping-taxable","15":"purchasable","16":"product-type-simple"},"acf":[],"_links":{"self":[{"href":"https:\/\/one-horizon.ch\/fr\/wp-json\/wp\/v2\/product\/95309","targetHints":{"allow":["GET"]}}],"collection":[{"href":"https:\/\/one-horizon.ch\/fr\/wp-json\/wp\/v2\/product"}],"about":[{"href":"https:\/\/one-horizon.ch\/fr\/wp-json\/wp\/v2\/types\/product"}],"replies":[{"embeddable":true,"href":"https:\/\/one-horizon.ch\/fr\/wp-json\/wp\/v2\/comments?post=95309"}],"wp:featuredmedia":[{"embeddable":true,"href":"https:\/\/one-horizon.ch\/fr\/wp-json\/wp\/v2\/media\/72043"}],"wp:attachment":[{"href":"https:\/\/one-horizon.ch\/fr\/wp-json\/wp\/v2\/media?parent=95309"}],"wp:term":[{"taxonomy":"product_brand","embeddable":true,"href":"https:\/\/one-horizon.ch\/fr\/wp-json\/wp\/v2\/product_brand?post=95309"},{"taxonomy":"product_cat","embeddable":true,"href":"https:\/\/one-horizon.ch\/fr\/wp-json\/wp\/v2\/product_cat?post=95309"},{"taxonomy":"product_tag","embeddable":true,"href":"https:\/\/one-horizon.ch\/fr\/wp-json\/wp\/v2\/product_tag?post=95309"}],"curies":[{"name":"wp","href":"https:\/\/api.w.org\/{rel}","templated":true}]}}