{"id":95310,"date":"2024-02-08T22:51:44","date_gmt":"2024-02-08T21:51:44","guid":{"rendered":"https:\/\/one-horizon.ch\/product\/recharge-2\/"},"modified":"2026-03-30T00:08:47","modified_gmt":"2026-03-29T22:08:47","slug":"kreafunk-recharge-plus","status":"publish","type":"product","link":"https:\/\/one-horizon.ch\/fr\/product\/kreafunk-recharge-plus\/","title":{"rendered":"reCharge+"},"content":{"rendered":"<p>Rechargez vos appareils de mani\u00e8re simple et esth\u00e9tique avec le Kreafunk reCharge Plus. Chargeur rapide sans fil de 15 W pliable et positionn\u00e9 \u00e0 la verticale \u00e0 l&#8217;avant + deux zones de charge suppl\u00e9mentaires \u00e0 l&#8217;arri\u00e8re pour vos \u00e9couteurs et votre Apple Watch. Le Kreafunk reCharge Plus peut \u00eatre recharg\u00e9 aussi bien verticalement qu&#8217;horizontalement et dispose d&#8217;une connexion USB-C simple et d&#8217;un affichage LED discret de l&#8217;\u00e9tat de charge.<\/p>\n<p><strong>Caract\u00e9ristiques<\/strong><\/p>\n<ul>\n<li>Charge rapide Qi sans fil<\/li>\n<li>Face avant : 15 W pour les t\u00e9l\u00e9phones<\/li>\n<li>Arri\u00e8re : 3 W pour les \u00e9couteurs<\/li>\n<li>+2 W pour les montres Apple<\/li>\n<li>Chargement horizontal et vertical<\/li>\n<li>Dimensions : 118 x 65 x 64 mm<\/li>\n<li>Pliable<\/li>\n<\/ul>\n","protected":false},"excerpt":{"rendered":"<p>Rechargez vos appareils rapidement et avec style gr\u00e2ce au Kreafunk reCharge Plus. Chargeur sans fil pliable de 15 W avec deux zones de charge suppl\u00e9mentaires pour les \u00e9couteurs et l&#8217;Apple Watch. Chargement vertical\/horizontal, connexion USB-C, affichage LED discret. Pliable.<\/p>\n","protected":false},"featured_media":100093,"comment_status":"open","ping_status":"closed","template":"","meta":{"_acf_changed":false},"product_brand":[3016],"product_cat":[962],"product_tag":[],"class_list":{"0":"post-95310","1":"product","2":"type-product","3":"status-publish","4":"has-post-thumbnail","6":"product_brand-kreafunk","7":"product_cat-accessoires-de-charge","8":"product_shipping_class-colis-jusqua-2-kg","9":"pa_farbe-noir","10":"pa_farbe-olive-fr","11":"pa_farbe-stone-fr","12":"pa_farbe-vieux-rose","14":"first","15":"onbackorder","16":"taxable","17":"shipping-taxable","18":"purchasable","19":"product-type-variable"},"acf":[],"_links":{"self":[{"href":"https:\/\/one-horizon.ch\/fr\/wp-json\/wp\/v2\/product\/95310","targetHints":{"allow":["GET"]}}],"collection":[{"href":"https:\/\/one-horizon.ch\/fr\/wp-json\/wp\/v2\/product"}],"about":[{"href":"https:\/\/one-horizon.ch\/fr\/wp-json\/wp\/v2\/types\/product"}],"replies":[{"embeddable":true,"href":"https:\/\/one-horizon.ch\/fr\/wp-json\/wp\/v2\/comments?post=95310"}],"wp:featuredmedia":[{"embeddable":true,"href":"https:\/\/one-horizon.ch\/fr\/wp-json\/wp\/v2\/media\/100093"}],"wp:attachment":[{"href":"https:\/\/one-horizon.ch\/fr\/wp-json\/wp\/v2\/media?parent=95310"}],"wp:term":[{"taxonomy":"product_brand","embeddable":true,"href":"https:\/\/one-horizon.ch\/fr\/wp-json\/wp\/v2\/product_brand?post=95310"},{"taxonomy":"product_cat","embeddable":true,"href":"https:\/\/one-horizon.ch\/fr\/wp-json\/wp\/v2\/product_cat?post=95310"},{"taxonomy":"product_tag","embeddable":true,"href":"https:\/\/one-horizon.ch\/fr\/wp-json\/wp\/v2\/product_tag?post=95310"}],"curies":[{"name":"wp","href":"https:\/\/api.w.org\/{rel}","templated":true}]}}