{"id":95327,"date":"2024-02-08T22:52:06","date_gmt":"2024-02-08T21:52:06","guid":{"rendered":"https:\/\/one-horizon.ch\/product\/yoko-1-rouge-noir\/"},"modified":"2026-03-30T00:08:46","modified_gmt":"2026-03-29T22:08:46","slug":"yoko-1-red-black","status":"publish","type":"product","link":"https:\/\/one-horizon.ch\/fr\/product\/yoko-1-red-black\/","title":{"rendered":"Yoko 1 &#8211; rouge-noir"},"content":{"rendered":"<p>D\u00e9couvrez Yoko 1 &#8211; votre sac \u00e0 dos shopper polyvalent au quotidien, qui allie parfaitement style et fonctionnalit\u00e9. Avec un acc\u00e8s principal zipp\u00e9, deux poches, un compartiment pour ordinateur portable jusqu&#8217;\u00e0 15 pouces et un compartiment rembourr\u00e9 pour tablette, Yoko 1 est le compagnon id\u00e9al pour les d\u00e9placements.<\/p>\n<p>Yoko 1 n&#8217;est pas seulement un sac \u00e0 dos, c&#8217;est un design sobre, un shopper \u00e9l\u00e9gant, un sac \u00e0 dos business pratique et un must-have pour tous les jours. Un produit lifestyle de grande qualit\u00e9 et une id\u00e9e de cadeau tendance parfaite. Procurez-vous Yoko 1 d\u00e8s aujourd&#8217;hui et faites l&#8217;exp\u00e9rience du style et de la fonctionnalit\u00e9 r\u00e9unis.<\/p>\n<p><strong>Caract\u00e9ristiques<\/strong><\/p>\n<ul>\n<li>Dimensions : H43 x P12 x L34 cm<\/li>\n<li>litres : 17,0<\/li>\n<li>poids : 1,1 kg<\/li>\n<li>Sac \u00e0 dos shopper pour ordinateur portable<\/li>\n<li>Doublure : 100% coton r\u00e9sistant (fibre naturelle)<\/li>\n<li>Sangles : coton (fibres naturelles)<\/li>\n<li>Applications : cuir tann\u00e9 v\u00e9g\u00e9tal<\/li>\n<li>Housse ext\u00e9rieure : Canvas (fibre naturelle de coton), soft waxed (hydrofuge)<\/li>\n<li>1 poign\u00e9e en coton (fibre naturelle) avec application de cuir<\/li>\n<li>Bandouli\u00e8re : rembourr\u00e9e en toile (coton et fibres naturelles)<\/li>\n<li>Dos rembourr\u00e9<\/li>\n<li>Acc\u00e8s par fermeture \u00e9clair<\/li>\n<li>2 poches \u00e0 l&#8217;avant<\/li>\n<li>Raccords : m\u00e9tal<\/li>\n<li>Int\u00e9rieur : Compartiment pour ordinateur portable en toile, rembourr\u00e9, pouvant accueillir jusqu&#8217;\u00e0 15 pouces (36 x 29 cm)<\/li>\n<li>compartiment pour tablette en toile, pouvant accueillir jusqu&#8217;\u00e0 10,5 pouces<\/li>\n<li>2 poches en toile<\/li>\n<\/ul>\n","protected":false},"excerpt":{"rendered":"<p>Yoko 1 est un sac \u00e0 dos polyvalent pour tous les jours, qui allie style et fonctionnalit\u00e9. Comprend un acc\u00e8s principal zipp\u00e9, un compartiment pour ordinateur portable pouvant accueillir jusqu&#8217;\u00e0 15 pouces et un compartiment rembourr\u00e9 pour tablette. Id\u00e9al pour les d\u00e9placements, les affaires et l&#8217;utilisation quotidienne. H43 x P12 x L34 cm, 17,0 litres, 1,1 kg.<\/p>\n","protected":false},"featured_media":100137,"comment_status":"open","ping_status":"closed","template":"","meta":{"_acf_changed":false},"product_brand":[3019],"product_cat":[867],"product_tag":[],"class_list":{"0":"post-95327","1":"product","2":"type-product","3":"status-publish","4":"has-post-thumbnail","6":"product_brand-margelisch","7":"product_cat-sacs-a-dos","8":"product_shipping_class-colis-jusqua-2-kg","10":"first","11":"onbackorder","12":"taxable","13":"shipping-taxable","14":"purchasable","15":"product-type-simple"},"acf":[],"_links":{"self":[{"href":"https:\/\/one-horizon.ch\/fr\/wp-json\/wp\/v2\/product\/95327","targetHints":{"allow":["GET"]}}],"collection":[{"href":"https:\/\/one-horizon.ch\/fr\/wp-json\/wp\/v2\/product"}],"about":[{"href":"https:\/\/one-horizon.ch\/fr\/wp-json\/wp\/v2\/types\/product"}],"replies":[{"embeddable":true,"href":"https:\/\/one-horizon.ch\/fr\/wp-json\/wp\/v2\/comments?post=95327"}],"wp:featuredmedia":[{"embeddable":true,"href":"https:\/\/one-horizon.ch\/fr\/wp-json\/wp\/v2\/media\/100137"}],"wp:attachment":[{"href":"https:\/\/one-horizon.ch\/fr\/wp-json\/wp\/v2\/media?parent=95327"}],"wp:term":[{"taxonomy":"product_brand","embeddable":true,"href":"https:\/\/one-horizon.ch\/fr\/wp-json\/wp\/v2\/product_brand?post=95327"},{"taxonomy":"product_cat","embeddable":true,"href":"https:\/\/one-horizon.ch\/fr\/wp-json\/wp\/v2\/product_cat?post=95327"},{"taxonomy":"product_tag","embeddable":true,"href":"https:\/\/one-horizon.ch\/fr\/wp-json\/wp\/v2\/product_tag?post=95327"}],"curies":[{"name":"wp","href":"https:\/\/api.w.org\/{rel}","templated":true}]}}