{"id":95348,"date":"2024-02-08T22:52:07","date_gmt":"2024-02-08T21:52:07","guid":{"rendered":"https:\/\/one-horizon.ch\/product\/diffuseur-beton-verveine-feuille-de-figuier\/"},"modified":"2026-03-30T00:08:25","modified_gmt":"2026-03-29T22:08:25","slug":"diffuseur-en-beton-verveine-feuille-de-figuier","status":"publish","type":"product","link":"https:\/\/one-horizon.ch\/fr\/product\/diffuseur-en-beton-verveine-feuille-de-figuier\/","title":{"rendered":"Diffuseur b\u00e9ton verveine &amp; feuille de figuier"},"content":{"rendered":"<p>Notre diffuseur Verveine et figue est fabriqu\u00e9 \u00e0 partir de substances v\u00e9g\u00e9tales naturelles et d&#8217;huile parfum\u00e9e. Ce diffuseur conf\u00e8re \u00e0 votre int\u00e9rieur un m\u00e9lange \u00e9quilibr\u00e9 de verveine et de feuille de figuier pendant une p\u00e9riode pouvant aller jusqu&#8217;\u00e0 6 mois. Ce d\u00e9licieux parfum nous encourage \u00e0 prendre un temps d&#8217;arr\u00eat pour nous concentrer sur la pleine conscience.<\/p>\n<p><strong>Caract\u00e9ristiques<\/strong><\/p>\n<ul>\n<li>110 ml (jusqu&#8217;\u00e0 6 mois)<\/li>\n<li>Ingr\u00e9dients : 85% de solvant botanique naturel, 15% d&#8217;huile parfum\u00e9e<\/li>\n<li>Dimensions : H 25 cm x diam\u00e8tre 7,5 cm<\/li>\n<\/ul>\n","protected":false},"excerpt":{"rendered":"<p>Substances v\u00e9g\u00e9tales naturelles et huile parfum\u00e9e. Parfum jusqu&#8217;\u00e0 6 mois. M\u00e9lange \u00e9quilibr\u00e9 pour la pleine conscience. 110 ml, H25 cm x diam\u00e8tre 7,5 cm.<\/p>\n","protected":false},"featured_media":99942,"comment_status":"open","ping_status":"closed","template":"","meta":{"_acf_changed":false},"product_brand":[3118],"product_cat":[989],"product_tag":[],"class_list":{"0":"post-95348","1":"product","2":"type-product","3":"status-publish","4":"has-post-thumbnail","6":"product_brand-chickidee-homeware-ltd","7":"product_cat-bougies","8":"product_shipping_class-colis-jusqua-2-kg","10":"first","11":"outofstock","12":"taxable","13":"shipping-taxable","14":"purchasable","15":"product-type-simple"},"acf":[],"_links":{"self":[{"href":"https:\/\/one-horizon.ch\/fr\/wp-json\/wp\/v2\/product\/95348","targetHints":{"allow":["GET"]}}],"collection":[{"href":"https:\/\/one-horizon.ch\/fr\/wp-json\/wp\/v2\/product"}],"about":[{"href":"https:\/\/one-horizon.ch\/fr\/wp-json\/wp\/v2\/types\/product"}],"replies":[{"embeddable":true,"href":"https:\/\/one-horizon.ch\/fr\/wp-json\/wp\/v2\/comments?post=95348"}],"wp:featuredmedia":[{"embeddable":true,"href":"https:\/\/one-horizon.ch\/fr\/wp-json\/wp\/v2\/media\/99942"}],"wp:attachment":[{"href":"https:\/\/one-horizon.ch\/fr\/wp-json\/wp\/v2\/media?parent=95348"}],"wp:term":[{"taxonomy":"product_brand","embeddable":true,"href":"https:\/\/one-horizon.ch\/fr\/wp-json\/wp\/v2\/product_brand?post=95348"},{"taxonomy":"product_cat","embeddable":true,"href":"https:\/\/one-horizon.ch\/fr\/wp-json\/wp\/v2\/product_cat?post=95348"},{"taxonomy":"product_tag","embeddable":true,"href":"https:\/\/one-horizon.ch\/fr\/wp-json\/wp\/v2\/product_tag?post=95348"}],"curies":[{"name":"wp","href":"https:\/\/api.w.org\/{rel}","templated":true}]}}