{"id":95350,"date":"2024-02-08T22:52:07","date_gmt":"2024-02-08T21:52:07","guid":{"rendered":"https:\/\/one-horizon.ch\/product\/agal-7-2-m-grey-junglegreen-blue\/"},"modified":"2026-03-30T00:08:37","modified_gmt":"2026-03-29T22:08:37","slug":"agal-7-2-m-grey-junglegreen-blue","status":"publish","type":"product","link":"https:\/\/one-horizon.ch\/fr\/product\/agal-7-2-m-grey-junglegreen-blue\/","title":{"rendered":"Agal 7.2 M &#8211; grey-junglegreen-blue"},"content":{"rendered":"<p>Le sac \u00e0 dos pour ordinateur portable Agal 7.2 M est fabriqu\u00e9 en polyester RPET recycl\u00e9 et en b\u00e2che de bateau, ce qui le rend \u00e0 la fois \u00e9cologique et robuste. Ce sac \u00e0 dos est polyvalent et peut servir de sac \u00e0 dos de sport, de bagage \u00e0 main pour les voyages en avion, de sac \u00e0 dos hebdomadaire et de compagnon pour le quotidien au bureau.<\/p>\n<p>L&#8217;Agal 7.2 M dispose d&#8217;un deuxi\u00e8me acc\u00e8s zipp\u00e9 qui permet d&#8217;acc\u00e9der rapidement aux compartiments pour ordinateur portable, tablette et t\u00e9l\u00e9phone portable, ce qui facilite l&#8217;organisation de tes appareils \u00e9lectroniques. Avec ses nombreuses poches int\u00e9rieures et ext\u00e9rieures, il offre suffisamment d&#8217;espace pour un rangement ordonn\u00e9.<\/p>\n<p>&nbsp;<\/p>\n<p>Son design minimaliste allie fonctionnalit\u00e9 et durabilit\u00e9 et fait une d\u00e9claration en mati\u00e8re de mode. Le sac \u00e0 dos pour ordinateur portable Agal 7.2 M est un choix pratique et \u00e9l\u00e9gant qui souligne l&#8217;importance des produits lifestyle de qualit\u00e9 et des id\u00e9es de cadeaux tendance pour diff\u00e9rentes occasions. Bienvenue dans un monde d&#8217;utilit\u00e9 et de durabilit\u00e9.<\/p>\n<p>&nbsp;<\/p>\n<p><strong>Caract\u00e9ristiques<\/strong><\/p>\n<ul>\n<li>Taille : H40 x P12 x L27cm<\/li>\n<li>Litres : 13.0<\/li>\n<li>Poids : 1.1kg<\/li>\n<li>Classeur DIN A4 grand format (Cabin-Baggage)<\/li>\n<li>\u00e0 l&#8217;ext\u00e9rieur : Poche zipp\u00e9e \u00e0 l&#8217;avant<\/li>\n<li>Int\u00e9rieur : 2 poches<\/li>\n<li>compartiment pour ordinateur portable 15&#8243; rembourr\u00e9 (format vertical) et compartiment pour tablette 10,5&#8243; rembourr\u00e9<\/li>\n<li>Extras : 2 poign\u00e9es sur le dessus, 1 poign\u00e9e sur le c\u00f4t\u00e9<\/li>\n<li>Sangles d&#8217;\u00e9paule flexibles gr\u00e2ce au syst\u00e8me d&#8217;anneaux en D<\/li>\n<li>entr\u00e9e frontale du sac et entr\u00e9e s\u00e9par\u00e9e du compartiment pour ordinateur portable<\/li>\n<li>Applications : cuir tann\u00e9 \u00e0 l&#8217;aide de plantes<\/li>\n<\/ul>\n","protected":false},"excerpt":{"rendered":"<p>Le sac \u00e0 dos pour ordinateur portable Agal 7.2 M en polyester recycl\u00e9 RPET et b\u00e2che de bateau est \u00e9cologique et robuste. Polyvalent, il peut \u00eatre utilis\u00e9 comme sac \u00e0 dos de sport, bagage \u00e0 main, sac \u00e0 dos hebdomadaire et pour le travail quotidien au bureau. Avec un deuxi\u00e8me acc\u00e8s zipp\u00e9 pour un acc\u00e8s rapide aux appareils \u00e9lectroniques.<\/p>\n","protected":false},"featured_media":99629,"comment_status":"open","ping_status":"closed","template":"","meta":{"_acf_changed":false},"product_brand":[2984],"product_cat":[867],"product_tag":[],"class_list":{"0":"post-95350","1":"product","2":"type-product","3":"status-publish","4":"has-post-thumbnail","6":"product_brand-7clouds","7":"product_cat-sacs-a-dos","8":"product_shipping_class-colis-jusqua-2-kg","10":"first","11":"outofstock","12":"taxable","13":"shipping-taxable","14":"purchasable","15":"product-type-simple"},"acf":[],"_links":{"self":[{"href":"https:\/\/one-horizon.ch\/fr\/wp-json\/wp\/v2\/product\/95350","targetHints":{"allow":["GET"]}}],"collection":[{"href":"https:\/\/one-horizon.ch\/fr\/wp-json\/wp\/v2\/product"}],"about":[{"href":"https:\/\/one-horizon.ch\/fr\/wp-json\/wp\/v2\/types\/product"}],"replies":[{"embeddable":true,"href":"https:\/\/one-horizon.ch\/fr\/wp-json\/wp\/v2\/comments?post=95350"}],"wp:featuredmedia":[{"embeddable":true,"href":"https:\/\/one-horizon.ch\/fr\/wp-json\/wp\/v2\/media\/99629"}],"wp:attachment":[{"href":"https:\/\/one-horizon.ch\/fr\/wp-json\/wp\/v2\/media?parent=95350"}],"wp:term":[{"taxonomy":"product_brand","embeddable":true,"href":"https:\/\/one-horizon.ch\/fr\/wp-json\/wp\/v2\/product_brand?post=95350"},{"taxonomy":"product_cat","embeddable":true,"href":"https:\/\/one-horizon.ch\/fr\/wp-json\/wp\/v2\/product_cat?post=95350"},{"taxonomy":"product_tag","embeddable":true,"href":"https:\/\/one-horizon.ch\/fr\/wp-json\/wp\/v2\/product_tag?post=95350"}],"curies":[{"name":"wp","href":"https:\/\/api.w.org\/{rel}","templated":true}]}}