{"id":95352,"date":"2024-02-08T22:51:42","date_gmt":"2024-02-08T21:51:42","guid":{"rendered":"https:\/\/one-horizon.ch\/product\/grille-petite-boite-de-rangement\/"},"modified":"2026-03-30T00:09:17","modified_gmt":"2026-03-29T22:09:17","slug":"rouille-petite-boite-de-rangement","status":"publish","type":"product","link":"https:\/\/one-horizon.ch\/fr\/product\/rouille-petite-boite-de-rangement\/","title":{"rendered":"Grille petite bo\u00eete de rangement"},"content":{"rendered":"<p>Voici notre petite caisse de rangement grise et pliable en plastique recycl\u00e9. Nous adorons ces belles caisses, elles sont extr\u00eamement polyvalentes et disponibles en plusieurs couleurs.<\/p>\n<p>Ils sont super robustes, durables, pliables et empilables. La petite caisse est parfaite pour ranger les petits jouets des enfants, les serviettes de bain ou autres &#8211; juste quelques id\u00e9es pour vous.<\/p>\n<div id=\"simple-translate\" class=\"simple-translate-system-theme\">\n<div>\n<div class=\"simple-translate-button isShow\" style=\"height: 22px; width: 22px; top: 261px; left: 308px;\"><\/div>\n<div class=\"simple-translate-panel \" style=\"width: 300px; height: 200px; top: 0px; left: 0px; font-size: 13px;\">\n<div class=\"simple-translate-result-wrapper\" style=\"overflow: hidden;\">\n<div class=\"simple-translate-move\"><\/div>\n<div class=\"simple-translate-result-contents\">\n<p class=\"simple-translate-candidate\" dir=\"auto\">\n<\/div>\n<\/div>\n<\/div>\n<\/div>\n<\/div>\n","protected":false},"excerpt":{"rendered":"<p>Voici notre petite caisse de rangement grise et pliable en plastique recycl\u00e9. Nous adorons ces belles caisses, elles sont extr\u00eamement polyvalentes et disponibles en plusieurs couleurs. Ils sont super robustes, durables, pliables et empilables. La petite caisse est parfaite pour ranger les petits jouets des enfants, les serviettes de bain ou autres &#8211; juste quelques [&hellip;]<\/p>\n","protected":false},"featured_media":99683,"comment_status":"open","ping_status":"closed","template":"","meta":{"_acf_changed":false},"product_brand":[3118],"product_cat":[1302],"product_tag":[],"class_list":{"0":"post-95352","1":"product","2":"type-product","3":"status-publish","4":"has-post-thumbnail","6":"product_brand-chickidee-homeware-ltd","7":"product_cat-rangement","8":"product_shipping_class-colis-jusqua-2-kg","10":"first","11":"instock","12":"taxable","13":"shipping-taxable","14":"purchasable","15":"product-type-simple"},"acf":[],"_links":{"self":[{"href":"https:\/\/one-horizon.ch\/fr\/wp-json\/wp\/v2\/product\/95352","targetHints":{"allow":["GET"]}}],"collection":[{"href":"https:\/\/one-horizon.ch\/fr\/wp-json\/wp\/v2\/product"}],"about":[{"href":"https:\/\/one-horizon.ch\/fr\/wp-json\/wp\/v2\/types\/product"}],"replies":[{"embeddable":true,"href":"https:\/\/one-horizon.ch\/fr\/wp-json\/wp\/v2\/comments?post=95352"}],"wp:featuredmedia":[{"embeddable":true,"href":"https:\/\/one-horizon.ch\/fr\/wp-json\/wp\/v2\/media\/99683"}],"wp:attachment":[{"href":"https:\/\/one-horizon.ch\/fr\/wp-json\/wp\/v2\/media?parent=95352"}],"wp:term":[{"taxonomy":"product_brand","embeddable":true,"href":"https:\/\/one-horizon.ch\/fr\/wp-json\/wp\/v2\/product_brand?post=95352"},{"taxonomy":"product_cat","embeddable":true,"href":"https:\/\/one-horizon.ch\/fr\/wp-json\/wp\/v2\/product_cat?post=95352"},{"taxonomy":"product_tag","embeddable":true,"href":"https:\/\/one-horizon.ch\/fr\/wp-json\/wp\/v2\/product_tag?post=95352"}],"curies":[{"name":"wp","href":"https:\/\/api.w.org\/{rel}","templated":true}]}}