{"id":95359,"date":"2024-02-08T22:51:44","date_gmt":"2024-02-08T21:51:44","guid":{"rendered":"https:\/\/one-horizon.ch\/product\/gobelet-coeur\/"},"modified":"2026-03-30T00:08:50","modified_gmt":"2026-03-29T22:08:50","slug":"coupe-hibou-coeur","status":"publish","type":"product","link":"https:\/\/one-horizon.ch\/fr\/product\/coupe-hibou-coeur\/","title":{"rendered":"Gobelet &#8211; Coeur"},"content":{"rendered":"<p>Le gobelet Eulenschnitt Herz est un produit unique et exclusif qui se distingue par son design individuel et son travail manuel minutieux. Cr\u00e9\u00e9 en collaboration avec une poterie portugaise de renom, ce gobelet s\u00e9duit par sa forme particuli\u00e8re, son argile, son gla\u00e7age et son design. Chaque gobelet a \u00e9t\u00e9 fabriqu\u00e9 \u00e0 la main et est donc unique &#8211; un compagnon extraordinaire pour votre voyage cr\u00e9atif.<\/p>\n<p>La particularit\u00e9 de ce gobelet est sa fabrication complexe. Chaque gobelet est fa\u00e7onn\u00e9 \u00e0 la main, cuit, estamp\u00e9, ponc\u00e9, glac\u00e9 et cuit \u00e0 nouveau. Il en r\u00e9sulte des diff\u00e9rences dans la profondeur d&#8217;impression, la hauteur et la rectitude, qui conf\u00e8rent \u00e0 chaque gobelet un style individuel. Le design minimaliste et les nuances de couleurs naturelles sont compl\u00e9t\u00e9s par un magnifique gaufrage \u00e0 froid en forme de c\u0153ur.<\/p>\n<\/p>\n<p>Cette collection exclusive de coupes \u00e0 la chouette va vous enthousiasmer et nous sommes heureux de pouvoir vous proposer ces gobelets de grande qualit\u00e9.<\/p>\n<p>Le gobelet Eulenschnitt Herz n&#8217;est pas seulement un accessoire pratique pour le quotidien, c&#8217;est aussi un v\u00e9ritable atout design qui enrichira votre cuisine ou votre salon.<\/p>\n<p>Laissez-vous convaincre par la qualit\u00e9 et le caract\u00e8re unique de ce produit.<\/p>\n","protected":false},"excerpt":{"rendered":"<p>Tasse coup\u00e9e \u00e0 la hibou, fabriqu\u00e9e \u00e0 la main au Portugal, design unique, forme individuelle, nuances de couleurs naturelles, estampage \u00e0 froid en forme de c\u0153ur, cadeau parfait.<\/p>\n","protected":false},"featured_media":72237,"comment_status":"open","ping_status":"closed","template":"","meta":{"_acf_changed":false},"product_brand":[3004],"product_cat":[1280],"product_tag":[3359,3295],"class_list":{"0":"post-95359","1":"product","2":"type-product","3":"status-publish","4":"has-post-thumbnail","6":"product_brand-eulenschnitt","7":"product_cat-vaisselle","8":"product_tag-anniversaire","9":"product_tag-pour-vous","10":"product_shipping_class-colis-jusqua-2-kg","12":"first","13":"instock","14":"taxable","15":"shipping-taxable","16":"purchasable","17":"product-type-simple"},"acf":[],"_links":{"self":[{"href":"https:\/\/one-horizon.ch\/fr\/wp-json\/wp\/v2\/product\/95359","targetHints":{"allow":["GET"]}}],"collection":[{"href":"https:\/\/one-horizon.ch\/fr\/wp-json\/wp\/v2\/product"}],"about":[{"href":"https:\/\/one-horizon.ch\/fr\/wp-json\/wp\/v2\/types\/product"}],"replies":[{"embeddable":true,"href":"https:\/\/one-horizon.ch\/fr\/wp-json\/wp\/v2\/comments?post=95359"}],"wp:featuredmedia":[{"embeddable":true,"href":"https:\/\/one-horizon.ch\/fr\/wp-json\/wp\/v2\/media\/72237"}],"wp:attachment":[{"href":"https:\/\/one-horizon.ch\/fr\/wp-json\/wp\/v2\/media?parent=95359"}],"wp:term":[{"taxonomy":"product_brand","embeddable":true,"href":"https:\/\/one-horizon.ch\/fr\/wp-json\/wp\/v2\/product_brand?post=95359"},{"taxonomy":"product_cat","embeddable":true,"href":"https:\/\/one-horizon.ch\/fr\/wp-json\/wp\/v2\/product_cat?post=95359"},{"taxonomy":"product_tag","embeddable":true,"href":"https:\/\/one-horizon.ch\/fr\/wp-json\/wp\/v2\/product_tag?post=95359"}],"curies":[{"name":"wp","href":"https:\/\/api.w.org\/{rel}","templated":true}]}}