{"id":95364,"date":"2024-02-08T22:52:07","date_gmt":"2024-02-08T21:52:07","guid":{"rendered":"https:\/\/one-horizon.ch\/product\/savon-pour-les-mains\/"},"modified":"2026-04-07T23:04:23","modified_gmt":"2026-04-07T21:04:23","slug":"savon-pour-les-mains","status":"publish","type":"product","link":"https:\/\/one-horizon.ch\/fr\/product\/savon-pour-les-mains\/","title":{"rendered":"Savon pour les mains"},"content":{"rendered":"<p>Inspir\u00e9s par le parfum typique des herboristes de Dublin, nos lave-mains naturels \u00e0 la citronnelle et \u00e0 la bergamote ont \u00e9t\u00e9 con\u00e7us pour rendre les mains occup\u00e9es merveilleusement fra\u00eeches, propres et hydrat\u00e9es.<\/p>\n<p>Utilisation : Mouillez vos mains sous l&#8217;eau courante chaude et appuyez sur le distributeur pour faire couler le liquide. Faire mousser les mains, bien les nettoyer et les s\u00e9cher.<\/p>\n<p><strong>Caract\u00e9ristiques<\/strong><\/p>\n<ul>\n<li>250 ml<\/li>\n<li>Vegan<\/li>\n<li>Carton biod\u00e9gradable<\/li>\n<li>Bouteille en verre brun<\/li>\n<\/ul>\n<p>Fabriqu\u00e9 en Irlande<\/p>\n","protected":false},"excerpt":{"rendered":"<p>Inspir\u00e9s par le parfum typique des herboristes de Dublin, nos lave-mains naturels \u00e0 la citronnelle et \u00e0 la bergamote ont \u00e9t\u00e9 con\u00e7us pour rendre les mains occup\u00e9es merveilleusement fra\u00eeches, propres et hydrat\u00e9es. Utilisation : Mouillez vos mains sous l&#8217;eau courante chaude et appuyez sur le distributeur pour faire couler le liquide. Faire mousser les mains, [&hellip;]<\/p>\n","protected":false},"featured_media":99599,"comment_status":"open","ping_status":"closed","template":"","meta":{"_acf_changed":false},"product_brand":[3002],"product_cat":[905],"product_tag":[3295],"class_list":{"0":"post-95364","1":"product","2":"type-product","3":"status-publish","4":"has-post-thumbnail","6":"product_brand-dublin-herbalists","7":"product_cat-produits-de-soins","8":"product_tag-pour-vous","9":"product_shipping_class-colis-jusqua-2-kg","11":"first","12":"outofstock","13":"taxable","14":"shipping-taxable","15":"purchasable","16":"product-type-simple"},"acf":[],"_links":{"self":[{"href":"https:\/\/one-horizon.ch\/fr\/wp-json\/wp\/v2\/product\/95364","targetHints":{"allow":["GET"]}}],"collection":[{"href":"https:\/\/one-horizon.ch\/fr\/wp-json\/wp\/v2\/product"}],"about":[{"href":"https:\/\/one-horizon.ch\/fr\/wp-json\/wp\/v2\/types\/product"}],"replies":[{"embeddable":true,"href":"https:\/\/one-horizon.ch\/fr\/wp-json\/wp\/v2\/comments?post=95364"}],"wp:featuredmedia":[{"embeddable":true,"href":"https:\/\/one-horizon.ch\/fr\/wp-json\/wp\/v2\/media\/99599"}],"wp:attachment":[{"href":"https:\/\/one-horizon.ch\/fr\/wp-json\/wp\/v2\/media?parent=95364"}],"wp:term":[{"taxonomy":"product_brand","embeddable":true,"href":"https:\/\/one-horizon.ch\/fr\/wp-json\/wp\/v2\/product_brand?post=95364"},{"taxonomy":"product_cat","embeddable":true,"href":"https:\/\/one-horizon.ch\/fr\/wp-json\/wp\/v2\/product_cat?post=95364"},{"taxonomy":"product_tag","embeddable":true,"href":"https:\/\/one-horizon.ch\/fr\/wp-json\/wp\/v2\/product_tag?post=95364"}],"curies":[{"name":"wp","href":"https:\/\/api.w.org\/{rel}","templated":true}]}}