{"id":95367,"date":"2024-02-08T22:52:06","date_gmt":"2024-02-08T21:52:06","guid":{"rendered":"https:\/\/one-horizon.ch\/product\/housse-en-silicone-memobottle-a6-noir\/"},"modified":"2026-04-29T10:37:46","modified_gmt":"2026-04-29T08:37:46","slug":"memobottle-a6-case-noir","status":"publish","type":"product","link":"https:\/\/one-horizon.ch\/fr\/product\/memobottle-a6-case-noir\/","title":{"rendered":"Housse en silicone Memobottle A6 Noir"},"content":{"rendered":"<p>La housse en silicone memobottle donne de la personnalit\u00e9 \u00e0 votre memobottle tout en le prot\u00e9geant des petits chocs. Avec une surface lisse et mate et une isolation thermique suppl\u00e9mentaire, ils sont l&#8217;exemple parfait de la rencontre entre la forme et la fonction. La housse en silicone s&#8217;adapte comme un gant au Memobottle.<\/p>\n<p>Protection contre les chutes, Isolation thermique, Non toxique<\/p>\n","protected":false},"excerpt":{"rendered":"<p>La housse en silicone pour Memobottle A6 en noir &#8211; prot\u00e8ge votre bouteille des chocs, isole de la chaleur et s&#8217;adapte parfaitement gr\u00e2ce \u00e0 un ajustement au millim\u00e8tre pr\u00e8s. Surface mate, non toxique et ind\u00e9formable &#8211; une protection \u00e9l\u00e9gante pour votre quotidien. <\/p>\n","protected":false},"featured_media":72277,"comment_status":"open","ping_status":"closed","template":"","meta":{"_acf_changed":false},"product_brand":[3022],"product_cat":[849],"product_tag":[3292,3295,3296],"class_list":{"0":"post-95367","1":"product","2":"type-product","3":"status-publish","4":"has-post-thumbnail","6":"product_brand-memobottle","7":"product_cat-gourdes","8":"product_tag-pour-lui","9":"product_tag-pour-vous","10":"product_tag-reutilisable","11":"product_shipping_class-colis-jusqua-2-kg","13":"first","14":"instock","15":"sale","16":"taxable","17":"shipping-taxable","18":"purchasable","19":"product-type-simple"},"acf":[],"_links":{"self":[{"href":"https:\/\/one-horizon.ch\/fr\/wp-json\/wp\/v2\/product\/95367","targetHints":{"allow":["GET"]}}],"collection":[{"href":"https:\/\/one-horizon.ch\/fr\/wp-json\/wp\/v2\/product"}],"about":[{"href":"https:\/\/one-horizon.ch\/fr\/wp-json\/wp\/v2\/types\/product"}],"replies":[{"embeddable":true,"href":"https:\/\/one-horizon.ch\/fr\/wp-json\/wp\/v2\/comments?post=95367"}],"wp:featuredmedia":[{"embeddable":true,"href":"https:\/\/one-horizon.ch\/fr\/wp-json\/wp\/v2\/media\/72277"}],"wp:attachment":[{"href":"https:\/\/one-horizon.ch\/fr\/wp-json\/wp\/v2\/media?parent=95367"}],"wp:term":[{"taxonomy":"product_brand","embeddable":true,"href":"https:\/\/one-horizon.ch\/fr\/wp-json\/wp\/v2\/product_brand?post=95367"},{"taxonomy":"product_cat","embeddable":true,"href":"https:\/\/one-horizon.ch\/fr\/wp-json\/wp\/v2\/product_cat?post=95367"},{"taxonomy":"product_tag","embeddable":true,"href":"https:\/\/one-horizon.ch\/fr\/wp-json\/wp\/v2\/product_tag?post=95367"}],"curies":[{"name":"wp","href":"https:\/\/api.w.org\/{rel}","templated":true}]}}