{"id":95369,"date":"2024-02-08T22:51:43","date_gmt":"2024-02-08T21:51:43","guid":{"rendered":"https:\/\/one-horizon.ch\/product\/nusin-7-1-bleu\/"},"modified":"2026-03-30T00:09:02","modified_gmt":"2026-03-29T22:09:02","slug":"nusin-7-1-blue","status":"publish","type":"product","link":"https:\/\/one-horizon.ch\/fr\/product\/nusin-7-1-blue\/","title":{"rendered":"Nusin 7.1 &#8211; bleu"},"content":{"rendered":"<p>Laissez le sac \u00e0 dos Nusin 7.1 Shopper \u00e9gayer votre quotidien &#8211; un sac \u00e0 dos pour ordinateur portable pour femme qui assure une \u00e9l\u00e9gance styl\u00e9e.<\/p>\n<\/p>\n<p>Le Nusin 7.1 s\u00e9duit par son design \u00e0 la fois sobre et raffin\u00e9. Il incarne la praticit\u00e9, la fonctionnalit\u00e9 et la durabilit\u00e9 dans un m\u00e9lange hydrofuge de b\u00e2che de bateau et de polyester recycl\u00e9 RPET.<\/p>\n<\/p>\n<p>Commandez d\u00e8s aujourd&#8217;hui le Nusin 7.1 et ajoutez une touche de sophistication \u00e0 votre quotidien.<\/p>\n<\/p>\n<p><strong>Caract\u00e9ristiques<\/strong><\/p>\n<ul>\n<li>Taille : H36 x P14 x L34cm<\/li>\n<li>Litres : 17.0<\/li>\n<li>poids : 0.9kg<\/li>\n<li>Ext\u00e9rieur : poche avant<\/li>\n<li>fermeture \u00e9clair vers l&#8217;int\u00e9rieur du sac \u00e0 dos<\/li>\n<li>Int\u00e9rieur : 2 poches<\/li>\n<li>Compartiment pour ordinateur portable 14&#8243; rembourr\u00e9 (format vertical) et compartiment pour tablette 10,5&#8243; rembourr\u00e9<\/li>\n<li>1 poign\u00e9e<\/li>\n<li>bretelles r\u00e9glables<\/li>\n<\/ul>\n","protected":false},"excerpt":{"rendered":"<p>Laissez le sac \u00e0 dos Nusin 7.1 Shopper \u00e9gayer votre quotidien &#8211; un sac \u00e0 dos pour ordinateur portable pour femme qui assure une \u00e9l\u00e9gance styl\u00e9e. Le Nusin 7.1 s\u00e9duit par son design \u00e0 la fois sobre et raffin\u00e9. Il incarne la praticit\u00e9, la fonctionnalit\u00e9 et la durabilit\u00e9 dans un m\u00e9lange hydrofuge de b\u00e2che de [&hellip;]<\/p>\n","protected":false},"featured_media":72097,"comment_status":"open","ping_status":"closed","template":"","meta":{"_acf_changed":false},"product_brand":[2984],"product_cat":[867],"product_tag":[],"class_list":{"0":"post-95369","1":"product","2":"type-product","3":"status-publish","4":"has-post-thumbnail","6":"product_brand-7clouds","7":"product_cat-sacs-a-dos","8":"product_shipping_class-colis-jusqua-2-kg","10":"first","11":"onbackorder","12":"taxable","13":"shipping-taxable","14":"purchasable","15":"product-type-simple"},"acf":[],"_links":{"self":[{"href":"https:\/\/one-horizon.ch\/fr\/wp-json\/wp\/v2\/product\/95369","targetHints":{"allow":["GET"]}}],"collection":[{"href":"https:\/\/one-horizon.ch\/fr\/wp-json\/wp\/v2\/product"}],"about":[{"href":"https:\/\/one-horizon.ch\/fr\/wp-json\/wp\/v2\/types\/product"}],"replies":[{"embeddable":true,"href":"https:\/\/one-horizon.ch\/fr\/wp-json\/wp\/v2\/comments?post=95369"}],"wp:featuredmedia":[{"embeddable":true,"href":"https:\/\/one-horizon.ch\/fr\/wp-json\/wp\/v2\/media\/72097"}],"wp:attachment":[{"href":"https:\/\/one-horizon.ch\/fr\/wp-json\/wp\/v2\/media?parent=95369"}],"wp:term":[{"taxonomy":"product_brand","embeddable":true,"href":"https:\/\/one-horizon.ch\/fr\/wp-json\/wp\/v2\/product_brand?post=95369"},{"taxonomy":"product_cat","embeddable":true,"href":"https:\/\/one-horizon.ch\/fr\/wp-json\/wp\/v2\/product_cat?post=95369"},{"taxonomy":"product_tag","embeddable":true,"href":"https:\/\/one-horizon.ch\/fr\/wp-json\/wp\/v2\/product_tag?post=95369"}],"curies":[{"name":"wp","href":"https:\/\/api.w.org\/{rel}","templated":true}]}}